{"id":6731,"date":"2023-11-13T14:44:04","date_gmt":"2023-11-13T14:44:04","guid":{"rendered":"https:\/\/odonnabhain-kenmare.com\/metier-de-cuisinier\/"},"modified":"2023-11-25T14:51:32","modified_gmt":"2023-11-25T14:51:32","slug":"metier-de-cuisinier","status":"publish","type":"page","link":"https:\/\/odonnabhain-kenmare.com\/fr\/metier-de-cuisinier\/","title":{"rendered":"m\u00e9tier de cuisinier"},"content":{"rendered":"\t\t<div data-elementor-type=\"wp-page\" data-elementor-id=\"6731\" class=\"elementor elementor-6731 elementor-6725\" data-elementor-post-type=\"page\">\n\t\t\t\t\t\t<section class=\"elementor-section elementor-top-section elementor-element elementor-element-7039f35 elementor-section-boxed elementor-section-height-default elementor-section-height-default\" data-id=\"7039f35\" data-element_type=\"section\" data-e-type=\"section\">\n\t\t\t\t\t\t<div class=\"elementor-container elementor-column-gap-default\">\n\t\t\t\t\t<div class=\"elementor-column elementor-col-100 elementor-top-column elementor-element elementor-element-0649f1e\" data-id=\"0649f1e\" data-element_type=\"column\" data-e-type=\"column\">\n\t\t\t<div class=\"elementor-widget-wrap elementor-element-populated\">\n\t\t\t\t\t\t<div class=\"elementor-element elementor-element-30baa60 elementor-widget elementor-widget-text-editor\" data-id=\"30baa60\" data-element_type=\"widget\" data-e-type=\"widget\" data-widget_type=\"text-editor.default\">\n\t\t\t\t<div class=\"elementor-widget-container\">\n\t\t\t\t\t\t\t\t\t<div class=\"jd-section-employer\">\n<div class=\"jd-description-text\">\n<h1 style=\"text-align: center;\"><strong>Rejoignez notre \u00e9quipe de cuisine<\/strong><\/h1>\n<p>O Donnabhains Bar & Guesthouse Ltd \/ num\u00e9ro d\u2019enregistrement 6370867N cherche \u00e0 recruter un sous chef, 2 chefs de partie et 2 commis chefs pour travailler dans notre \u00e9tablissement O Donnabhains Bar & Guesthouse, 10 Henry Street , Kenmare , Co Kerry www.odonnabhain-kenmare.com<\/p>\n<p>Le sous-chef : travailler et superviser la pr\u00e9paration des aliments dans les deux sections (chaude et froide) et veiller \u00e0 ce que les aliments soient livr\u00e9s \u00e0 temps, pr\u00e9par\u00e9s conform\u00e9ment \u00e0 la recette et que leur go\u00fbt et leur pr\u00e9sentation soient conformes aux normes \u00e9tablies.<\/p>\n<p>Le chef de partie doit travailler soit en section froide ( entr\u00e9es froides ) soit \u00e0 n\u2019importe quel poste de la section chaude ( entr\u00e9es chaudes, garniture, grill, friteuse, po\u00eale ou sauce ) et superviser la pr\u00e9paration de la mise en place dans sa section Le demis chef doit pr\u00e9parer la mise en place et aider \u00e0 la pr\u00e9paration du menu Les salaires bruts annuels minimums offerts : 39 k pour le sous chef , 33 k pour le chef de partie et 30 k pour le commis chef ; selon l\u2019exp\u00e9rience les salaires ; programme de travail de 39 heures\/semaine .<\/p>\n<p>Exp\u00e9rience requise : sous chef minimum 5 ans d\u2019exp\u00e9rience ; chef de partie minimum 3 ans d\u2019exp\u00e9rience en section froide ou chaude ; commis chef doit avoir minimum 2 ans d\u2019exp\u00e9rience ; Pour postuler, veuillez soumettre votre curriculum vitae par email info@odonnabhain-kenmare.com ; pour plus d\u2019informations, vous pouvez nous contacter par t\u00e9l\u00e9phone.<\/p>\n<\/div>\n<\/div>\n<div class=\"jd-section-job-type\">\n<p class=\"jd-description-text\">Types d\u2019emplois : Temps plein, Permanent<\/p>\n<\/div>\n<div class=\"jd-section-job-salary\">\n<p class=\"jd-description-text\">Salaire : 14,95 \u20ac \u2013 19,00 \u20ac par heure<\/p>\n<\/div>\n\t\t\t\t\t\t\t\t<\/div>\n\t\t\t\t<\/div>\n\t\t\t\t\t<\/div>\n\t\t<\/div>\n\t\t\t\t\t<\/div>\n\t\t<\/section>\n\t\t\t\t<section class=\"elementor-section elementor-top-section elementor-element elementor-element-4770788 elementor-section-boxed elementor-section-height-default elementor-section-height-default\" data-id=\"4770788\" data-element_type=\"section\" data-e-type=\"section\">\n\t\t\t\t\t\t<div class=\"elementor-container elementor-column-gap-default\">\n\t\t\t\t\t<div class=\"elementor-column elementor-col-100 elementor-top-column elementor-element elementor-element-190a024\" data-id=\"190a024\" data-element_type=\"column\" data-e-type=\"column\">\n\t\t\t<div class=\"elementor-widget-wrap elementor-element-populated\">\n\t\t\t\t\t\t<div class=\"elementor-element elementor-element-6687858 elementor-widget elementor-widget-text-editor\" data-id=\"6687858\" data-element_type=\"widget\" data-e-type=\"widget\" data-widget_type=\"text-editor.default\">\n\t\t\t\t<div class=\"elementor-widget-container\">\n\t\t\t\t\t\t\t\t\t<p style=\"text-align: center;\"><b>Vous trouverez ci-dessous les postes que nous avons actuellement \u00e0 pourvoir. Cliquez sur le poste ou l\u2019emploi qui vous int\u00e9resse. Si vous avez lu la description du poste et que vous souhaitez poser votre candidature, remplissez vos coordonn\u00e9es, posez votre candidature, et nous vous recontacterons.<\/b><\/p>\n\t\t\t\t\t\t\t\t<\/div>\n\t\t\t\t<\/div>\n\t\t\t\t\t<\/div>\n\t\t<\/div>\n\t\t\t\t\t<\/div>\n\t\t<\/section>\n\t\t\t\t<section class=\"elementor-section elementor-top-section elementor-element elementor-element-482389d elementor-section-boxed elementor-section-height-default elementor-section-height-default\" data-id=\"482389d\" data-element_type=\"section\" data-e-type=\"section\">\n\t\t\t\t\t\t<div class=\"elementor-container elementor-column-gap-default\">\n\t\t\t\t\t<div class=\"elementor-column elementor-col-100 elementor-top-column elementor-element elementor-element-7143ca4\" data-id=\"7143ca4\" data-element_type=\"column\" data-e-type=\"column\">\n\t\t\t<div class=\"elementor-widget-wrap elementor-element-populated\">\n\t\t\t\t\t\t<div class=\"elementor-element elementor-element-33a271c elementor-widget elementor-widget-text-editor\" data-id=\"33a271c\" data-element_type=\"widget\" data-e-type=\"widget\" data-widget_type=\"text-editor.default\">\n\t\t\t\t<div class=\"elementor-widget-container\">\n\t\t\t\t\t\t\t\t\t<p><script type=\"text\/javascript\" src=\"https:\/\/login.hirelocker.com\/o-donnabhain-kenmare\/getlocationwidget\"><\/script><script type=\"text\/javascript\" charset=\"utf-8\">function getParam(name){name=name.replace(\/[\\[]\/,\"\\\\\\[\").replace(\/[\\]]\/,\"\\\\\\]\");var regexS=\"[\\\\?&]\"+name+\"=([^&#]*)\";var regex=new RegExp(regexS);var results=regex.exec(window.location.href);if(results==null)return\"\";else return results[1];}function updateIFrame(height){height = height*1;height = height + 30;var iframe=document.getElementById('jobs_iframe');iframe.setAttribute('height',height);}var height=getParam('height');if(height==\"\"){var hirelocker_options={};hirelocker_options.display=\"iframe\";hirelocker_options.company=\"o-donnabhain-kenmare\";hirelocker_options.placement=\"left\";hirelocker_options.type=\"widget\";hirelocker_options.color=\"#222\";hirelocker_options.style=\"idea\";hirelocker_options.url=document.URL;var hirelocker_widget=new HIRELOCKER.jobs_widget(hirelocker_options);}else{window.top.updateIFrame(height);}<\/script><\/p>\n\t\t\t\t\t\t\t\t<\/div>\n\t\t\t\t<\/div>\n\t\t\t\t<section class=\"elementor-section elementor-inner-section elementor-element elementor-element-15c4eb8 elementor-section-boxed elementor-section-height-default elementor-section-height-default\" data-id=\"15c4eb8\" data-element_type=\"section\" data-e-type=\"section\">\n\t\t\t\t\t\t<div class=\"elementor-container elementor-column-gap-default\">\n\t\t\t\t\t<div class=\"elementor-column elementor-col-50 elementor-inner-column elementor-element elementor-element-92a2394\" data-id=\"92a2394\" data-element_type=\"column\" data-e-type=\"column\">\n\t\t\t<div class=\"elementor-widget-wrap\">\n\t\t\t\t\t\t\t<\/div>\n\t\t<\/div>\n\t\t\t\t<div class=\"elementor-column elementor-col-50 elementor-inner-column elementor-element elementor-element-785ec10\" data-id=\"785ec10\" data-element_type=\"column\" data-e-type=\"column\">\n\t\t\t<div class=\"elementor-widget-wrap\">\n\t\t\t\t\t\t\t<\/div>\n\t\t<\/div>\n\t\t\t\t\t<\/div>\n\t\t<\/section>\n\t\t\t\t\t<\/div>\n\t\t<\/div>\n\t\t\t\t\t<\/div>\n\t\t<\/section>\n\t\t\t\t<\/div>\n\t\t","protected":false},"excerpt":{"rendered":"<p>Rejoignez notre \u00e9quipe de cuisine O Donnabhains Bar &#038; Guesthouse Ltd \/ num\u00e9ro d\u2019enregistrement 6370867N cherche \u00e0 recruter un sous chef, 2 chefs de partie et 2 commis chefs pour travailler dans notre \u00e9tablissement O Donnabhains Bar &#038; Guesthouse, 10 Henry Street , Kenmare , Co Kerry www.odonnabhain-kenmare.com Le sous-chef : travailler et superviser la [&hellip;]<\/p>\n","protected":false},"author":1,"featured_media":0,"parent":0,"menu_order":0,"comment_status":"closed","ping_status":"closed","template":"","meta":{"_acf_changed":false,"_monsterinsights_skip_tracking":false,"_monsterinsights_sitenote_active":false,"_monsterinsights_sitenote_note":"","_monsterinsights_sitenote_category":0,"_uf_show_specific_survey":0,"_uf_disable_surveys":false,"footnotes":""},"class_list":["post-6731","page","type-page","status-publish","hentry"],"acf":[],"aioseo_notices":[],"_links":{"self":[{"href":"https:\/\/odonnabhain-kenmare.com\/fr\/wp-json\/wp\/v2\/pages\/6731","targetHints":{"allow":["GET"]}}],"collection":[{"href":"https:\/\/odonnabhain-kenmare.com\/fr\/wp-json\/wp\/v2\/pages"}],"about":[{"href":"https:\/\/odonnabhain-kenmare.com\/fr\/wp-json\/wp\/v2\/types\/page"}],"author":[{"embeddable":true,"href":"https:\/\/odonnabhain-kenmare.com\/fr\/wp-json\/wp\/v2\/users\/1"}],"replies":[{"embeddable":true,"href":"https:\/\/odonnabhain-kenmare.com\/fr\/wp-json\/wp\/v2\/comments?post=6731"}],"version-history":[{"count":7,"href":"https:\/\/odonnabhain-kenmare.com\/fr\/wp-json\/wp\/v2\/pages\/6731\/revisions"}],"predecessor-version":[{"id":6785,"href":"https:\/\/odonnabhain-kenmare.com\/fr\/wp-json\/wp\/v2\/pages\/6731\/revisions\/6785"}],"wp:attachment":[{"href":"https:\/\/odonnabhain-kenmare.com\/fr\/wp-json\/wp\/v2\/media?parent=6731"}],"curies":[{"name":"wp","href":"https:\/\/api.w.org\/{rel}","templated":true}]}}