{"id":6469,"date":"2023-05-15T10:25:53","date_gmt":"2023-05-15T10:25:53","guid":{"rendered":"https:\/\/odonnabhain-kenmare.com\/a-propos\/"},"modified":"2023-05-15T10:25:54","modified_gmt":"2023-05-15T10:25:54","slug":"a-propos","status":"publish","type":"page","link":"https:\/\/odonnabhain-kenmare.com\/fr\/a-propos\/","title":{"rendered":"\u00c0 propos"},"content":{"rendered":"\t\t<div data-elementor-type=\"wp-page\" data-elementor-id=\"6469\" class=\"elementor elementor-6469 elementor-72\" data-elementor-post-type=\"page\">\n\t\t\t\t\t\t<section class=\"elementor-section elementor-top-section elementor-element elementor-element-661e568c elementor-section-full_width elementor-section-stretched elementor-section-height-default elementor-section-height-default elementor-invisible\" data-id=\"661e568c\" data-element_type=\"section\" data-e-type=\"section\" data-settings=\"{&quot;stretch_section&quot;:&quot;section-stretched&quot;,&quot;background_background&quot;:&quot;classic&quot;,&quot;animation&quot;:&quot;fadeIn&quot;}\">\n\t\t\t\t\t\t\t<div class=\"elementor-background-overlay\"><\/div>\n\t\t\t\t\t\t\t<div class=\"elementor-container elementor-column-gap-default\">\n\t\t\t\t\t<div class=\"elementor-column elementor-col-100 elementor-top-column elementor-element elementor-element-4a4d5cb7 elementor-invisible\" data-id=\"4a4d5cb7\" data-element_type=\"column\" data-e-type=\"column\" data-settings=\"{&quot;animation&quot;:&quot;fadeIn&quot;}\">\n\t\t\t<div class=\"elementor-widget-wrap elementor-element-populated\">\n\t\t\t\t\t\t<div class=\"elementor-element elementor-element-5d422389 elementor-widget elementor-widget-heading\" data-id=\"5d422389\" data-element_type=\"widget\" data-e-type=\"widget\" data-widget_type=\"heading.default\">\n\t\t\t\t<div class=\"elementor-widget-container\">\n\t\t\t\t\t<h2 class=\"elementor-heading-title elementor-size-default\">\u00c0 PROPOS DE NOUS<\/h2>\t\t\t\t<\/div>\n\t\t\t\t<\/div>\n\t\t\t\t\t<\/div>\n\t\t<\/div>\n\t\t\t\t\t<\/div>\n\t\t<\/section>\n\t\t\t\t<section class=\"elementor-section elementor-top-section elementor-element elementor-element-3c07e4e3 elementor-section-full_width elementor-section-stretched elementor-section-height-default elementor-section-height-default elementor-invisible\" data-id=\"3c07e4e3\" data-element_type=\"section\" data-e-type=\"section\" data-settings=\"{&quot;stretch_section&quot;:&quot;section-stretched&quot;,&quot;animation&quot;:&quot;fadeIn&quot;,&quot;background_background&quot;:&quot;classic&quot;}\">\n\t\t\t\t\t\t<div class=\"elementor-container elementor-column-gap-no\">\n\t\t\t\t\t<div class=\"elementor-column elementor-col-100 elementor-top-column elementor-element elementor-element-74a16c64\" data-id=\"74a16c64\" data-element_type=\"column\" data-e-type=\"column\">\n\t\t\t<div class=\"elementor-widget-wrap elementor-element-populated\">\n\t\t\t\t\t\t<section class=\"elementor-section elementor-inner-section elementor-element elementor-element-61429269 elementor-section-full_width elementor-section-height-default elementor-section-height-default elementor-invisible\" data-id=\"61429269\" data-element_type=\"section\" data-e-type=\"section\" data-settings=\"{&quot;animation&quot;:&quot;fadeIn&quot;}\">\n\t\t\t\t\t\t<div class=\"elementor-container elementor-column-gap-no\">\n\t\t\t\t\t<div class=\"elementor-column elementor-col-50 elementor-inner-column elementor-element elementor-element-12ff09fd\" data-id=\"12ff09fd\" data-element_type=\"column\" data-e-type=\"column\">\n\t\t\t<div class=\"elementor-widget-wrap elementor-element-populated\">\n\t\t\t\t\t\t<div class=\"elementor-element elementor-element-5855d61 elementor-widget elementor-widget-text-editor\" data-id=\"5855d61\" data-element_type=\"widget\" data-e-type=\"widget\" data-widget_type=\"text-editor.default\">\n\t\t\t\t<div class=\"elementor-widget-container\">\n\t\t\t\t\t\t\t\t\t<h2 style=\"text-align: left;\">HELLO !<\/h2>\n<p>O\u2019Donnabhain\u2019s Townhouse Accommodation and Gastro Bar est un \u00e9tablissement familial situ\u00e9 au c\u0153ur de la ville de Kenmare.<\/p>\n<p>Jer et Vanessa Foley sont la troisi\u00e8me g\u00e9n\u00e9ration de leur famille \u00e0 accueillir des visiteurs \u00e0 Kerry. Jer a commenc\u00e9 \u00e0 travailler dans des bars lorsqu\u2019il \u00e9tait adolescent et, quelques ann\u00e9es plus tard, au milieu des ann\u00e9es 1990, il a achet\u00e9 le bar O\u2019Donnabhain\u2019s sur Henry Street. Parall\u00e8lement, Vanessa a travaill\u00e9 dans des restaurants irlandais et fran\u00e7ais r\u00e9put\u00e9s. Apr\u00e8s son retour \u00e0 Kenmare en 1996, le couple s\u2019est install\u00e9 et s\u2019est concentr\u00e9 sur la concr\u00e9tisation de sa passion pour l\u2019hospitalit\u00e9.<\/p>\n\t\t\t\t\t\t\t\t<\/div>\n\t\t\t\t<\/div>\n\t\t\t\t\t<\/div>\n\t\t<\/div>\n\t\t\t\t<div class=\"elementor-column elementor-col-50 elementor-inner-column elementor-element elementor-element-16918f1b\" data-id=\"16918f1b\" data-element_type=\"column\" data-e-type=\"column\" data-settings=\"{&quot;background_background&quot;:&quot;classic&quot;}\">\n\t\t\t<div class=\"elementor-widget-wrap elementor-element-populated\">\n\t\t\t\t\t\t<div class=\"elementor-element elementor-element-551c54b5 elementor-widget elementor-widget-spacer\" data-id=\"551c54b5\" data-element_type=\"widget\" data-e-type=\"widget\" data-widget_type=\"spacer.default\">\n\t\t\t\t<div class=\"elementor-widget-container\">\n\t\t\t\t\t\t\t<div class=\"elementor-spacer\">\n\t\t\t<div class=\"elementor-spacer-inner\"><\/div>\n\t\t<\/div>\n\t\t\t\t\t\t<\/div>\n\t\t\t\t<\/div>\n\t\t\t\t\t<\/div>\n\t\t<\/div>\n\t\t\t\t\t<\/div>\n\t\t<\/section>\n\t\t\t\t\t<\/div>\n\t\t<\/div>\n\t\t\t\t\t<\/div>\n\t\t<\/section>\n\t\t\t\t<section class=\"elementor-section elementor-top-section elementor-element elementor-element-75ba3b05 elementor-section-full_width elementor-section-stretched elementor-section-height-default elementor-section-height-default elementor-invisible\" data-id=\"75ba3b05\" data-element_type=\"section\" data-e-type=\"section\" data-settings=\"{&quot;stretch_section&quot;:&quot;section-stretched&quot;,&quot;animation&quot;:&quot;fadeIn&quot;,&quot;background_background&quot;:&quot;classic&quot;}\">\n\t\t\t\t\t\t<div class=\"elementor-container elementor-column-gap-default\">\n\t\t\t\t\t<div class=\"elementor-column elementor-col-100 elementor-top-column elementor-element elementor-element-4fb6912a\" data-id=\"4fb6912a\" data-element_type=\"column\" data-e-type=\"column\">\n\t\t\t<div class=\"elementor-widget-wrap elementor-element-populated\">\n\t\t\t\t\t\t<div class=\"elementor-element elementor-element-402e5e4b elementor-widget elementor-widget-heading\" data-id=\"402e5e4b\" data-element_type=\"widget\" data-e-type=\"widget\" data-widget_type=\"heading.default\">\n\t\t\t\t<div class=\"elementor-widget-container\">\n\t\t\t\t\t<h2 class=\"elementor-heading-title elementor-size-default\">\"Nos ann\u00e9es d'exp\u00e9rience \u00e0 rencontrer et \u00e0 conna\u00eetre nos fabuleux clients nous ont amen\u00e9s \u00e0 penser que la plupart des visiteurs de la r\u00e9gion recherchent certains \u00e9l\u00e9ments essentiels : une bonne cuisine, d'excellents pubs traditionnels et des lieux d'h\u00e9bergement simples et confortables (avec tout le confort moderne !)\".  <br> <br>- <i>Jer et Vanessa<\/i><\/h2>\t\t\t\t<\/div>\n\t\t\t\t<\/div>\n\t\t\t\t\t<\/div>\n\t\t<\/div>\n\t\t\t\t\t<\/div>\n\t\t<\/section>\n\t\t\t\t<section class=\"elementor-section elementor-top-section elementor-element elementor-element-2976ddb9 elementor-section-full_width elementor-section-stretched elementor-section-height-default elementor-section-height-default elementor-invisible\" data-id=\"2976ddb9\" data-element_type=\"section\" data-e-type=\"section\" data-settings=\"{&quot;stretch_section&quot;:&quot;section-stretched&quot;,&quot;animation&quot;:&quot;fadeIn&quot;,&quot;background_background&quot;:&quot;classic&quot;}\">\n\t\t\t\t\t\t<div class=\"elementor-container elementor-column-gap-no\">\n\t\t\t\t\t<div class=\"elementor-column elementor-col-100 elementor-top-column elementor-element elementor-element-3c00a99c\" data-id=\"3c00a99c\" data-element_type=\"column\" data-e-type=\"column\">\n\t\t\t<div class=\"elementor-widget-wrap elementor-element-populated\">\n\t\t\t\t\t\t<section class=\"elementor-section elementor-inner-section elementor-element elementor-element-5038e80f elementor-section-full_width elementor-section-height-default elementor-section-height-default\" data-id=\"5038e80f\" data-element_type=\"section\" data-e-type=\"section\">\n\t\t\t\t\t\t<div class=\"elementor-container elementor-column-gap-no\">\n\t\t\t\t\t<div class=\"elementor-column elementor-col-50 elementor-inner-column elementor-element elementor-element-24670f2c\" data-id=\"24670f2c\" data-element_type=\"column\" data-e-type=\"column\" data-settings=\"{&quot;background_background&quot;:&quot;classic&quot;}\">\n\t\t\t<div class=\"elementor-widget-wrap elementor-element-populated\">\n\t\t\t\t\t\t<div class=\"elementor-element elementor-element-2102fd26 elementor-widget elementor-widget-spacer\" data-id=\"2102fd26\" data-element_type=\"widget\" data-e-type=\"widget\" data-widget_type=\"spacer.default\">\n\t\t\t\t<div class=\"elementor-widget-container\">\n\t\t\t\t\t\t\t<div class=\"elementor-spacer\">\n\t\t\t<div class=\"elementor-spacer-inner\"><\/div>\n\t\t<\/div>\n\t\t\t\t\t\t<\/div>\n\t\t\t\t<\/div>\n\t\t\t\t\t<\/div>\n\t\t<\/div>\n\t\t\t\t<div class=\"elementor-column elementor-col-50 elementor-inner-column elementor-element elementor-element-43dedc4d\" data-id=\"43dedc4d\" data-element_type=\"column\" data-e-type=\"column\">\n\t\t\t<div class=\"elementor-widget-wrap elementor-element-populated\">\n\t\t\t\t\t\t<div class=\"elementor-element elementor-element-24da2c47 elementor-widget elementor-widget-text-editor\" data-id=\"24da2c47\" data-element_type=\"widget\" data-e-type=\"widget\" data-widget_type=\"text-editor.default\">\n\t\t\t\t<div class=\"elementor-widget-container\">\n\t\t\t\t\t\t\t\t\t<p>Apr\u00e8s avoir commenc\u00e9 par un pub traditionnel typique du Kerry, l\u2019entreprise s\u2019est d\u00e9velopp\u00e9e pour inclure un <a href=\"https:\/\/odonnabhain-kenmare.com\/fr\/restaurant-kenmare\/\">bar gastronomique<\/a> et des <a href=\"https:\/\/odonnabhain-kenmare.com\/fr\/kenmare-bed-breakfast\/\">logements<\/a> contemporains <a href=\"https:\/\/odonnabhain-kenmare.com\/fr\/kenmare-bed-breakfast\/\">dans des maisons de ville<\/a>.<\/p>\n<p>Ces derni\u00e8res ann\u00e9es, Jer and Vanessa\u2019s Kenmare Rentals s\u2019est \u00e9galement d\u00e9velopp\u00e9 pour r\u00e9pondre aux besoins des clients qui souhaitent un h\u00e9bergement ind\u00e9pendant de haute qualit\u00e9 \u00e0 Kenmare et Kerry.<\/p>\n\t\t\t\t\t\t\t\t<\/div>\n\t\t\t\t<\/div>\n\t\t\t\t\t<\/div>\n\t\t<\/div>\n\t\t\t\t\t<\/div>\n\t\t<\/section>\n\t\t\t\t\t<\/div>\n\t\t<\/div>\n\t\t\t\t\t<\/div>\n\t\t<\/section>\n\t\t\t\t<section class=\"elementor-section elementor-top-section elementor-element elementor-element-66ae13c8 elementor-section-full_width elementor-section-stretched elementor-section-height-default elementor-section-height-default elementor-invisible\" data-id=\"66ae13c8\" data-element_type=\"section\" data-e-type=\"section\" data-settings=\"{&quot;stretch_section&quot;:&quot;section-stretched&quot;,&quot;animation&quot;:&quot;fadeIn&quot;,&quot;background_background&quot;:&quot;classic&quot;}\">\n\t\t\t\t\t\t<div class=\"elementor-container elementor-column-gap-no\">\n\t\t\t\t\t<div class=\"elementor-column elementor-col-100 elementor-top-column elementor-element elementor-element-2d3206a9\" data-id=\"2d3206a9\" data-element_type=\"column\" data-e-type=\"column\">\n\t\t\t<div class=\"elementor-widget-wrap elementor-element-populated\">\n\t\t\t\t\t\t<section class=\"elementor-section elementor-inner-section elementor-element elementor-element-57e19f58 elementor-section-full_width elementor-section-height-default elementor-section-height-default\" data-id=\"57e19f58\" data-element_type=\"section\" data-e-type=\"section\" data-settings=\"{&quot;background_background&quot;:&quot;classic&quot;}\">\n\t\t\t\t\t\t<div class=\"elementor-container elementor-column-gap-no\">\n\t\t\t\t\t<div class=\"elementor-column elementor-col-50 elementor-inner-column elementor-element elementor-element-6dc17763\" data-id=\"6dc17763\" data-element_type=\"column\" data-e-type=\"column\">\n\t\t\t<div class=\"elementor-widget-wrap elementor-element-populated\">\n\t\t\t\t\t\t<div class=\"elementor-element elementor-element-44d337dc whitetext elementor-widget elementor-widget-text-editor\" data-id=\"44d337dc\" data-element_type=\"widget\" data-e-type=\"widget\" data-widget_type=\"text-editor.default\">\n\t\t\t\t<div class=\"elementor-widget-container\">\n\t\t\t\t\t\t\t\t\t<p><em>\u00ab\u00a0Les gens viennent chez O\u2019Donnabhain\u2019s pour le charme typique du Kerry, la bonne cuisine pr\u00e9par\u00e9e \u00e0 partir d\u2019ingr\u00e9dients simples et locaux, le \u00ab\u00a0craic\u00a0\u00bb irlandais, le service amical et l\u2019accueil terre-\u00e0-terre.  <\/em><\/p>\n<p><em>Nous serions ravis de vous rencontrer et de vous aider \u00e0 faire de votre s\u00e9jour \u00e0 Kenmare un souvenir inoubliable.  <\/em><\/p>\n<p><em>Nous vous reverrons bient\u00f4t ici\u00a0\u00bb.  <\/em><\/p>\n<p><strong><em> <\/em><em>Jer et Vanessa<\/em><\/strong><\/p>\n\t\t\t\t\t\t\t\t<\/div>\n\t\t\t\t<\/div>\n\t\t\t\t\t<\/div>\n\t\t<\/div>\n\t\t\t\t<div class=\"elementor-column elementor-col-50 elementor-inner-column elementor-element elementor-element-248b5806\" data-id=\"248b5806\" data-element_type=\"column\" data-e-type=\"column\" data-settings=\"{&quot;background_background&quot;:&quot;classic&quot;}\">\n\t\t\t<div class=\"elementor-widget-wrap elementor-element-populated\">\n\t\t\t\t\t\t<div class=\"elementor-element elementor-element-426efbe5 elementor-widget elementor-widget-spacer\" data-id=\"426efbe5\" data-element_type=\"widget\" data-e-type=\"widget\" data-widget_type=\"spacer.default\">\n\t\t\t\t<div class=\"elementor-widget-container\">\n\t\t\t\t\t\t\t<div class=\"elementor-spacer\">\n\t\t\t<div class=\"elementor-spacer-inner\"><\/div>\n\t\t<\/div>\n\t\t\t\t\t\t<\/div>\n\t\t\t\t<\/div>\n\t\t\t\t\t<\/div>\n\t\t<\/div>\n\t\t\t\t\t<\/div>\n\t\t<\/section>\n\t\t\t\t\t<\/div>\n\t\t<\/div>\n\t\t\t\t\t<\/div>\n\t\t<\/section>\n\t\t\t\t<section class=\"elementor-section elementor-top-section elementor-element elementor-element-50f148de elementor-section-full_width elementor-section-stretched elementor-section-height-default elementor-section-height-default elementor-invisible\" data-id=\"50f148de\" data-element_type=\"section\" data-e-type=\"section\" data-settings=\"{&quot;stretch_section&quot;:&quot;section-stretched&quot;,&quot;animation&quot;:&quot;fadeIn&quot;,&quot;background_background&quot;:&quot;classic&quot;}\">\n\t\t\t\t\t\t<div class=\"elementor-container elementor-column-gap-default\">\n\t\t\t\t\t<div class=\"elementor-column elementor-col-100 elementor-top-column elementor-element elementor-element-71c31497\" data-id=\"71c31497\" data-element_type=\"column\" data-e-type=\"column\">\n\t\t\t<div class=\"elementor-widget-wrap elementor-element-populated\">\n\t\t\t\t\t\t<section class=\"elementor-section elementor-inner-section elementor-element elementor-element-2808046 elementor-section-boxed elementor-section-height-default elementor-section-height-default\" data-id=\"2808046\" data-element_type=\"section\" data-e-type=\"section\">\n\t\t\t\t\t\t<div class=\"elementor-container elementor-column-gap-default\">\n\t\t\t\t\t<div class=\"elementor-column elementor-col-50 elementor-inner-column elementor-element elementor-element-3d04a4d4\" data-id=\"3d04a4d4\" data-element_type=\"column\" data-e-type=\"column\">\n\t\t\t<div class=\"elementor-widget-wrap elementor-element-populated\">\n\t\t\t\t\t\t<div class=\"elementor-element elementor-element-547c3c3d elementor-align-right elementor-widget elementor-widget-button\" data-id=\"547c3c3d\" data-element_type=\"widget\" data-e-type=\"widget\" data-widget_type=\"button.default\">\n\t\t\t\t<div class=\"elementor-widget-container\">\n\t\t\t\t\t\t\t\t\t<div class=\"elementor-button-wrapper\">\n\t\t\t\t\t<a class=\"elementor-button elementor-button-link elementor-size-lg\" href=\"https:\/\/odonnabhain-kenmare.com\/fr\/verifier-la-disponibilite\/\">\n\t\t\t\t\t\t<span class=\"elementor-button-content-wrapper\">\n\t\t\t\t\t\t<span class=\"elementor-button-icon\">\n\t\t\t\t<i aria-hidden=\"true\" class=\"fas fa-bed\"><\/i>\t\t\t<\/span>\n\t\t\t\t\t\t\t\t\t<span class=\"elementor-button-text\">R\u00c9SERVER UN S\u00c9JOUR<\/span>\n\t\t\t\t\t<\/span>\n\t\t\t\t\t<\/a>\n\t\t\t\t<\/div>\n\t\t\t\t\t\t\t\t<\/div>\n\t\t\t\t<\/div>\n\t\t\t\t\t<\/div>\n\t\t<\/div>\n\t\t\t\t<div class=\"elementor-column elementor-col-50 elementor-inner-column elementor-element elementor-element-6fe2ed2e\" data-id=\"6fe2ed2e\" data-element_type=\"column\" data-e-type=\"column\">\n\t\t\t<div class=\"elementor-widget-wrap elementor-element-populated\">\n\t\t\t\t\t\t<div class=\"elementor-element elementor-element-3a324127 elementor-align-left elementor-widget elementor-widget-button\" data-id=\"3a324127\" data-element_type=\"widget\" data-e-type=\"widget\" data-widget_type=\"button.default\">\n\t\t\t\t<div class=\"elementor-widget-container\">\n\t\t\t\t\t\t\t\t\t<div class=\"elementor-button-wrapper\">\n\t\t\t\t\t<a class=\"elementor-button elementor-button-link elementor-size-lg\" href=\"https:\/\/odonnabhain-kenmare.com\/fr\/reservation-de-table\/\">\n\t\t\t\t\t\t<span class=\"elementor-button-content-wrapper\">\n\t\t\t\t\t\t<span class=\"elementor-button-icon\">\n\t\t\t\t<i aria-hidden=\"true\" class=\"far fa-calendar-alt\"><\/i>\t\t\t<\/span>\n\t\t\t\t\t\t\t\t\t<span class=\"elementor-button-text\">R\u00c9SERVER UNE TABLE<\/span>\n\t\t\t\t\t<\/span>\n\t\t\t\t\t<\/a>\n\t\t\t\t<\/div>\n\t\t\t\t\t\t\t\t<\/div>\n\t\t\t\t<\/div>\n\t\t\t\t\t<\/div>\n\t\t<\/div>\n\t\t\t\t\t<\/div>\n\t\t<\/section>\n\t\t\t\t\t<\/div>\n\t\t<\/div>\n\t\t\t\t\t<\/div>\n\t\t<\/section>\n\t\t\t\t<section class=\"elementor-section elementor-top-section elementor-element elementor-element-c738d12 elementor-section-full_width elementor-section-stretched elementor-section-height-default elementor-section-height-default elementor-invisible\" data-id=\"c738d12\" data-element_type=\"section\" data-e-type=\"section\" data-settings=\"{&quot;stretch_section&quot;:&quot;section-stretched&quot;,&quot;animation&quot;:&quot;fadeIn&quot;,&quot;background_background&quot;:&quot;classic&quot;}\">\n\t\t\t\t\t\t<div class=\"elementor-container elementor-column-gap-no\">\n\t\t\t\t\t<div class=\"elementor-column elementor-col-100 elementor-top-column elementor-element elementor-element-3ad4b52d\" data-id=\"3ad4b52d\" data-element_type=\"column\" data-e-type=\"column\">\n\t\t\t<div class=\"elementor-widget-wrap\">\n\t\t\t\t\t\t\t<\/div>\n\t\t<\/div>\n\t\t\t\t\t<\/div>\n\t\t<\/section>\n\t\t\t\t<\/div>\n\t\t","protected":false},"excerpt":{"rendered":"<p>\u00c0 PROPOS DE NOUS HELLO ! O\u2019Donnabhain\u2019s Townhouse Accommodation and Gastro Bar est un \u00e9tablissement familial situ\u00e9 au c\u0153ur de la ville de Kenmare. Jer et Vanessa Foley sont la troisi\u00e8me g\u00e9n\u00e9ration de leur famille \u00e0 accueillir des visiteurs \u00e0 Kerry. Jer a commenc\u00e9 \u00e0 travailler dans des bars lorsqu\u2019il \u00e9tait adolescent et, quelques ann\u00e9es [&hellip;]<\/p>\n","protected":false},"author":1,"featured_media":0,"parent":0,"menu_order":0,"comment_status":"closed","ping_status":"closed","template":"elementor_header_footer","meta":{"_acf_changed":false,"_monsterinsights_skip_tracking":false,"_monsterinsights_sitenote_active":false,"_monsterinsights_sitenote_note":"","_monsterinsights_sitenote_category":0,"_uf_show_specific_survey":0,"_uf_disable_surveys":false,"footnotes":""},"class_list":["post-6469","page","type-page","status-publish","hentry"],"acf":[],"aioseo_notices":[],"_links":{"self":[{"href":"https:\/\/odonnabhain-kenmare.com\/fr\/wp-json\/wp\/v2\/pages\/6469","targetHints":{"allow":["GET"]}}],"collection":[{"href":"https:\/\/odonnabhain-kenmare.com\/fr\/wp-json\/wp\/v2\/pages"}],"about":[{"href":"https:\/\/odonnabhain-kenmare.com\/fr\/wp-json\/wp\/v2\/types\/page"}],"author":[{"embeddable":true,"href":"https:\/\/odonnabhain-kenmare.com\/fr\/wp-json\/wp\/v2\/users\/1"}],"replies":[{"embeddable":true,"href":"https:\/\/odonnabhain-kenmare.com\/fr\/wp-json\/wp\/v2\/comments?post=6469"}],"version-history":[{"count":1,"href":"https:\/\/odonnabhain-kenmare.com\/fr\/wp-json\/wp\/v2\/pages\/6469\/revisions"}],"predecessor-version":[{"id":6471,"href":"https:\/\/odonnabhain-kenmare.com\/fr\/wp-json\/wp\/v2\/pages\/6469\/revisions\/6471"}],"wp:attachment":[{"href":"https:\/\/odonnabhain-kenmare.com\/fr\/wp-json\/wp\/v2\/media?parent=6469"}],"curies":[{"name":"wp","href":"https:\/\/api.w.org\/{rel}","templated":true}]}}