{"id":6350,"date":"2023-05-08T10:27:28","date_gmt":"2023-05-08T10:27:28","guid":{"rendered":"https:\/\/odonnabhain-kenmare.com\/politique-de-confidentialite\/"},"modified":"2023-05-08T10:27:28","modified_gmt":"2023-05-08T10:27:28","slug":"politique-de-confidentialite","status":"publish","type":"page","link":"https:\/\/odonnabhain-kenmare.com\/fr\/politique-de-confidentialite\/","title":{"rendered":"Politique de confidentialit\u00e9"},"content":{"rendered":"<p>Chez O\u2019Donnabhains, nous nous engageons \u00e0 prot\u00e9ger et \u00e0 respecter votre vie priv\u00e9e.<\/p>\n<p>La pr\u00e9sente politique explique comment et pourquoi nous recueillons des informations personnelles sur les personnes qui visitent notre site web, comment nous les utilisons, dans quelles conditions nous pouvons les divulguer \u00e0 d\u2019autres et comment nous les gardons en s\u00e9curit\u00e9. Nous sommes susceptibles de modifier cette politique de confidentialit\u00e9 de temps \u00e0 autre. Nous vous invitons donc \u00e0 consulter cette page de temps \u00e0 autre pour vous assurer que vous \u00eates satisfait des changements que nous apportons. En utilisant notre site web, vous acceptez d\u2019\u00eatre li\u00e9 par cette politique.<\/p>\n<p>Toute question concernant la pr\u00e9sente politique de confidentialit\u00e9 doit \u00eatre envoy\u00e9e par courrier \u00e9lectronique \u00e0 <a href=\"mailto:info@odonnabhain-kenmare.com\">info@odonnabhain-kenmare.com<\/a> ou par \u00e9crit \u00e0 l\u2019adresse suivante<\/p>\n<p>O Donnabhain\u2019s Townhouse & Gastro Bar 10 Henry St, Kenmare, Co. Kerry, V93 X254.<\/p>\n<h2>Qui sont les O\u2019Donnbhains ?<\/h2>\n<p>O\u2019Donnabhain\u2019s Townhouse Accommodation and Gastro Bar est un \u00e9tablissement familial situ\u00e9 au c\u0153ur de la ville de Kenmare.<\/p>\n<p>Jer et Vanessa Foley sont la troisi\u00e8me g\u00e9n\u00e9ration de leur famille \u00e0 accueillir des visiteurs \u00e0 Kerry. Jer a commenc\u00e9 \u00e0 travailler dans des bars lorsqu\u2019il \u00e9tait adolescent et, quelques ann\u00e9es plus tard, au milieu des ann\u00e9es 1990, il a achet\u00e9 le bar O\u2019Donnabhain\u2019s sur Henry Street. Parall\u00e8lement, Vanessa a travaill\u00e9 dans des restaurants irlandais et fran\u00e7ais r\u00e9put\u00e9s. Apr\u00e8s son retour \u00e0 Kenmare en 1996, le couple s\u2019est install\u00e9 et s\u2019est concentr\u00e9 sur la concr\u00e9tisation de sa passion pour l\u2019hospitalit\u00e9.<\/p>\n<h2>Comment recueillons-nous vos informations ?<\/h2>\n<p>Nous recueillons des informations sur vous lorsque vous nous contactez au sujet de nos services \u00e0 l\u2019aide des formulaires de contact figurant sur notre site web ou lorsque vous r\u00e9servez une chambre en ligne ou commandez de la nourriture par l\u2019interm\u00e9diaire de nos fournisseurs tiers.<\/p>\n<h2>Quel type d\u2019informations est collect\u00e9 aupr\u00e8s de vous ?<\/h2>\n<p>Les informations personnelles que nous recueillons peuvent inclure votre nom, votre adresse, votre adresse \u00e9lectronique, votre adresse IP et des informations concernant les pages consult\u00e9es et le moment o\u00f9 elles l\u2019ont \u00e9t\u00e9.<\/p>\n<h2>Comment utilisons-nous vos informations ?<\/h2>\n<p>Nous pouvons utiliser vos informations pour :<\/p>\n<ul>\n<li>vous informer des modifications apport\u00e9es \u00e0 nos services<\/li>\n<li>vous envoyer les communications que vous avez demand\u00e9es et qui sont susceptibles de vous int\u00e9resser.<\/li>\n<li>vous r\u00e9pondre lorsque vous nous contactez \u00e0 l\u2019aide de nos formulaires de contact<\/li>\n<\/ul>\n<p>Nous conserverons vos informations personnelles dans nos syst\u00e8mes aussi longtemps que n\u00e9cessaire pour l\u2019activit\u00e9 concern\u00e9e, ou aussi longtemps que pr\u00e9vu dans tout contrat pertinent que vous avez conclu avec nous.<\/p>\n<h2>Qui a acc\u00e8s \u00e0 vos informations ?<\/h2>\n<p>Nous ne vendrons ni ne louerons vos informations \u00e0 des tiers.<\/p>\n<p>Nous ne partagerons pas vos informations avec des tiers \u00e0 des fins de marketing.<\/p>\n<h2>Les choix qui s\u2019offrent \u00e0 vous<\/h2>\n<p>Nous ne vous contacterons pas \u00e0 des fins de marketing par courrier \u00e9lectronique, t\u00e9l\u00e9phone ou message texte, sauf si vous avez donn\u00e9 votre consentement pr\u00e9alable. Nous ne vous contacterons pas par courrier \u00e0 des fins de marketing si vous avez indiqu\u00e9 que vous ne souhaitiez pas \u00eatre contact\u00e9.<\/p>\n<h2>Comment acc\u00e9der \u00e0 vos informations et les mettre \u00e0 jour<\/h2>\n<p>Vous avez le droit de demander une copie des informations que nous d\u00e9tenons \u00e0 votre sujet. Vous pouvez <a href=\"https:\/\/odonnabhain-kenmare.com\/contact\/\"><br \/>\n  <strong>nous contacter<\/strong><br \/>\n<\/a> pour demander ces informations ou pour nous demander de les supprimer ou de les modifier.<\/p>\n<h2>Mesures de s\u00e9curit\u00e9 mises en place pour prot\u00e9ger vos informations<\/h2>\n<p>Lorsque vous nous communiquez des informations personnelles, nous prenons des mesures pour nous assurer qu\u2019elles sont trait\u00e9es en toute s\u00e9curit\u00e9.<\/p>\n<p>Les donn\u00e9es non sensibles (votre adresse \u00e9lectronique, etc.) sont transmises normalement par l\u2019internet, dont la s\u00e9curit\u00e9 ne peut jamais \u00eatre garantie \u00e0 100 %. Par cons\u00e9quent, bien que nous nous efforcions de prot\u00e9ger vos informations personnelles, nous ne pouvons pas garantir la s\u00e9curit\u00e9 des informations que vous nous transmettez, et vous le faites \u00e0 vos propres risques. Une fois que nous avons re\u00e7u vos informations, nous faisons tout notre possible pour assurer leur s\u00e9curit\u00e9 sur nos syst\u00e8mes en utilisant des serveurs s\u00e9curis\u00e9s et le protocole SSL (certificats de s\u00e9curit\u00e9). Si nous vous avons donn\u00e9 (ou si vous avez choisi) un mot de passe qui vous permet d\u2019acc\u00e9der \u00e0 certaines parties de nos sites web, vous \u00eates responsable de la confidentialit\u00e9 de ce mot de passe. Nous vous demandons de ne pas communiquer votre mot de passe \u00e0 qui que ce soit.<\/p>\n<h2>Utilisation de \u00ab\u00a0cookies<\/h2>\n<p>Comme beaucoup d\u2019autres sites web, le n\u00f4tre utilise des cookies. Les \u00ab\u00a0cookies\u00a0\u00bb sont de petits \u00e9l\u00e9ments d\u2019information envoy\u00e9s par une organisation \u00e0 votre ordinateur et stock\u00e9s sur votre disque dur pour permettre \u00e0 ce site web de vous reconna\u00eetre lorsque vous le visitez. Ils recueillent des donn\u00e9es statistiques sur vos actions et habitudes de navigation et ne vous identifient pas en tant qu\u2019individu. Cela nous aide \u00e0 am\u00e9liorer notre site web et \u00e0 fournir un service plus personnalis\u00e9.<\/p>\n<p>Il est possible de d\u00e9sactiver les cookies en param\u00e9trant les pr\u00e9f\u00e9rences de votre navigateur.<\/p>\n<h2>Liens vers et depuis d\u2019autres sites web<\/h2>\n<p>Notre site web peut contenir des liens vers d\u2019autres sites web g\u00e9r\u00e9s par d\u2019autres organisations. Cette politique de confidentialit\u00e9 ne s\u2019applique qu\u2019\u00e0 notre site web. Nous vous encourageons donc \u00e0 lire les d\u00e9clarations de confidentialit\u00e9 des autres sites web que vous visitez. Nous ne pouvons \u00eatre tenus responsables des politiques et pratiques en mati\u00e8re de protection de la vie priv\u00e9e d\u2019autres sites, m\u00eame si vous y acc\u00e9dez en utilisant des liens \u00e0 partir de notre site web.<\/p>\n<p>En outre, si vous avez acc\u00e9d\u00e9 \u00e0 notre site web \u00e0 partir d\u2019un site tiers, nous ne pouvons \u00eatre tenus responsables des politiques et pratiques en mati\u00e8re de protection de la vie priv\u00e9e des propri\u00e9taires et exploitants de ce site tiers et nous vous recommandons de v\u00e9rifier la politique de ce site tiers.<\/p>\n<h2>16 ans ou moins<\/h2>\n<p>Nous sommes soucieux de prot\u00e9ger la vie priv\u00e9e des enfants \u00e2g\u00e9s de 16 ans ou moins. Si vous \u00eates \u00e2g\u00e9 de 16 ans ou moins, vous devez obtenir l\u2019autorisation de vos parents ou de votre tuteur avant de nous fournir des informations personnelles.<\/p>\n<h2>Transfert de vos informations en dehors de l\u2019UE<\/h2>\n<p>Dans le cadre des services qui vous sont propos\u00e9s sur ce site web, les informations que vous nous fournissez peuvent \u00eatre transf\u00e9r\u00e9es vers des pays situ\u00e9s en dehors de l\u2019Union europ\u00e9enne (\u00ab\u00a0UE\u00a0\u00bb). \u00c0 titre d\u2019exemple, cela peut se produire si l\u2019un de nos serveurs se trouve de temps \u00e0 autre dans un pays situ\u00e9 en dehors de l\u2019UE. Ces pays peuvent ne pas disposer de lois sur la protection des donn\u00e9es similaires \u00e0 celles de l\u2019Irlande. En soumettant vos donn\u00e9es personnelles, vous acceptez ce transfert, ce stockage ou ce traitement. Si nous transf\u00e9rons ainsi vos informations en dehors de l\u2019UE, nous prendrons des mesures de s\u00e9curit\u00e9 appropri\u00e9es afin de garantir que vos droits en mati\u00e8re de protection de la vie priv\u00e9e continuent d\u2019\u00eatre prot\u00e9g\u00e9s comme indiqu\u00e9 dans la pr\u00e9sente politique.<\/p>\n<p>Si vous utilisez nos services alors que vous \u00eates en dehors de l\u2019UE, vos informations peuvent \u00eatre transf\u00e9r\u00e9es en dehors de l\u2019UE afin de vous fournir ces services.<\/p>\n<p>\u00a0<\/p>\n<p>\u00a0<\/p>\n","protected":false},"excerpt":{"rendered":"<p>Chez O\u2019Donnabhains, nous nous engageons \u00e0 prot\u00e9ger et \u00e0 respecter votre vie priv\u00e9e. La pr\u00e9sente politique explique comment et pourquoi nous recueillons des informations personnelles sur les personnes qui visitent notre site web, comment nous les utilisons, dans quelles conditions nous pouvons les divulguer \u00e0 d\u2019autres et comment nous les gardons en s\u00e9curit\u00e9. Nous sommes [&hellip;]<\/p>\n","protected":false},"author":1,"featured_media":0,"parent":0,"menu_order":0,"comment_status":"closed","ping_status":"closed","template":"template-fullwidth.php","meta":{"_acf_changed":false,"_monsterinsights_skip_tracking":false,"_monsterinsights_sitenote_active":false,"_monsterinsights_sitenote_note":"","_monsterinsights_sitenote_category":0,"_uf_show_specific_survey":0,"_uf_disable_surveys":false,"footnotes":""},"class_list":["post-6350","page","type-page","status-publish","hentry"],"acf":[],"aioseo_notices":[],"_links":{"self":[{"href":"https:\/\/odonnabhain-kenmare.com\/fr\/wp-json\/wp\/v2\/pages\/6350","targetHints":{"allow":["GET"]}}],"collection":[{"href":"https:\/\/odonnabhain-kenmare.com\/fr\/wp-json\/wp\/v2\/pages"}],"about":[{"href":"https:\/\/odonnabhain-kenmare.com\/fr\/wp-json\/wp\/v2\/types\/page"}],"author":[{"embeddable":true,"href":"https:\/\/odonnabhain-kenmare.com\/fr\/wp-json\/wp\/v2\/users\/1"}],"replies":[{"embeddable":true,"href":"https:\/\/odonnabhain-kenmare.com\/fr\/wp-json\/wp\/v2\/comments?post=6350"}],"version-history":[{"count":0,"href":"https:\/\/odonnabhain-kenmare.com\/fr\/wp-json\/wp\/v2\/pages\/6350\/revisions"}],"wp:attachment":[{"href":"https:\/\/odonnabhain-kenmare.com\/fr\/wp-json\/wp\/v2\/media?parent=6350"}],"curies":[{"name":"wp","href":"https:\/\/api.w.org\/{rel}","templated":true}]}}