{"id":6325,"date":"2023-05-08T10:20:29","date_gmt":"2023-05-08T10:20:29","guid":{"rendered":"https:\/\/odonnabhain-kenmare.com\/renseignements-generaux\/"},"modified":"2023-05-08T10:20:30","modified_gmt":"2023-05-08T10:20:30","slug":"renseignements-generaux","status":"publish","type":"page","link":"https:\/\/odonnabhain-kenmare.com\/fr\/renseignements-generaux\/","title":{"rendered":"Renseignements g\u00e9n\u00e9raux"},"content":{"rendered":"\t\t<div data-elementor-type=\"wp-page\" data-elementor-id=\"6325\" class=\"elementor elementor-6325 elementor-1971\" data-elementor-post-type=\"page\">\n\t\t\t\t\t\t<section class=\"elementor-section elementor-top-section elementor-element elementor-element-0adeac2 elementor-section-stretched elementor-section-boxed elementor-section-height-default elementor-section-height-default\" data-id=\"0adeac2\" data-element_type=\"section\" data-e-type=\"section\" data-settings=\"{&quot;stretch_section&quot;:&quot;section-stretched&quot;}\">\n\t\t\t\t\t\t<div class=\"elementor-container elementor-column-gap-default\">\n\t\t\t\t\t<div class=\"elementor-column elementor-col-100 elementor-top-column elementor-element elementor-element-d8851d1\" data-id=\"d8851d1\" data-element_type=\"column\" data-e-type=\"column\">\n\t\t\t<div class=\"elementor-widget-wrap elementor-element-populated\">\n\t\t\t\t\t\t<div class=\"elementor-element elementor-element-5a57a2a elementor-widget elementor-widget-spacer\" data-id=\"5a57a2a\" data-element_type=\"widget\" data-e-type=\"widget\" data-widget_type=\"spacer.default\">\n\t\t\t\t<div class=\"elementor-widget-container\">\n\t\t\t\t\t\t\t<div class=\"elementor-spacer\">\n\t\t\t<div class=\"elementor-spacer-inner\"><\/div>\n\t\t<\/div>\n\t\t\t\t\t\t<\/div>\n\t\t\t\t<\/div>\n\t\t\t\t<div class=\"elementor-element elementor-element-6373196 elementor-widget elementor-widget-heading\" data-id=\"6373196\" data-element_type=\"widget\" data-e-type=\"widget\" data-widget_type=\"heading.default\">\n\t\t\t\t<div class=\"elementor-widget-container\">\n\t\t\t\t\t<h2 class=\"elementor-heading-title elementor-size-default\">Demande de renseignements<\/h2>\t\t\t\t<\/div>\n\t\t\t\t<\/div>\n\t\t\t\t\t<\/div>\n\t\t<\/div>\n\t\t\t\t\t<\/div>\n\t\t<\/section>\n\t\t\t\t<section class=\"elementor-section elementor-top-section elementor-element elementor-element-cbd1b54 elementor-section-stretched elementor-section-boxed elementor-section-height-default elementor-section-height-default\" data-id=\"cbd1b54\" data-element_type=\"section\" data-e-type=\"section\" data-settings=\"{&quot;stretch_section&quot;:&quot;section-stretched&quot;}\">\n\t\t\t\t\t\t<div class=\"elementor-container elementor-column-gap-default\">\n\t\t\t\t\t<div class=\"elementor-column elementor-col-100 elementor-top-column elementor-element elementor-element-ae6b61c\" data-id=\"ae6b61c\" data-element_type=\"column\" data-e-type=\"column\">\n\t\t\t<div class=\"elementor-widget-wrap elementor-element-populated\">\n\t\t\t\t\t\t<div class=\"elementor-element elementor-element-785e983 elementor-widget elementor-widget-text-editor\" data-id=\"785e983\" data-element_type=\"widget\" data-e-type=\"widget\" data-widget_type=\"text-editor.default\">\n\t\t\t\t<div class=\"elementor-widget-container\">\n\t\t\t\t\t\t\t\t\t<div class=\"breadcrumb breadcrumbs woo-breadcrumbs\">\n<div class=\"breadcrumb-trail\"> <\/div>\n<\/div>\n<div class=\"post-21 page type-page status-publish hentry\">\n<div class=\"entry\">\n<p><strong>Si vous souhaitez faire une r\u00e9servation, cliquez<\/strong> <a href=\"https:\/\/app.thebookingbutton.com\/properties\/odonnabbainsdirect\" target=\"_blank\" rel=\"noopener noreferrer\">ICI<\/a> pour acc\u00e9der \u00e0 notre syst\u00e8me de r\u00e9servation, o\u00f9 vous pouvez <strong>r\u00e9server directement et \u00e9conomiser<\/strong> et obtenir une confirmation instantan\u00e9e. Choisissez vos dates d\u2019arriv\u00e9e et de d\u00e9part, vous verrez ce qui est disponible et vous pourrez faire votre r\u00e9servation.<\/p>\n<p><strong>Si vous avez des questions<\/strong> avant de r\u00e9server, veuillez consulter notre <a title=\"FAQ\" href=\"https:\/\/odonnabhain-kenmare.com\/fr\/faqs\/\" target=\"_blank\" rel=\"noopener noreferrer\">page FAQ<\/a> qui couvre tous les d\u00e9tails que vous souhaitez conna\u00eetre.<\/p>\n<p><strong>Si vous restez plus de 2 nuits, veuillez consulter nos maisons de vacances \u00e0<\/strong> <a href=\"http:\/\/www.kenmarerentals.com\/?utm_source=odon&utm_medium=url\" target=\"_blank\" rel=\"noopener noreferrer\">Kenmare Rentals<\/a> .<\/p>\n<p>Pour toute question d\u2019ordre g\u00e9n\u00e9ral, veuillez remplir le formulaire ci-dessous et nous vous r\u00e9pondrons dans les plus brefs d\u00e9lais.<\/p>\n<\/div>\n<\/div>\n\t\t\t\t\t\t\t\t<\/div>\n\t\t\t\t<\/div>\n\t\t\t\t\t<\/div>\n\t\t<\/div>\n\t\t\t\t\t<\/div>\n\t\t<\/section>\n\t\t\t\t<section class=\"elementor-section elementor-top-section elementor-element elementor-element-ac720d8 elementor-section-stretched elementor-section-boxed elementor-section-height-default elementor-section-height-default\" data-id=\"ac720d8\" data-element_type=\"section\" data-e-type=\"section\" data-settings=\"{&quot;stretch_section&quot;:&quot;section-stretched&quot;}\">\n\t\t\t\t\t\t<div class=\"elementor-container elementor-column-gap-default\">\n\t\t\t\t\t<div class=\"elementor-column elementor-col-50 elementor-top-column elementor-element elementor-element-ce9070e\" data-id=\"ce9070e\" data-element_type=\"column\" data-e-type=\"column\">\n\t\t\t<div class=\"elementor-widget-wrap elementor-element-populated\">\n\t\t\t\t\t\t<div class=\"elementor-element elementor-element-837f7c4 elementor-widget elementor-widget-shortcode\" data-id=\"837f7c4\" data-element_type=\"widget\" data-e-type=\"widget\" data-widget_type=\"shortcode.default\">\n\t\t\t\t<div class=\"elementor-widget-container\">\n\t\t\t\t\t\t\t<div class=\"elementor-shortcode\"><script type=\"text\/javascript\" src=\"https:\/\/form.jotform.com\/jsform\/220535791619057\"><\/script><\/div>\n\t\t\t\t\t\t<\/div>\n\t\t\t\t<\/div>\n\t\t\t\t\t<\/div>\n\t\t<\/div>\n\t\t\t\t<div class=\"elementor-column elementor-col-50 elementor-top-column elementor-element elementor-element-f2f9f1c\" data-id=\"f2f9f1c\" data-element_type=\"column\" data-e-type=\"column\">\n\t\t\t<div class=\"elementor-widget-wrap elementor-element-populated\">\n\t\t\t\t\t\t<div class=\"elementor-element elementor-element-262265b elementor-widget elementor-widget-text-editor\" data-id=\"262265b\" data-element_type=\"widget\" data-e-type=\"widget\" data-widget_type=\"text-editor.default\">\n\t\t\t\t<div class=\"elementor-widget-container\">\n\t\t\t\t\t\t\t\t\t<h2>Coordonn\u00e9es de contact<\/h2>\n<p>O\u2019Donnabhain Kenmare. Henry Street, Kenmare, Co.Kerry, Irlande.<\/p>\n<p><strong>T\u00e9l\u00e9phone (Irl) : <\/strong> 064 66 42106<br \/><strong>T\u00e9l\u00e9phone (Int) :<\/strong> 00 353 64 66 42106<\/p>\n<h2>Nous trouver<\/h2>\n<p><iframe src=\"https:\/\/www.google.com\/maps\/embed?pb=!1m14!1m8!1m3!1d4925.99206150606!2d-9.583641!3d51.879285!3m2!1i1024!2i768!4f13.1!3m3!1m2!1s0x0%3A0xad28a4f3a6385003!2sO+Donnabhains+Bar+%26+Guesthouse!5e0!3m2!1sen!2sie!4v1396883471457\" width=\"100%\" height=\"350\" frameborder=\"0\" data-mce-fragment=\"1\"><\/iframe><\/p>\n\t\t\t\t\t\t\t\t<\/div>\n\t\t\t\t<\/div>\n\t\t\t\t\t<\/div>\n\t\t<\/div>\n\t\t\t\t\t<\/div>\n\t\t<\/section>\n\t\t\t\t<\/div>\n\t\t","protected":false},"excerpt":{"rendered":"<p>Demande de renseignements Si vous souhaitez faire une r\u00e9servation, cliquez ICI pour acc\u00e9der \u00e0 notre syst\u00e8me de r\u00e9servation, o\u00f9 vous pouvez r\u00e9server directement et \u00e9conomiser et obtenir une confirmation instantan\u00e9e. Choisissez vos dates d\u2019arriv\u00e9e et de d\u00e9part, vous verrez ce qui est disponible et vous pourrez faire votre r\u00e9servation. Si vous avez des questions avant [&hellip;]<\/p>\n","protected":false},"author":1,"featured_media":0,"parent":0,"menu_order":0,"comment_status":"closed","ping_status":"closed","template":"","meta":{"_acf_changed":false,"_monsterinsights_skip_tracking":false,"_monsterinsights_sitenote_active":false,"_monsterinsights_sitenote_note":"","_monsterinsights_sitenote_category":0,"_uf_show_specific_survey":0,"_uf_disable_surveys":false,"footnotes":""},"class_list":["post-6325","page","type-page","status-publish","hentry"],"acf":[],"aioseo_notices":[],"_links":{"self":[{"href":"https:\/\/odonnabhain-kenmare.com\/fr\/wp-json\/wp\/v2\/pages\/6325","targetHints":{"allow":["GET"]}}],"collection":[{"href":"https:\/\/odonnabhain-kenmare.com\/fr\/wp-json\/wp\/v2\/pages"}],"about":[{"href":"https:\/\/odonnabhain-kenmare.com\/fr\/wp-json\/wp\/v2\/types\/page"}],"author":[{"embeddable":true,"href":"https:\/\/odonnabhain-kenmare.com\/fr\/wp-json\/wp\/v2\/users\/1"}],"replies":[{"embeddable":true,"href":"https:\/\/odonnabhain-kenmare.com\/fr\/wp-json\/wp\/v2\/comments?post=6325"}],"version-history":[{"count":1,"href":"https:\/\/odonnabhain-kenmare.com\/fr\/wp-json\/wp\/v2\/pages\/6325\/revisions"}],"predecessor-version":[{"id":6326,"href":"https:\/\/odonnabhain-kenmare.com\/fr\/wp-json\/wp\/v2\/pages\/6325\/revisions\/6326"}],"wp:attachment":[{"href":"https:\/\/odonnabhain-kenmare.com\/fr\/wp-json\/wp\/v2\/media?parent=6325"}],"curies":[{"name":"wp","href":"https:\/\/api.w.org\/{rel}","templated":true}]}}