{"id":5555,"date":"2023-03-30T07:33:03","date_gmt":"2023-03-30T07:33:03","guid":{"rendered":"https:\/\/odonnabhain-kenmare.com\/notre-barre\/"},"modified":"2023-03-30T07:33:07","modified_gmt":"2023-03-30T07:33:07","slug":"notre-barre","status":"publish","type":"page","link":"https:\/\/odonnabhain-kenmare.com\/fr\/notre-barre\/","title":{"rendered":"Notre barre"},"content":{"rendered":"\t\t<div data-elementor-type=\"wp-page\" data-elementor-id=\"5555\" class=\"elementor elementor-5555\" data-elementor-post-type=\"page\">\n\t\t\t\t\t\t<section class=\"elementor-section elementor-top-section elementor-element elementor-element-ed6d1fb elementor-section-full_width elementor-section-stretched elementor-section-height-default elementor-section-height-default\" data-id=\"ed6d1fb\" data-element_type=\"section\" data-e-type=\"section\" data-settings=\"{&quot;stretch_section&quot;:&quot;section-stretched&quot;}\">\n\t\t\t\t\t\t<div class=\"elementor-container elementor-column-gap-no\">\n\t\t\t\t\t<div class=\"elementor-column elementor-col-100 elementor-top-column elementor-element elementor-element-9333bfc\" data-id=\"9333bfc\" data-element_type=\"column\" data-e-type=\"column\">\n\t\t\t<div class=\"elementor-widget-wrap elementor-element-populated\">\n\t\t\t\t\t\t<div class=\"elementor-element elementor-element-cae84da elementor-widget-divider--view-line_text elementor-widget-divider--element-align-center elementor-widget elementor-widget-divider\" data-id=\"cae84da\" data-element_type=\"widget\" data-e-type=\"widget\" data-widget_type=\"divider.default\">\n\t\t\t\t<div class=\"elementor-widget-container\">\n\t\t\t\t\t\t\t<div class=\"elementor-divider\">\n\t\t\t<span class=\"elementor-divider-separator\">\n\t\t\t\t\t\t\t<span class=\"elementor-divider__text elementor-divider__element\">\n\t\t\t\tBAR TRADITIONNEL\t\t\t\t<\/span>\n\t\t\t\t\t\t<\/span>\n\t\t<\/div>\n\t\t\t\t\t\t<\/div>\n\t\t\t\t<\/div>\n\t\t\t\t\t<\/div>\n\t\t<\/div>\n\t\t\t\t\t<\/div>\n\t\t<\/section>\n\t\t\t\t<section class=\"elementor-section elementor-top-section elementor-element elementor-element-e7c1d44 elementor-section-boxed elementor-section-height-default elementor-section-height-default\" data-id=\"e7c1d44\" data-element_type=\"section\" data-e-type=\"section\">\n\t\t\t\t\t\t<div class=\"elementor-container elementor-column-gap-default\">\n\t\t\t\t\t<div class=\"elementor-column elementor-col-50 elementor-top-column elementor-element elementor-element-ecf1d0d\" data-id=\"ecf1d0d\" data-element_type=\"column\" data-e-type=\"column\">\n\t\t\t<div class=\"elementor-widget-wrap elementor-element-populated\">\n\t\t\t\t\t\t<div class=\"elementor-element elementor-element-e1c15e6 elementor-widget elementor-widget-text-editor\" data-id=\"e1c15e6\" data-element_type=\"widget\" data-e-type=\"widget\" data-widget_type=\"text-editor.default\">\n\t\t\t\t<div class=\"elementor-widget-container\">\n\t\t\t\t\t\t\t\t\t<p>Apr\u00e8s avoir ouvert le bar O&rsquo;Donnabhain&rsquo;s en 1994, il est devenu un favori instantan\u00e9 des habitants et des visiteurs. Le bar tire son nom des propri\u00e9taires pr\u00e9c\u00e9dents, deux s\u0153urs O&rsquo;Donovan, qui n&rsquo;avaient pas v\u00e9cu ici depuis les ann\u00e9es 1960.<\/p>\n<p>Le b\u00e2timent d&rsquo;origine qui reste comme le pub O&rsquo;Donnabhain est l&rsquo;un des b\u00e2timents fondateurs de la ville, cr\u00e9\u00e9 en 1775. La r\u00e9novation soign\u00e9e du b\u00e2timent jusqu&rsquo;en 1995 comprenait le d\u00e9capage des travaux de pl\u00e2tre pour se d\u00e9lecter de la pierre indig\u00e8ne utilis\u00e9e par les tailleurs de pierre du XVIIIe si\u00e8cle lors de la construction. Un agrandissement important du bar a eu lieu en 2000 pour moderniser le b\u00e2timent et accueillir des chambres d&rsquo;h\u00f4tes et un espace restaurant.<\/p>\n\t\t\t\t\t\t\t\t<\/div>\n\t\t\t\t<\/div>\n\t\t\t\t\t<\/div>\n\t\t<\/div>\n\t\t\t\t<div class=\"elementor-column elementor-col-50 elementor-top-column elementor-element elementor-element-3c7a306\" data-id=\"3c7a306\" data-element_type=\"column\" data-e-type=\"column\">\n\t\t\t<div class=\"elementor-widget-wrap elementor-element-populated\">\n\t\t\t\t\t\t<div class=\"elementor-element elementor-element-9605369 elementor-widget elementor-widget-image\" data-id=\"9605369\" data-element_type=\"widget\" data-e-type=\"widget\" data-widget_type=\"image.default\">\n\t\t\t\t<div class=\"elementor-widget-container\">\n\t\t\t\t\t\t\t\t\t\t\t\t\t\t\t<img fetchpriority=\"high\" decoding=\"async\" width=\"1024\" height=\"422\" src=\"https:\/\/odonnabhain-kenmare.com\/wp-content\/uploads\/2021\/11\/new-1car-1024x422.png\" class=\"attachment-large size-large wp-image-1371\" alt=\"\" srcset=\"https:\/\/odonnabhain-kenmare.com\/wp-content\/uploads\/2021\/11\/new-1car-1024x422.png 1024w, https:\/\/odonnabhain-kenmare.com\/wp-content\/uploads\/2021\/11\/new-1car-300x124.png 300w, https:\/\/odonnabhain-kenmare.com\/wp-content\/uploads\/2021\/11\/new-1car-768x316.png 768w, https:\/\/odonnabhain-kenmare.com\/wp-content\/uploads\/2021\/11\/new-1car.png 1396w\" sizes=\"(max-width: 360px) 147px, (max-width: 1024px) 100vw, 1024px\" \/>\t\t\t\t\t\t\t\t\t\t\t\t\t\t\t<\/div>\n\t\t\t\t<\/div>\n\t\t\t\t\t<\/div>\n\t\t<\/div>\n\t\t\t\t\t<\/div>\n\t\t<\/section>\n\t\t\t\t<section class=\"elementor-section elementor-top-section elementor-element elementor-element-022d3ec elementor-section-boxed elementor-section-height-default elementor-section-height-default\" data-id=\"022d3ec\" data-element_type=\"section\" data-e-type=\"section\">\n\t\t\t\t\t\t<div class=\"elementor-container elementor-column-gap-default\">\n\t\t\t\t\t<div class=\"elementor-column elementor-col-100 elementor-top-column elementor-element elementor-element-b46e936\" data-id=\"b46e936\" data-element_type=\"column\" data-e-type=\"column\">\n\t\t\t<div class=\"elementor-widget-wrap elementor-element-populated\">\n\t\t\t\t\t\t<div class=\"elementor-element elementor-element-0482516 elementor-widget elementor-widget-text-editor\" data-id=\"0482516\" data-element_type=\"widget\" data-e-type=\"widget\" data-widget_type=\"text-editor.default\">\n\t\t\t\t<div class=\"elementor-widget-container\">\n\t\t\t\t\t\t\t\t\t<h2>Fa\u00e7ade de bar de renomm\u00e9e mondiale<\/h2>\n<p>La fa\u00e7ade distinctive du bar avec des pierres et des couleurs a figur\u00e9 sur des cartes postales et des calendriers du monde entier, apparaissant m\u00eame sur les cartes Visa am\u00e9ricaines. Le bar lui-m\u00eame a \u00e9t\u00e9 utilis\u00e9 pour une r\u00e9cente publicit\u00e9 t\u00e9l\u00e9vis\u00e9e qui avait besoin d&rsquo;un look \u00ab\u00a0authentique\u00a0\u00bb pour une sc\u00e8ne de pub irlandais.<\/p>\n<p>En 2008, notre populaire Beer Garden a re\u00e7u un traitement \u00abtout temps\u00bb. Nous avons mis en place un toit r\u00e9tractable qui nous permet de rentrer le toit lorsque le soleil est de sortie et vice versa lorsque la pluie tombe. Le Beer Garden offre \u00e9galement un excellent espace pour les fumeurs et les clients amateurs de plein air.<br \/>O&rsquo;Donnabhain&rsquo;s est \u00e0 son meilleur lorsque la musique bat son plein.<\/p>\n<h2>Une authentique exp\u00e9rience de pub irlandais<\/h2>\n\t\t\t\t\t\t\t\t<\/div>\n\t\t\t\t<\/div>\n\t\t\t\t\t<\/div>\n\t\t<\/div>\n\t\t\t\t\t<\/div>\n\t\t<\/section>\n\t\t\t\t<section class=\"elementor-section elementor-top-section elementor-element elementor-element-b73269d elementor-section-boxed elementor-section-height-default elementor-section-height-default\" data-id=\"b73269d\" data-element_type=\"section\" data-e-type=\"section\">\n\t\t\t\t\t\t<div class=\"elementor-container elementor-column-gap-default\">\n\t\t\t\t\t<div class=\"elementor-column elementor-col-50 elementor-top-column elementor-element elementor-element-1c7cf49\" data-id=\"1c7cf49\" data-element_type=\"column\" data-e-type=\"column\">\n\t\t\t<div class=\"elementor-widget-wrap elementor-element-populated\">\n\t\t\t\t\t\t<div class=\"elementor-element elementor-element-50144ea elementor-widget elementor-widget-text-editor\" data-id=\"50144ea\" data-element_type=\"widget\" data-e-type=\"widget\" data-widget_type=\"text-editor.default\">\n\t\t\t\t<div class=\"elementor-widget-container\">\n\t\t\t\t\t\t\t\t\t<p>Cela peut \u00eatre une bonne soir\u00e9e \u00e0 retenir dans les ann\u00e9es \u00e0 venir. Bien que nous ayons de la musique organis\u00e9e, certaines des meilleures soir\u00e9es sont celles o\u00f9 quelqu&rsquo;un passe et nous demande s&rsquo;il peut jouer quelques morceaux. Parfois, les meilleures choses de la vie arrivent quand on s&rsquo;y attend le moins.<\/p>\n<p>O&rsquo;Donnabhain&rsquo;s a \u00e9galement une histoire m\u00e9diatique tr\u00e8s populaire, sa devanture \u00e9tant l&rsquo;une des devantures les plus photographi\u00e9es de Kenmare. Cela a \u00e9galement conduit \u00e0 l&rsquo;utilisation de la couverture d&rsquo;O&rsquo;Donnabhain dans de nombreuses publications de magazines dans le monde entier, dont certaines sont ci-dessous. Nos premiers d\u00e9buts ont eu lieu dans une annonce de voiture Rover TV en 98, et en 2001, la pub \u00e9tait sur Visa Card en Am\u00e9rique. En 2008, une publicit\u00e9 t\u00e9l\u00e9vis\u00e9e pour Tullamore Dew a \u00e9t\u00e9 tourn\u00e9e dans le bar O&rsquo;Donnabhains.<\/p>\n<p>Nous sommes heureux que d&rsquo;autres reconnaissent l&rsquo;authenticit\u00e9 et l&rsquo;atmosph\u00e8re particuli\u00e8re d&rsquo;O&rsquo;Donnabhain&rsquo;s. Nous ferons de notre mieux pour que vous vous sentiez comme chez vous ici, et nous sommes s\u00fbrs que vous appr\u00e9cierez l&rsquo;exp\u00e9rience O&rsquo;Donnabhain. Nous sommes tr\u00e8s impatients de vous rencontrer.<\/p>\n\t\t\t\t\t\t\t\t<\/div>\n\t\t\t\t<\/div>\n\t\t\t\t\t<\/div>\n\t\t<\/div>\n\t\t\t\t<div class=\"elementor-column elementor-col-50 elementor-top-column elementor-element elementor-element-1424bf7\" data-id=\"1424bf7\" data-element_type=\"column\" data-e-type=\"column\">\n\t\t\t<div class=\"elementor-widget-wrap elementor-element-populated\">\n\t\t\t\t\t\t<div class=\"elementor-element elementor-element-14749a3 elementor-widget elementor-widget-image\" data-id=\"14749a3\" data-element_type=\"widget\" data-e-type=\"widget\" data-widget_type=\"image.default\">\n\t\t\t\t<div class=\"elementor-widget-container\">\n\t\t\t\t\t\t\t\t\t\t\t\t\t\t\t<img fetchpriority=\"high\" decoding=\"async\" width=\"1024\" height=\"422\" src=\"https:\/\/odonnabhain-kenmare.com\/wp-content\/uploads\/2021\/11\/new-1car-1024x422.png\" class=\"attachment-large size-large wp-image-1371\" alt=\"\" srcset=\"https:\/\/odonnabhain-kenmare.com\/wp-content\/uploads\/2021\/11\/new-1car-1024x422.png 1024w, https:\/\/odonnabhain-kenmare.com\/wp-content\/uploads\/2021\/11\/new-1car-300x124.png 300w, https:\/\/odonnabhain-kenmare.com\/wp-content\/uploads\/2021\/11\/new-1car-768x316.png 768w, https:\/\/odonnabhain-kenmare.com\/wp-content\/uploads\/2021\/11\/new-1car.png 1396w\" sizes=\"(max-width: 360px) 147px, (max-width: 1024px) 100vw, 1024px\" \/>\t\t\t\t\t\t\t\t\t\t\t\t\t\t\t<\/div>\n\t\t\t\t<\/div>\n\t\t\t\t\t<\/div>\n\t\t<\/div>\n\t\t\t\t\t<\/div>\n\t\t<\/section>\n\t\t\t\t<section class=\"elementor-section elementor-top-section elementor-element elementor-element-bd3046d elementor-section-boxed elementor-section-height-default elementor-section-height-default\" data-id=\"bd3046d\" data-element_type=\"section\" data-e-type=\"section\">\n\t\t\t\t\t\t<div class=\"elementor-container elementor-column-gap-default\">\n\t\t\t\t\t<div class=\"elementor-column elementor-col-100 elementor-top-column elementor-element elementor-element-df20fee\" data-id=\"df20fee\" data-element_type=\"column\" data-e-type=\"column\">\n\t\t\t<div class=\"elementor-widget-wrap elementor-element-populated\">\n\t\t\t\t\t\t<div class=\"elementor-element elementor-element-aadde32 elementor-align-right elementor-widget__width-initial elementor-absolute elementor-hidden-tablet elementor-hidden-mobile elementor-widget elementor-widget-button\" data-id=\"aadde32\" data-element_type=\"widget\" data-e-type=\"widget\" data-settings=\"{&quot;_position&quot;:&quot;absolute&quot;}\" data-widget_type=\"button.default\">\n\t\t\t\t<div class=\"elementor-widget-container\">\n\t\t\t\t\t\t\t\t\t<div class=\"elementor-button-wrapper\">\n\t\t\t\t\t<a class=\"elementor-button elementor-button-link elementor-size-sm\" href=\"#\">\n\t\t\t\t\t\t<span class=\"elementor-button-content-wrapper\">\n\t\t\t\t\t\t\t\t\t<span class=\"elementor-button-text\">Notre Restaurant<\/span>\n\t\t\t\t\t<\/span>\n\t\t\t\t\t<\/a>\n\t\t\t\t<\/div>\n\t\t\t\t\t\t\t\t<\/div>\n\t\t\t\t<\/div>\n\t\t\t\t\t<\/div>\n\t\t<\/div>\n\t\t\t\t\t<\/div>\n\t\t<\/section>\n\t\t\t\t<\/div>\n\t\t","protected":false},"excerpt":{"rendered":"<p>BAR TRADITIONNEL Apr\u00e8s avoir ouvert le bar O&rsquo;Donnabhain&rsquo;s en 1994, il est devenu un favori instantan\u00e9 des habitants et des visiteurs. Le bar tire son nom des propri\u00e9taires pr\u00e9c\u00e9dents, deux s\u0153urs O&rsquo;Donovan, qui n&rsquo;avaient pas v\u00e9cu ici depuis les ann\u00e9es 1960. Le b\u00e2timent d&rsquo;origine qui reste comme le pub O&rsquo;Donnabhain est l&rsquo;un des b\u00e2timents fondateurs [&hellip;]<\/p>\n","protected":false},"author":1,"featured_media":0,"parent":0,"menu_order":0,"comment_status":"closed","ping_status":"closed","template":"elementor_header_footer","meta":{"_acf_changed":false,"_monsterinsights_skip_tracking":false,"_monsterinsights_sitenote_active":false,"_monsterinsights_sitenote_note":"","_monsterinsights_sitenote_category":0,"_uf_show_specific_survey":0,"_uf_disable_surveys":false,"footnotes":""},"class_list":["post-5555","page","type-page","status-publish","hentry"],"acf":[],"aioseo_notices":[],"_links":{"self":[{"href":"https:\/\/odonnabhain-kenmare.com\/fr\/wp-json\/wp\/v2\/pages\/5555","targetHints":{"allow":["GET"]}}],"collection":[{"href":"https:\/\/odonnabhain-kenmare.com\/fr\/wp-json\/wp\/v2\/pages"}],"about":[{"href":"https:\/\/odonnabhain-kenmare.com\/fr\/wp-json\/wp\/v2\/types\/page"}],"author":[{"embeddable":true,"href":"https:\/\/odonnabhain-kenmare.com\/fr\/wp-json\/wp\/v2\/users\/1"}],"replies":[{"embeddable":true,"href":"https:\/\/odonnabhain-kenmare.com\/fr\/wp-json\/wp\/v2\/comments?post=5555"}],"version-history":[{"count":0,"href":"https:\/\/odonnabhain-kenmare.com\/fr\/wp-json\/wp\/v2\/pages\/5555\/revisions"}],"wp:attachment":[{"href":"https:\/\/odonnabhain-kenmare.com\/fr\/wp-json\/wp\/v2\/media?parent=5555"}],"curies":[{"name":"wp","href":"https:\/\/api.w.org\/{rel}","templated":true}]}}