{"id":5549,"date":"2023-03-30T07:33:03","date_gmt":"2023-03-30T07:33:03","guid":{"rendered":"https:\/\/odonnabhain-kenmare.com\/kenmare-a-emporter\/"},"modified":"2023-04-24T09:42:01","modified_gmt":"2023-04-24T09:42:01","slug":"kenmare-a-emporter","status":"publish","type":"page","link":"https:\/\/odonnabhain-kenmare.com\/fr\/kenmare-a-emporter\/","title":{"rendered":"Kenmare Take Away"},"content":{"rendered":"\t\t<div data-elementor-type=\"wp-page\" data-elementor-id=\"5549\" class=\"elementor elementor-5549 elementor-2997\" data-elementor-post-type=\"page\">\n\t\t\t\t\t\t<section class=\"elementor-section elementor-top-section elementor-element elementor-element-4a83b816 elementor-section-full_width elementor-section-stretched elementor-section-height-default elementor-section-height-default elementor-invisible\" data-id=\"4a83b816\" data-element_type=\"section\" data-e-type=\"section\" data-settings=\"{&quot;stretch_section&quot;:&quot;section-stretched&quot;,&quot;background_background&quot;:&quot;classic&quot;,&quot;animation&quot;:&quot;fadeIn&quot;}\">\n\t\t\t\t\t\t\t<div class=\"elementor-background-overlay\"><\/div>\n\t\t\t\t\t\t\t<div class=\"elementor-container elementor-column-gap-default\">\n\t\t\t\t\t<div class=\"elementor-column elementor-col-100 elementor-top-column elementor-element elementor-element-7b86fdf6 elementor-invisible\" data-id=\"7b86fdf6\" data-element_type=\"column\" data-e-type=\"column\" data-settings=\"{&quot;animation&quot;:&quot;fadeIn&quot;}\">\n\t\t\t<div class=\"elementor-widget-wrap elementor-element-populated\">\n\t\t\t\t\t\t<div class=\"elementor-element elementor-element-3d044f00 elementor-widget elementor-widget-heading\" data-id=\"3d044f00\" data-element_type=\"widget\" data-e-type=\"widget\" data-widget_type=\"heading.default\">\n\t\t\t\t<div class=\"elementor-widget-container\">\n\t\t\t\t\t<h2 class=\"elementor-heading-title elementor-size-default\">COMMANDER EMPORTER  <\/h2>\t\t\t\t<\/div>\n\t\t\t\t<\/div>\n\t\t\t\t\t<\/div>\n\t\t<\/div>\n\t\t\t\t\t<\/div>\n\t\t<\/section>\n\t\t\t\t<section class=\"elementor-section elementor-inner-section elementor-element elementor-element-2130b5e0 elementor-section-full_width elementor-section-height-default elementor-section-height-default\" data-id=\"2130b5e0\" data-element_type=\"section\" data-e-type=\"section\">\n\t\t\t\t\t\t<div class=\"elementor-container elementor-column-gap-no\">\n\t\t\t\t\t<div class=\"elementor-column elementor-col-100 elementor-inner-column elementor-element elementor-element-6b0643f3\" data-id=\"6b0643f3\" data-element_type=\"column\" data-e-type=\"column\">\n\t\t\t<div class=\"elementor-widget-wrap elementor-element-populated\">\n\t\t\t\t\t\t<div class=\"elementor-element elementor-element-12813032 elementor-widget elementor-widget-text-editor\" data-id=\"12813032\" data-element_type=\"widget\" data-e-type=\"widget\" data-widget_type=\"text-editor.default\">\n\t\t\t\t<div class=\"elementor-widget-container\">\n\t\t\t\t\t\t\t\t\t<h2 style=\"text-align: left;\">COMMANDER DES DENR\u00c9ES ALIMENTAIRES POUR LA COLLECTE<\/h2>\n<p style=\"text-align: left;\">Commandez vos plats pr\u00e9f\u00e9r\u00e9s chez O\u2019Donnabhains pour les d\u00e9guster chez vous, pique-niquer sur la jet\u00e9e, ou n\u2019importe o\u00f9 sur la baie de Kenmare ou autour de la ville de Kenmare.<\/p>\n<p style=\"text-align: left;\">Il vous suffit de commander en ligne ci-dessous, de choisir l\u2019heure \u00e0 laquelle vous voulez votre repas et vous pouvez le retirer au comptoir ou nous l\u2019apporterons \u00e0 votre voiture \u00e0 votre arriv\u00e9e.<\/p>\n\t\t\t\t\t\t\t\t<\/div>\n\t\t\t\t<\/div>\n\t\t\t\t\t<\/div>\n\t\t<\/div>\n\t\t\t\t\t<\/div>\n\t\t<\/section>\n\t\t\t\t<section class=\"elementor-section elementor-top-section elementor-element elementor-element-530afc9 elementor-section-boxed elementor-section-height-default elementor-section-height-default\" data-id=\"530afc9\" data-element_type=\"section\" data-e-type=\"section\">\n\t\t\t\t\t\t<div class=\"elementor-container elementor-column-gap-default\">\n\t\t\t\t\t<div class=\"elementor-column elementor-col-100 elementor-top-column elementor-element elementor-element-a754d02\" data-id=\"a754d02\" data-element_type=\"column\" data-e-type=\"column\">\n\t\t\t<div class=\"elementor-widget-wrap elementor-element-populated\">\n\t\t\t\t\t\t<div class=\"elementor-element elementor-element-9f6ba2e elementor-widget elementor-widget-shortcode\" data-id=\"9f6ba2e\" data-element_type=\"widget\" data-e-type=\"widget\" data-widget_type=\"shortcode.default\">\n\t\t\t\t<div class=\"elementor-widget-container\">\n\t\t\t\t\t\t\t<div class=\"elementor-shortcode\">\n<!-- iframe plugin v.6.0 wordpress.org\/plugins\/iframe\/ -->\n<iframe src=\"https:\/\/www.foodbooking.com\/ordering\/restaurant\/menu?restaurant_uid=5dae3a17-a253-494a-b99f-ca483621ee5c\" width=\"100%\" height=\"1200\" scrolling=\"yes\" class=\"iframe-class\" frameborder=\"0\"><\/iframe>\n<\/div>\n\t\t\t\t\t\t<\/div>\n\t\t\t\t<\/div>\n\t\t\t\t\t<\/div>\n\t\t<\/div>\n\t\t\t\t\t<\/div>\n\t\t<\/section>\n\t\t\t\t<section class=\"elementor-section elementor-inner-section elementor-element elementor-element-93eb071 elementor-section-full_width elementor-section-height-default elementor-section-height-default\" data-id=\"93eb071\" data-element_type=\"section\" data-e-type=\"section\">\n\t\t\t\t\t\t<div class=\"elementor-container elementor-column-gap-no\">\n\t\t\t\t\t<div class=\"elementor-column elementor-col-100 elementor-inner-column elementor-element elementor-element-422e74c5\" data-id=\"422e74c5\" data-element_type=\"column\" data-e-type=\"column\">\n\t\t\t<div class=\"elementor-widget-wrap elementor-element-populated\">\n\t\t\t\t\t\t<div class=\"elementor-element elementor-element-4b44000 elementor-widget elementor-widget-text-editor\" data-id=\"4b44000\" data-element_type=\"widget\" data-e-type=\"widget\" data-widget_type=\"text-editor.default\">\n\t\t\t\t<div class=\"elementor-widget-container\">\n\t\t\t\t\t\t\t\t\t<h2 style=\"text-align: left;\">GARDER KENMARE PROPRE<\/h2>\n<p style=\"text-align: left;\">Nous sommes tr\u00e8s attentifs \u00e0 l\u2019environnement. Nous avons choisi, dans la mesure du possible, des r\u00e9cipients en carton enti\u00e8rement recyclables et \u00e9tanches, ainsi que des sacs en papier brun pour notre nourriture. Si vous d\u00e9cidez de d\u00eener en plein air, veuillez \u00e9liminer vos d\u00e9chets de mani\u00e8re appropri\u00e9e ou nous les rapporter et nous les \u00e9liminerons pour vous.<\/p>\n\t\t\t\t\t\t\t\t<\/div>\n\t\t\t\t<\/div>\n\t\t\t\t\t<\/div>\n\t\t<\/div>\n\t\t\t\t\t<\/div>\n\t\t<\/section>\n\t\t\t\t<\/div>\n\t\t","protected":false},"excerpt":{"rendered":"<p>COMMANDER EMPORTER COMMANDER DES DENR\u00c9ES ALIMENTAIRES POUR LA COLLECTE Commandez vos plats pr\u00e9f\u00e9r\u00e9s chez O\u2019Donnabhains pour les d\u00e9guster chez vous, pique-niquer sur la jet\u00e9e, ou n\u2019importe o\u00f9 sur la baie de Kenmare ou autour de la ville de Kenmare. Il vous suffit de commander en ligne ci-dessous, de choisir l\u2019heure \u00e0 laquelle vous voulez votre [&hellip;]<\/p>\n","protected":false},"author":1,"featured_media":0,"parent":0,"menu_order":0,"comment_status":"closed","ping_status":"closed","template":"elementor_header_footer","meta":{"_acf_changed":false,"_monsterinsights_skip_tracking":false,"_monsterinsights_sitenote_active":false,"_monsterinsights_sitenote_note":"","_monsterinsights_sitenote_category":0,"_uf_show_specific_survey":0,"_uf_disable_surveys":false,"footnotes":""},"class_list":["post-5549","page","type-page","status-publish","hentry"],"acf":[],"aioseo_notices":[],"_links":{"self":[{"href":"https:\/\/odonnabhain-kenmare.com\/fr\/wp-json\/wp\/v2\/pages\/5549","targetHints":{"allow":["GET"]}}],"collection":[{"href":"https:\/\/odonnabhain-kenmare.com\/fr\/wp-json\/wp\/v2\/pages"}],"about":[{"href":"https:\/\/odonnabhain-kenmare.com\/fr\/wp-json\/wp\/v2\/types\/page"}],"author":[{"embeddable":true,"href":"https:\/\/odonnabhain-kenmare.com\/fr\/wp-json\/wp\/v2\/users\/1"}],"replies":[{"embeddable":true,"href":"https:\/\/odonnabhain-kenmare.com\/fr\/wp-json\/wp\/v2\/comments?post=5549"}],"version-history":[{"count":2,"href":"https:\/\/odonnabhain-kenmare.com\/fr\/wp-json\/wp\/v2\/pages\/5549\/revisions"}],"predecessor-version":[{"id":6194,"href":"https:\/\/odonnabhain-kenmare.com\/fr\/wp-json\/wp\/v2\/pages\/5549\/revisions\/6194"}],"wp:attachment":[{"href":"https:\/\/odonnabhain-kenmare.com\/fr\/wp-json\/wp\/v2\/media?parent=5549"}],"curies":[{"name":"wp","href":"https:\/\/api.w.org\/{rel}","templated":true}]}}