{"id":5543,"date":"2023-03-30T07:33:01","date_gmt":"2023-03-30T07:33:01","guid":{"rendered":"https:\/\/odonnabhain-kenmare.com\/bon-cadeau\/"},"modified":"2023-04-24T09:42:07","modified_gmt":"2023-04-24T09:42:07","slug":"bon-cadeau","status":"publish","type":"page","link":"https:\/\/odonnabhain-kenmare.com\/fr\/bon-cadeau\/","title":{"rendered":"Ch\u00e8que-cadeau"},"content":{"rendered":"\t\t<div data-elementor-type=\"wp-page\" data-elementor-id=\"5543\" class=\"elementor elementor-5543 elementor-3131\" data-elementor-post-type=\"page\">\n\t\t\t\t\t\t<section class=\"elementor-section elementor-top-section elementor-element elementor-element-2be144cf elementor-section-full_width elementor-section-stretched elementor-section-height-default elementor-section-height-default elementor-invisible\" data-id=\"2be144cf\" data-element_type=\"section\" data-e-type=\"section\" data-settings=\"{&quot;stretch_section&quot;:&quot;section-stretched&quot;,&quot;background_background&quot;:&quot;classic&quot;,&quot;animation&quot;:&quot;fadeIn&quot;}\">\n\t\t\t\t\t\t\t<div class=\"elementor-background-overlay\"><\/div>\n\t\t\t\t\t\t\t<div class=\"elementor-container elementor-column-gap-default\">\n\t\t\t\t\t<div class=\"elementor-column elementor-col-100 elementor-top-column elementor-element elementor-element-115ea632 elementor-invisible\" data-id=\"115ea632\" data-element_type=\"column\" data-e-type=\"column\" data-settings=\"{&quot;animation&quot;:&quot;fadeIn&quot;}\">\n\t\t\t<div class=\"elementor-widget-wrap elementor-element-populated\">\n\t\t\t\t\t\t<div class=\"elementor-element elementor-element-361c582e elementor-widget elementor-widget-heading\" data-id=\"361c582e\" data-element_type=\"widget\" data-e-type=\"widget\" data-widget_type=\"heading.default\">\n\t\t\t\t<div class=\"elementor-widget-container\">\n\t\t\t\t\t<h2 class=\"elementor-heading-title elementor-size-default\">CH\u00c8QUES-CADEAUX<\/h2>\t\t\t\t<\/div>\n\t\t\t\t<\/div>\n\t\t\t\t\t<\/div>\n\t\t<\/div>\n\t\t\t\t\t<\/div>\n\t\t<\/section>\n\t\t\t\t<section class=\"elementor-section elementor-top-section elementor-element elementor-element-7f447dc elementor-section-full_width elementor-section-stretched elementor-section-height-default elementor-section-height-default elementor-invisible\" data-id=\"7f447dc\" data-element_type=\"section\" data-e-type=\"section\" data-settings=\"{&quot;stretch_section&quot;:&quot;section-stretched&quot;,&quot;background_background&quot;:&quot;classic&quot;,&quot;animation&quot;:&quot;fadeIn&quot;}\">\n\t\t\t\t\t\t<div class=\"elementor-container elementor-column-gap-default\">\n\t\t\t\t\t<div class=\"elementor-column elementor-col-100 elementor-top-column elementor-element elementor-element-f4b8971\" data-id=\"f4b8971\" data-element_type=\"column\" data-e-type=\"column\">\n\t\t\t<div class=\"elementor-widget-wrap elementor-element-populated\">\n\t\t\t\t\t\t<section class=\"elementor-section elementor-inner-section elementor-element elementor-element-9479cad elementor-section-boxed elementor-section-height-default elementor-section-height-default\" data-id=\"9479cad\" data-element_type=\"section\" data-e-type=\"section\">\n\t\t\t\t\t\t<div class=\"elementor-container elementor-column-gap-default\">\n\t\t\t\t\t<div class=\"elementor-column elementor-col-100 elementor-inner-column elementor-element elementor-element-f65b223\" data-id=\"f65b223\" data-element_type=\"column\" data-e-type=\"column\">\n\t\t\t<div class=\"elementor-widget-wrap elementor-element-populated\">\n\t\t\t\t\t\t<div class=\"elementor-element elementor-element-53796a8 elementor-widget elementor-widget-text-editor\" data-id=\"53796a8\" data-element_type=\"widget\" data-e-type=\"widget\" data-widget_type=\"text-editor.default\">\n\t\t\t\t<div class=\"elementor-widget-container\">\n\t\t\t\t\t\t\t\t\t<p>Montrez \u00e0 quelqu\u2019un que vous tenez \u00e0 lui en lui offrant un peu de repos et de d\u00e9tente loin de l\u2019agitation de la vie quotidienne !<\/p>\n<p>Nous avons tous besoin d\u2019une pause de temps en temps. Nos ch\u00e8ques-cadeaux peuvent \u00eatre utilis\u00e9s dans notre <a href=\"https:\/\/odonnabhain-kenmare.com\/kenmare-restaurant\/\">restaurant<\/a> ou pour un s\u00e9jour dans notre <a href=\"https:\/\/odonnabhain-kenmare.com\/our-rooms-2\/\">maison de ville<\/a>. Que ce soit pour No\u00ebl, un anniversaire ou un mariage, les ch\u00e8ques-cadeaux O\u2019Donnabhain sont le cadeau id\u00e9al.<\/p>\n\t\t\t\t\t\t\t\t<\/div>\n\t\t\t\t<\/div>\n\t\t\t\t\t<\/div>\n\t\t<\/div>\n\t\t\t\t\t<\/div>\n\t\t<\/section>\n\t\t\t\t\t<\/div>\n\t\t<\/div>\n\t\t\t\t\t<\/div>\n\t\t<\/section>\n\t\t\t\t<section class=\"elementor-section elementor-top-section elementor-element elementor-element-0058b3e elementor-section-boxed elementor-section-height-default elementor-section-height-default elementor-invisible\" data-id=\"0058b3e\" data-element_type=\"section\" data-e-type=\"section\" data-settings=\"{&quot;animation&quot;:&quot;fadeIn&quot;}\">\n\t\t\t\t\t\t<div class=\"elementor-container elementor-column-gap-default\">\n\t\t\t\t\t<div class=\"elementor-column elementor-col-100 elementor-top-column elementor-element elementor-element-11e8b5b\" data-id=\"11e8b5b\" data-element_type=\"column\" data-e-type=\"column\">\n\t\t\t<div class=\"elementor-widget-wrap elementor-element-populated\">\n\t\t\t\t\t\t<section class=\"elementor-section elementor-inner-section elementor-element elementor-element-417a5a1 elementor-section-boxed elementor-section-height-default elementor-section-height-default\" data-id=\"417a5a1\" data-element_type=\"section\" data-e-type=\"section\">\n\t\t\t\t\t\t<div class=\"elementor-container elementor-column-gap-default\">\n\t\t\t\t\t<div class=\"elementor-column elementor-col-50 elementor-inner-column elementor-element elementor-element-dfeb43d\" data-id=\"dfeb43d\" data-element_type=\"column\" data-e-type=\"column\">\n\t\t\t<div class=\"elementor-widget-wrap elementor-element-populated\">\n\t\t\t\t\t\t<div class=\"elementor-element elementor-element-a890382 elementor-widget elementor-widget-text-editor\" data-id=\"a890382\" data-element_type=\"widget\" data-e-type=\"widget\" data-widget_type=\"text-editor.default\">\n\t\t\t\t<div class=\"elementor-widget-container\">\n\t\t\t\t\t\t\t\t\t<p>Achetez des ch\u00e8ques-cadeaux d\u2019une valeur de 50 \u20ac, 100 \u20ac ou du montant de votre choix et payez en toute s\u00e9curit\u00e9 avec votre carte de cr\u00e9dit\/d\u00e9bit, Apple Pay ou Google Pay. Nous vous enverrons par e-mail le re\u00e7u de votre achat et une copie de votre bon d\u2019achat.<\/p>\n<p>Visualisez, imprimez et t\u00e9l\u00e9chargez instantan\u00e9ment une copie de votre ch\u00e8que-cadeau. Le bon peut \u00e9galement \u00eatre envoy\u00e9 directement par courrier \u00e9lectronique au destinataire.<\/p>\n<p>Qui a dit qu\u2019il \u00e9tait difficile de trouver le cadeau id\u00e9al ?<\/p>\n\t\t\t\t\t\t\t\t<\/div>\n\t\t\t\t<\/div>\n\t\t\t\t\t<\/div>\n\t\t<\/div>\n\t\t\t\t<div class=\"elementor-column elementor-col-50 elementor-inner-column elementor-element elementor-element-dfae1d8\" data-id=\"dfae1d8\" data-element_type=\"column\" data-e-type=\"column\">\n\t\t\t<div class=\"elementor-widget-wrap elementor-element-populated\">\n\t\t\t\t\t\t<div class=\"elementor-element elementor-element-cf5b072 elementor-widget elementor-widget-shortcode\" data-id=\"cf5b072\" data-element_type=\"widget\" data-e-type=\"widget\" data-widget_type=\"shortcode.default\">\n\t\t\t\t<div class=\"elementor-widget-container\">\n\t\t\t\t\t\t\t<div class=\"elementor-shortcode\"><div class=\"gift-up-target\" \r\n            data-site-id=\"99701fe9-a9a9-4f9b-8d1d-9fe7319964f7\" \r\n            data-domain=\"\"\r\n            data-product-id=\"\"\r\n            data-group-id=\"\"\r\n            data-payment-methods=\"\"\r\n            data-language=\"\"\r\n            data-purchaser-name=\"\"\r\n            data-purchaser-email=\"\"\r\n            data-recipient-name=\"\"\r\n            data-recipient-email=\"\"\r\n            data-step=\"\"\r\n            data-who-for=\"\"\r\n            data-promo-code=\"\"\r\n            data-hide-artwork=\"\"\r\n            data-hide-groups=\"\"\r\n            data-hide-ungrouped-items=\"\"\r\n            data-hide-custom-value=\"\"\r\n            data-custom-value-amount=\"\"\r\n            data-referrer=\"\"\r\n            data-platform=\"Wordpress\"\r\n        ><\/div>\r\n        <script type=\"text\/javascript\">\r\n        (function (g, i, f, t, u, p, s) {\r\n            g[u] = g[u] || function() { (g[u].q = g[u].q || []).push(arguments) };\r\n            p = i.createElement(f);\r\n            p.async = 1;\r\n            p.src = t;\r\n            s = i.getElementsByTagName(f)[0];\r\n            s.parentNode.insertBefore(p, s);\r\n        })(window, document, 'script', 'https:\/\/cdn.giftup.app\/dist\/gift-up.js', 'giftup');\r\n        <\/script><\/div>\n\t\t\t\t\t\t<\/div>\n\t\t\t\t<\/div>\n\t\t\t\t\t<\/div>\n\t\t<\/div>\n\t\t\t\t\t<\/div>\n\t\t<\/section>\n\t\t\t\t\t<\/div>\n\t\t<\/div>\n\t\t\t\t\t<\/div>\n\t\t<\/section>\n\t\t\t\t<\/div>\n\t\t","protected":false},"excerpt":{"rendered":"<p>CH\u00c8QUES-CADEAUX Montrez \u00e0 quelqu\u2019un que vous tenez \u00e0 lui en lui offrant un peu de repos et de d\u00e9tente loin de l\u2019agitation de la vie quotidienne ! Nous avons tous besoin d\u2019une pause de temps en temps. Nos ch\u00e8ques-cadeaux peuvent \u00eatre utilis\u00e9s dans notre restaurant ou pour un s\u00e9jour dans notre maison de ville. Que [&hellip;]<\/p>\n","protected":false},"author":1,"featured_media":0,"parent":0,"menu_order":0,"comment_status":"closed","ping_status":"closed","template":"elementor_header_footer","meta":{"_acf_changed":false,"_monsterinsights_skip_tracking":false,"_monsterinsights_sitenote_active":false,"_monsterinsights_sitenote_note":"","_monsterinsights_sitenote_category":0,"_uf_show_specific_survey":0,"_uf_disable_surveys":false,"footnotes":""},"class_list":["post-5543","page","type-page","status-publish","hentry"],"acf":[],"aioseo_notices":[],"_links":{"self":[{"href":"https:\/\/odonnabhain-kenmare.com\/fr\/wp-json\/wp\/v2\/pages\/5543","targetHints":{"allow":["GET"]}}],"collection":[{"href":"https:\/\/odonnabhain-kenmare.com\/fr\/wp-json\/wp\/v2\/pages"}],"about":[{"href":"https:\/\/odonnabhain-kenmare.com\/fr\/wp-json\/wp\/v2\/types\/page"}],"author":[{"embeddable":true,"href":"https:\/\/odonnabhain-kenmare.com\/fr\/wp-json\/wp\/v2\/users\/1"}],"replies":[{"embeddable":true,"href":"https:\/\/odonnabhain-kenmare.com\/fr\/wp-json\/wp\/v2\/comments?post=5543"}],"version-history":[{"count":1,"href":"https:\/\/odonnabhain-kenmare.com\/fr\/wp-json\/wp\/v2\/pages\/5543\/revisions"}],"predecessor-version":[{"id":6221,"href":"https:\/\/odonnabhain-kenmare.com\/fr\/wp-json\/wp\/v2\/pages\/5543\/revisions\/6221"}],"wp:attachment":[{"href":"https:\/\/odonnabhain-kenmare.com\/fr\/wp-json\/wp\/v2\/media?parent=5543"}],"curies":[{"name":"wp","href":"https:\/\/api.w.org\/{rel}","templated":true}]}}