{"id":6730,"date":"2023-11-13T14:44:04","date_gmt":"2023-11-13T14:44:04","guid":{"rendered":"https:\/\/odonnabhain-kenmare.com\/trabajo-de-chef\/"},"modified":"2023-11-25T14:51:32","modified_gmt":"2023-11-25T14:51:32","slug":"trabajo-de-chef","status":"publish","type":"page","link":"https:\/\/odonnabhain-kenmare.com\/es\/trabajo-de-chef\/","title":{"rendered":"trabajo de chef"},"content":{"rendered":"\t\t<div data-elementor-type=\"wp-page\" data-elementor-id=\"6730\" class=\"elementor elementor-6730 elementor-6725\" data-elementor-post-type=\"page\">\n\t\t\t\t\t\t<section class=\"elementor-section elementor-top-section elementor-element elementor-element-7039f35 elementor-section-boxed elementor-section-height-default elementor-section-height-default\" data-id=\"7039f35\" data-element_type=\"section\" data-e-type=\"section\">\n\t\t\t\t\t\t<div class=\"elementor-container elementor-column-gap-default\">\n\t\t\t\t\t<div class=\"elementor-column elementor-col-100 elementor-top-column elementor-element elementor-element-0649f1e\" data-id=\"0649f1e\" data-element_type=\"column\" data-e-type=\"column\">\n\t\t\t<div class=\"elementor-widget-wrap elementor-element-populated\">\n\t\t\t\t\t\t<div class=\"elementor-element elementor-element-30baa60 elementor-widget elementor-widget-text-editor\" data-id=\"30baa60\" data-element_type=\"widget\" data-e-type=\"widget\" data-widget_type=\"text-editor.default\">\n\t\t\t\t<div class=\"elementor-widget-container\">\n\t\t\t\t\t\t\t\t\t<div class=\"jd-section-employer\">\n<div class=\"jd-description-text\">\n<h1 style=\"text-align: center;\"><strong>\u00danete a nuestro equipo de cocina<\/strong><\/h1>\n<p>O Donnabhains Bar & Guesthouse Ltd \/ n\u00famero de registro 6370867N est\u00e1 buscando contratar a un sous chef , 2 chef de partie y 2 commis chefs para trabajar en nuestra propiedad O Donnabhains Bar & Guesthouse, 10 Henry Street , Kenmare , Co Kerry www.odonnabhain-kenmare.com<\/p>\n<p>El sous chef : trabajar y supervisar la preparaci\u00f3n de la comida en ambas secciones \/caliente y fr\u00eda y asegurar que la comida debe ser entregada a tiempo, preparada seg\u00fan la receta y tener el sabor y la presentaci\u00f3n de acuerdo con las normas establecidas.<\/p>\n<p>El chef de partie debe trabajar en la seccion fria ( entrantes\/appetitivos frios ) o en cualquier estacion de la seccion caliente ( aperitivos calientes, guarnicion, plancha, freidora, sarten o salsa ) y supervisar la preparacion de la mise en place en su seccion El demis chef debe preparar la mise en place y ayudar en la preparacion del menu Los salarios brutos anuales minimos ofrecidos: 39 k para sous chef , 33 k para chef de partie y 30 k para commis chef ; dependiendo de la experiencia los salarios ; programa de trabajo de 39 horas\/semana .<\/p>\n<p>Experiencia requerida: sous chef con un m\u00ednimo de 5 a\u00f1os de experiencia; chef de partie con un m\u00ednimo de 3 a\u00f1os de experiencia en la secci\u00f3n de fr\u00edo y caliente; commis chef con un m\u00ednimo de 2 a\u00f1os de experiencia; Para presentar su candidatura, env\u00ede su curr\u00edculum v\u00edtae por correo electr\u00f3nico a info@odonnabhain-kenmare.com; para m\u00e1s informaci\u00f3n, puede ponerse en contacto con nosotros por tel\u00e9fono.<\/p>\n<\/div>\n<\/div>\n<div class=\"jd-section-job-type\">\n<p class=\"jd-description-text\">Tipos de empleo: Tiempo completo, Permanente<\/p>\n<\/div>\n<div class=\"jd-section-job-salary\">\n<p class=\"jd-description-text\">Salario: 14,95-19,00 euros por hora<\/p>\n<\/div>\n\t\t\t\t\t\t\t\t<\/div>\n\t\t\t\t<\/div>\n\t\t\t\t\t<\/div>\n\t\t<\/div>\n\t\t\t\t\t<\/div>\n\t\t<\/section>\n\t\t\t\t<section class=\"elementor-section elementor-top-section elementor-element elementor-element-4770788 elementor-section-boxed elementor-section-height-default elementor-section-height-default\" data-id=\"4770788\" data-element_type=\"section\" data-e-type=\"section\">\n\t\t\t\t\t\t<div class=\"elementor-container elementor-column-gap-default\">\n\t\t\t\t\t<div class=\"elementor-column elementor-col-100 elementor-top-column elementor-element elementor-element-190a024\" data-id=\"190a024\" data-element_type=\"column\" data-e-type=\"column\">\n\t\t\t<div class=\"elementor-widget-wrap elementor-element-populated\">\n\t\t\t\t\t\t<div class=\"elementor-element elementor-element-6687858 elementor-widget elementor-widget-text-editor\" data-id=\"6687858\" data-element_type=\"widget\" data-e-type=\"widget\" data-widget_type=\"text-editor.default\">\n\t\t\t\t<div class=\"elementor-widget-container\">\n\t\t\t\t\t\t\t\t\t<p style=\"text-align: center;\"><b>A continuaci\u00f3n encontrar\u00e1 los puestos disponibles en la actualidad. Haga clic en el puesto de trabajo que le interese. Cuando compruebe la descripci\u00f3n del puesto y desee presentar su candidatura, rellene sus datos, Presente su candidatura y nos pondremos en contacto con usted.<\/b><\/p>\n\t\t\t\t\t\t\t\t<\/div>\n\t\t\t\t<\/div>\n\t\t\t\t\t<\/div>\n\t\t<\/div>\n\t\t\t\t\t<\/div>\n\t\t<\/section>\n\t\t\t\t<section class=\"elementor-section elementor-top-section elementor-element elementor-element-482389d elementor-section-boxed elementor-section-height-default elementor-section-height-default\" data-id=\"482389d\" data-element_type=\"section\" data-e-type=\"section\">\n\t\t\t\t\t\t<div class=\"elementor-container elementor-column-gap-default\">\n\t\t\t\t\t<div class=\"elementor-column elementor-col-100 elementor-top-column elementor-element elementor-element-7143ca4\" data-id=\"7143ca4\" data-element_type=\"column\" data-e-type=\"column\">\n\t\t\t<div class=\"elementor-widget-wrap elementor-element-populated\">\n\t\t\t\t\t\t<div class=\"elementor-element elementor-element-33a271c elementor-widget elementor-widget-text-editor\" data-id=\"33a271c\" data-element_type=\"widget\" data-e-type=\"widget\" data-widget_type=\"text-editor.default\">\n\t\t\t\t<div class=\"elementor-widget-container\">\n\t\t\t\t\t\t\t\t\t<p><script type=\"text\/javascript\" src=\"https:\/\/login.hirelocker.com\/o-donnabhain-kenmare\/getlocationwidget\"><\/script><script type=\"text\/javascript\" charset=\"utf-8\">function getParam(name){name=name.replace(\/[\\[]\/,\"\\\\\\[\").replace(\/[\\]]\/,\"\\\\\\]\");var regexS=\"[\\\\?&]\"+name+\"=([^&#]*)\";var regex=new RegExp(regexS);var results=regex.exec(window.location.href);if(results==null)return\"\";else return results[1];}function updateIFrame(height){height = height*1;height = height + 30;var iframe=document.getElementById('jobs_iframe');iframe.setAttribute('height',height);}var height=getParam('height');if(height==\"\"){var hirelocker_options={};hirelocker_options.display=\"iframe\";hirelocker_options.company=\"o-donnabhain-kenmare\";hirelocker_options.placement=\"left\";hirelocker_options.type=\"widget\";hirelocker_options.color=\"#222\";hirelocker_options.style=\"idea\";hirelocker_options.url=document.URL;var hirelocker_widget=new HIRELOCKER.jobs_widget(hirelocker_options);}else{window.top.updateIFrame(height);}<\/script><\/p>\n\t\t\t\t\t\t\t\t<\/div>\n\t\t\t\t<\/div>\n\t\t\t\t<section class=\"elementor-section elementor-inner-section elementor-element elementor-element-15c4eb8 elementor-section-boxed elementor-section-height-default elementor-section-height-default\" data-id=\"15c4eb8\" data-element_type=\"section\" data-e-type=\"section\">\n\t\t\t\t\t\t<div class=\"elementor-container elementor-column-gap-default\">\n\t\t\t\t\t<div class=\"elementor-column elementor-col-50 elementor-inner-column elementor-element elementor-element-92a2394\" data-id=\"92a2394\" data-element_type=\"column\" data-e-type=\"column\">\n\t\t\t<div class=\"elementor-widget-wrap\">\n\t\t\t\t\t\t\t<\/div>\n\t\t<\/div>\n\t\t\t\t<div class=\"elementor-column elementor-col-50 elementor-inner-column elementor-element elementor-element-785ec10\" data-id=\"785ec10\" data-element_type=\"column\" data-e-type=\"column\">\n\t\t\t<div class=\"elementor-widget-wrap\">\n\t\t\t\t\t\t\t<\/div>\n\t\t<\/div>\n\t\t\t\t\t<\/div>\n\t\t<\/section>\n\t\t\t\t\t<\/div>\n\t\t<\/div>\n\t\t\t\t\t<\/div>\n\t\t<\/section>\n\t\t\t\t<\/div>\n\t\t","protected":false},"excerpt":{"rendered":"<p>\u00danete a nuestro equipo de cocina O Donnabhains Bar &#038; Guesthouse Ltd \/ n\u00famero de registro 6370867N est\u00e1 buscando contratar a un sous chef , 2 chef de partie y 2 commis chefs para trabajar en nuestra propiedad O Donnabhains Bar &#038; Guesthouse, 10 Henry Street , Kenmare , Co Kerry www.odonnabhain-kenmare.com El sous chef [&hellip;]<\/p>\n","protected":false},"author":1,"featured_media":0,"parent":0,"menu_order":0,"comment_status":"closed","ping_status":"closed","template":"","meta":{"_acf_changed":false,"_monsterinsights_skip_tracking":false,"_monsterinsights_sitenote_active":false,"_monsterinsights_sitenote_note":"","_monsterinsights_sitenote_category":0,"_uf_show_specific_survey":0,"_uf_disable_surveys":false,"footnotes":""},"class_list":["post-6730","page","type-page","status-publish","hentry"],"acf":[],"aioseo_notices":[],"_links":{"self":[{"href":"https:\/\/odonnabhain-kenmare.com\/es\/wp-json\/wp\/v2\/pages\/6730","targetHints":{"allow":["GET"]}}],"collection":[{"href":"https:\/\/odonnabhain-kenmare.com\/es\/wp-json\/wp\/v2\/pages"}],"about":[{"href":"https:\/\/odonnabhain-kenmare.com\/es\/wp-json\/wp\/v2\/types\/page"}],"author":[{"embeddable":true,"href":"https:\/\/odonnabhain-kenmare.com\/es\/wp-json\/wp\/v2\/users\/1"}],"replies":[{"embeddable":true,"href":"https:\/\/odonnabhain-kenmare.com\/es\/wp-json\/wp\/v2\/comments?post=6730"}],"version-history":[{"count":5,"href":"https:\/\/odonnabhain-kenmare.com\/es\/wp-json\/wp\/v2\/pages\/6730\/revisions"}],"predecessor-version":[{"id":6784,"href":"https:\/\/odonnabhain-kenmare.com\/es\/wp-json\/wp\/v2\/pages\/6730\/revisions\/6784"}],"wp:attachment":[{"href":"https:\/\/odonnabhain-kenmare.com\/es\/wp-json\/wp\/v2\/media?parent=6730"}],"curies":[{"name":"wp","href":"https:\/\/api.w.org\/{rel}","templated":true}]}}