{"id":6343,"date":"2023-05-08T10:27:26","date_gmt":"2023-05-08T10:27:26","guid":{"rendered":"https:\/\/odonnabhain-kenmare.com\/terminos-y-condiciones\/"},"modified":"2023-05-08T10:27:26","modified_gmt":"2023-05-08T10:27:26","slug":"terminos-y-condiciones","status":"publish","type":"page","link":"https:\/\/odonnabhain-kenmare.com\/es\/terminos-y-condiciones\/","title":{"rendered":"T\u00e9rminos y condiciones"},"content":{"rendered":"<h2>T\u00e9rminos y condiciones de la mejor tarifa garantizada<\/h2>\n<p>1. Las habitaciones en el otro sitio web deben estar disponibles p\u00fablicamente (confirmaci\u00f3n instant\u00e1nea), visibles y reservables en Internet para las mismas fechas, y debe notificarnos dentro de las 48 horas posteriores a la realizaci\u00f3n de su reserva directamente con nosotros.<br \/>\n2. Debe realizar la reserva a trav\u00e9s de nuestro sitio web en www.odonnabhain-kenmare.com a trav\u00e9s de nuestro sistema de reservas en l\u00ednea. Entonces cont\u00e1ctenos sobre la tarifa m\u00e1s barata en el sitio web de terceros. Una vez verificada esta tarifa, le enviaremos un correo electr\u00f3nico para informarle que hemos reducido la tarifa de su estad\u00eda.<br \/>\n3. Para calificar, reserve su habitaci\u00f3n en l\u00ednea en este sitio web.<\/p>\n<p>La mejor tarifa garantizada no se aplica a:<br \/>\n&#8211; Tarifas de paquete, es decir. cualquier estad\u00eda en un hotel que se venda como parte de un paquete de vacaciones total.<br \/>\n&#8211; Reservas realizadas a trav\u00e9s de proveedores opacos, es decir, un sitio de hotel donde no se proporciona el nombre del hotel hasta despu\u00e9s de realizar la reserva.<br \/>\n&#8211; Tarifas que no est\u00e1n disponibles p\u00fablicamente, es decir, tarifas corporativas o negociadas.<\/p>\n<h2>T\u00e9rminos Generales y Condiciones<\/h2>\n<h3>Nuestras tarifas<\/h3>\n<p>Los precios son por habitaci\u00f3n por noche y pueden incluir desayuno irland\u00e9s completo y todos los impuestos, si la habitaci\u00f3n se reserva con desayuno, para las reservas de solo alojamiento, todos los impuestos est\u00e1n incluidos en la tarifa.<br \/>\nDonde ha reservado varias noches y debido a esto ha recibido un descuento por noche para su estad\u00eda. Si va a cambiar su reserva a menos noches de las reservadas, el descuento de cualquier noche no se aplicar\u00e1 y se eliminar\u00e1, del cual pagar\u00e1 el monto total de la noche.<\/p>\n<h3>Nuestro proceso de tarjeta<\/h3>\n<p>Los datos de su tarjeta de cr\u00e9dito solo se conservan como garant\u00eda. Al hacer una reserva, los datos de su tarjeta est\u00e1n preautorizados, pero no se cargan. Esto significa que debe tener fondos suficientes en la tarjeta para la estad\u00eda de una noche. A continuaci\u00f3n, puede pagar al llegar al hotel con tarjeta o en efectivo. Para reservas de m\u00e1s de 7 d\u00edas, es posible que solicitemos un dep\u00f3sito mediante transferencia bancaria, sin embargo, esto queda a discreci\u00f3n del gerente.<\/p>\n<h3>Modificaciones<\/h3>\n<p>Los hu\u00e9spedes deben modificar todas las reservas 5 d\u00edas h\u00e1biles antes de la fecha de llegada y no se aplicar\u00e1 ning\u00fan cargo. Tenga en cuenta tambi\u00e9n que todas las modificaciones deben realizarse por escrito, ya sea por fax o correo electr\u00f3nico.<\/p>\n<h3>Cancelaciones<\/h3>\n<p>No se aceptar\u00e1n cancelaciones por tel\u00e9fono.<br \/>\nSi realiz\u00f3 su reserva en un sitio web externo, que revende nuestro alojamiento, entonces debe cancelar su reserva con esa empresa.<br \/>\nSi bien lamentamos si alguien tiene que cancelar, aqu\u00ed est\u00e1 la Pol\u00edtica de cancelaci\u00f3n,<br \/>\nSi cancela hasta 8 d\u00edas antes de su llegada, no hay cargo por cancelaci\u00f3n, excepto que pierde su dep\u00f3sito de reserva.<br \/>\nSi cancela entre 7 y 3 d\u00edas antes de la fecha prevista de llegada, se aplicar\u00e1 un cargo por cancelaci\u00f3n por su primera noche de estad\u00eda.<br \/>\nSi cancela 2 d\u00edas o menos, o no se presenta, se le cobrar\u00e1 la reserva por el monto total de su estad\u00eda.<br \/>\nCon incidentes \u00fanicos como la ceniza volc\u00e1nica en 2010 \/ huelgas de aerol\u00edneas, no cobramos ning\u00fan cargo por cancelaci\u00f3n ya que esta circunstancia est\u00e1 totalmente fuera de su control. La semana de la Ceniza Volc\u00e1nica en abril de 2010, perdimos 3250 \u20ac en negocios y no cobramos a nadie, ya que esta era una circunstancia que escapaba al control de los hu\u00e9spedes.<br \/>\nLa mayor parte de nuestro negocio son las reservas, ya que la mayor\u00eda de los hu\u00e9spedes prefieren tener el alojamiento arreglado y reservado, por lo que tenemos que tener una pol\u00edtica de cancelaci\u00f3n debido a esto, ya que si la habitaci\u00f3n se cancela y no podemos venderla, sufrir\u00edamos, especialmente cuando probablemente lo har\u00edamos. se han negado a hacer negocios debido a su reserva, espero que lo entiendan.<\/p>\n<h3>Ofertas especiales<\/h3>\n<p>Solo permitimos una oferta especial por reserva. Donde vea varias ofertas especiales, elija la que m\u00e1s se adapte a su reserva y obtenga el mejor valor \/ descuento.<br \/>\nHorarios de entrada \/ salida<br \/>\nEl horario de check in es a cualquier hora despu\u00e9s de las 14:00 pm. Si los hu\u00e9spedes llegan antes, podemos ofrecer guardar el equipaje en el hotel. La hora de salida en la fecha de salida es a las 11:00 am. Para horarios de salida posteriores, organ\u00edcelo con las reservas la noche anterior a la salida.<br \/>\nSi va a llegar m\u00e1s tarde de las 18:00, ll\u00e1menos el d\u00eda de llegada para notificarnos su hora estimada de llegada.<br \/>\nSi el d\u00eda en que debe comenzar su reserva y no ha llegado antes de las 18:00, tenemos derecho a cargar su tarjeta para verificar su autenticidad. Si no hubiera medios suficientes para cubrir los gastos de alojamiento, intentaremos comunicarnos con usted en el n\u00famero de tel\u00e9fono que ha proporcionado para determinar su ubicaci\u00f3n, si no logramos comunicarnos con usted, no tenemos m\u00e1s remedio que cancelar la reserva de inmediato. . No nos hacemos responsables si llega m\u00e1s tarde en la noche y no hay disponibilidad para usted, ya que hemos hecho todo lo posible para averiguar su paradero.<br \/>\nIgualmente ofrecemos el servicio a los hu\u00e9spedes donde podemos guardar el equipaje despu\u00e9s de las 11:00 am hasta el final del d\u00eda en la fecha de salida.<\/p>\n<h3>Gobernanza legal<\/h3>\n<p>Su reserva se rige por la ley irlandesa y est\u00e1 sujeta a la jurisdicci\u00f3n exclusiva de los tribunales irlandeses. La confirmaci\u00f3n de la reserva y estos t\u00e9rminos representan el acuerdo completo entre O &#8216;Donnabhain y usted.<br \/>\nUsted confirma que no ha celebrado el contrato con O &#8216;Donnabhains sobre la base de ninguna representaci\u00f3n no incorporada expresamente en estos documentos.<\/p>\n<h3>Responsabilidad<\/h3>\n<p>O &#8216;Donnabhain&#8217;s no acepta responsabilidad por omisiones o errores y se reserva el derecho en cualquier momento de cambiar la informaci\u00f3n publicada en el sitio.<br \/>\nO &#8216;Donnabhain no acepta responsabilidad por ninguna p\u00e9rdida, ya sea indirecta o consecuente, que pueda surgir del uso o conexi\u00f3n con el sitio web de O Donnabhain o por cualquier producto o servicio comprado en el sitio web de O&#8217; Donnabhain.<\/p>\n<h3>Quejas<\/h3>\n<p>Cualquier queja sobre el servicio de reserva debe notificarse a O Donnabhain por escrito o por correo electr\u00f3nico lo antes posible.<br \/>\nCualquier queja relacionada con su estad\u00eda con nosotros debe ser comunicada a nuestra atenci\u00f3n lo antes posible durante su estad\u00eda y, si no se resuelve a su satisfacci\u00f3n, debe notificarse a O Donnabhain por escrito.<\/p>\n<h3>Comportamiento de los hu\u00e9spedes<\/h3>\n<p>Se espera que usted se comporte en todo momento de una manera ordenada y aceptable y que no interrumpa el disfrute tranquilo de otros hu\u00e9spedes. Nos reservamos el derecho de cancelar inmediatamente su reserva y la reserva de cualquier miembro de su grupo si nosotros (actuando razonablemente) consideramos que su conducta infringe esta cl\u00e1usula.<\/p>\n<p>La conducta que consideramos razonablemente inapropiada y en incumplimiento de la cl\u00e1usula incluye, entre otras, las siguientes:<br \/>\n(a) crear un nivel de ruido inadecuado;<br \/>\n(b) comportamiento ebrio o rebelde; y \/ o<br \/>\n(c) cualquier comportamiento que otros hu\u00e9spedes o el personal encuentren ofensivo de alguna manera.<\/p>\n<p>En todo momento actuaremos de manera razonable al tomar cualquier determinaci\u00f3n.<\/p>\n<p>En el caso de que cancelemos su reserva, se le pedir\u00e1 que deje su alojamiento inmediatamente. Usted ser\u00e1 responsable de cualquier da\u00f1o o p\u00e9rdida causados por usted o un miembro de su grupo. El pago total de dichos da\u00f1os o p\u00e9rdidas debe pagarse antes de su partida. Si no realiza el pago, ser\u00e1 responsable de atender cualquier reclamo (incluidos los costos legales) que se presenten posteriormente contra nosotros como resultado de sus acciones, junto con todos los costos en los que incurramos al presentar cualquier reclamo en su contra.<br \/>\nNuestras obligaciones para con usted terminan cuando se cancela la reserva. No tendremos la obligaci\u00f3n de reembolsarle el alojamiento perdido y no pagaremos los gastos o costos incurridos como resultado de la rescisi\u00f3n.<\/p>\n<h3>Diverso<\/h3>\n<p>Los requisitos de pasaporte, visa y salud para usted y su grupo son su responsabilidad. Se recomienda encarecidamente obtener un seguro de viaje contra cancelaci\u00f3n.<br \/>\nGarantiza que tiene al menos 18 a\u00f1os de edad. Todas las reservas son personales para usted y no pueden venderse, asignarse ni transferirse de ning\u00fan otro modo.<br \/>\nSi nuestras confirmaciones de reserva de hotel se utilizan de manera inapropiada como medio de solicitud de VISA, se cobrar\u00e1 una tarifa administrativa y se informar\u00e1 al cliente a las autoridades locales.<\/p>\n<h3>Transferencia de reserva<\/h3>\n<p>En alg\u00fan momento, debido a circunstancias fuera de nuestro control, es posible que tengamos que transferir una reserva a otra premisa del mismo est\u00e1ndar que calific\u00f3 la Oficina de Turismo de Irlanda, y con la misma tarifa que usted reserv\u00f3. Esto puede suceder como resultado de posiblemente un hu\u00e9sped que est\u00e1 enfermo y no podemos transferirlo para facilitar su reserva. Debido a esto, no podemos ser responsables de ning\u00fan problema de conformidad en relaci\u00f3n con su reserva. Puede estar totalmente seguro de que ser\u00e1 transferido a una propiedad similar en t\u00e9rminos de est\u00e1ndar y precio dentro de la ciudad de kenmare.<\/p>\n","protected":false},"excerpt":{"rendered":"<p>T\u00e9rminos y condiciones de la mejor tarifa garantizada 1. Las habitaciones en el otro sitio web deben estar disponibles p\u00fablicamente (confirmaci\u00f3n instant\u00e1nea), visibles y reservables en Internet para las mismas fechas, y debe notificarnos dentro de las 48 horas posteriores a la realizaci\u00f3n de su reserva directamente con nosotros. 2. Debe realizar la reserva a [&hellip;]<\/p>\n","protected":false},"author":1,"featured_media":0,"parent":0,"menu_order":0,"comment_status":"closed","ping_status":"closed","template":"template-fullwidth.php","meta":{"_acf_changed":false,"_monsterinsights_skip_tracking":false,"_monsterinsights_sitenote_active":false,"_monsterinsights_sitenote_note":"","_monsterinsights_sitenote_category":0,"_uf_show_specific_survey":0,"_uf_disable_surveys":false,"footnotes":""},"class_list":["post-6343","page","type-page","status-publish","hentry"],"acf":[],"aioseo_notices":[],"_links":{"self":[{"href":"https:\/\/odonnabhain-kenmare.com\/es\/wp-json\/wp\/v2\/pages\/6343","targetHints":{"allow":["GET"]}}],"collection":[{"href":"https:\/\/odonnabhain-kenmare.com\/es\/wp-json\/wp\/v2\/pages"}],"about":[{"href":"https:\/\/odonnabhain-kenmare.com\/es\/wp-json\/wp\/v2\/types\/page"}],"author":[{"embeddable":true,"href":"https:\/\/odonnabhain-kenmare.com\/es\/wp-json\/wp\/v2\/users\/1"}],"replies":[{"embeddable":true,"href":"https:\/\/odonnabhain-kenmare.com\/es\/wp-json\/wp\/v2\/comments?post=6343"}],"version-history":[{"count":0,"href":"https:\/\/odonnabhain-kenmare.com\/es\/wp-json\/wp\/v2\/pages\/6343\/revisions"}],"wp:attachment":[{"href":"https:\/\/odonnabhain-kenmare.com\/es\/wp-json\/wp\/v2\/media?parent=6343"}],"curies":[{"name":"wp","href":"https:\/\/api.w.org\/{rel}","templated":true}]}}