{"id":6339,"date":"2023-05-08T10:21:25","date_gmt":"2023-05-08T10:21:25","guid":{"rendered":"https:\/\/odonnabhain-kenmare.com\/informacion-general\/"},"modified":"2023-05-08T10:21:26","modified_gmt":"2023-05-08T10:21:26","slug":"informacion-general","status":"publish","type":"page","link":"https:\/\/odonnabhain-kenmare.com\/es\/informacion-general\/","title":{"rendered":"Informaci\u00f3n general"},"content":{"rendered":"\t\t<div data-elementor-type=\"wp-page\" data-elementor-id=\"6339\" class=\"elementor elementor-6339 elementor-1971\" data-elementor-post-type=\"page\">\n\t\t\t\t\t\t<section class=\"elementor-section elementor-top-section elementor-element elementor-element-0adeac2 elementor-section-stretched elementor-section-boxed elementor-section-height-default elementor-section-height-default\" data-id=\"0adeac2\" data-element_type=\"section\" data-e-type=\"section\" data-settings=\"{&quot;stretch_section&quot;:&quot;section-stretched&quot;}\">\n\t\t\t\t\t\t<div class=\"elementor-container elementor-column-gap-default\">\n\t\t\t\t\t<div class=\"elementor-column elementor-col-100 elementor-top-column elementor-element elementor-element-d8851d1\" data-id=\"d8851d1\" data-element_type=\"column\" data-e-type=\"column\">\n\t\t\t<div class=\"elementor-widget-wrap elementor-element-populated\">\n\t\t\t\t\t\t<div class=\"elementor-element elementor-element-5a57a2a elementor-widget elementor-widget-spacer\" data-id=\"5a57a2a\" data-element_type=\"widget\" data-e-type=\"widget\" data-widget_type=\"spacer.default\">\n\t\t\t\t<div class=\"elementor-widget-container\">\n\t\t\t\t\t\t\t<div class=\"elementor-spacer\">\n\t\t\t<div class=\"elementor-spacer-inner\"><\/div>\n\t\t<\/div>\n\t\t\t\t\t\t<\/div>\n\t\t\t\t<\/div>\n\t\t\t\t<div class=\"elementor-element elementor-element-6373196 elementor-widget elementor-widget-heading\" data-id=\"6373196\" data-element_type=\"widget\" data-e-type=\"widget\" data-widget_type=\"heading.default\">\n\t\t\t\t<div class=\"elementor-widget-container\">\n\t\t\t\t\t<h2 class=\"elementor-heading-title elementor-size-default\">Consulte<\/h2>\t\t\t\t<\/div>\n\t\t\t\t<\/div>\n\t\t\t\t\t<\/div>\n\t\t<\/div>\n\t\t\t\t\t<\/div>\n\t\t<\/section>\n\t\t\t\t<section class=\"elementor-section elementor-top-section elementor-element elementor-element-cbd1b54 elementor-section-stretched elementor-section-boxed elementor-section-height-default elementor-section-height-default\" data-id=\"cbd1b54\" data-element_type=\"section\" data-e-type=\"section\" data-settings=\"{&quot;stretch_section&quot;:&quot;section-stretched&quot;}\">\n\t\t\t\t\t\t<div class=\"elementor-container elementor-column-gap-default\">\n\t\t\t\t\t<div class=\"elementor-column elementor-col-100 elementor-top-column elementor-element elementor-element-ae6b61c\" data-id=\"ae6b61c\" data-element_type=\"column\" data-e-type=\"column\">\n\t\t\t<div class=\"elementor-widget-wrap elementor-element-populated\">\n\t\t\t\t\t\t<div class=\"elementor-element elementor-element-785e983 elementor-widget elementor-widget-text-editor\" data-id=\"785e983\" data-element_type=\"widget\" data-e-type=\"widget\" data-widget_type=\"text-editor.default\">\n\t\t\t\t<div class=\"elementor-widget-container\">\n\t\t\t\t\t\t\t\t\t<div class=\"breadcrumb breadcrumbs woo-breadcrumbs\">\n<div class=\"breadcrumb-trail\"> <\/div>\n<\/div>\n<div class=\"post-21 page type-page status-publish hentry\">\n<div class=\"entry\">\n<p>Si desea hacer <strong>una reserva, haga clic<\/strong> <a href=\"https:\/\/app.thebookingbutton.com\/properties\/odonnabbainsdirect\" target=\"_blank\" rel=\"noopener noreferrer\">AQU\u00cd<\/a> para ir a nuestro sistema de reservas, donde podr\u00e1 <strong>Reservar Directo y Ahorrar<\/strong> y obtener una confirmaci\u00f3n instant\u00e1nea. Elija sus fechas de llegada y salida, y ver\u00e1 lo que hay disponible, y podr\u00e1 hacer su reserva.<\/p>\n<p><strong>Si tiene alguna pregunta<\/strong> antes de reservar, consulte nuestra <a title=\"Preguntas frecuentes\" href=\"https:\/\/odonnabhain-kenmare.com\/es\/preguntas-frecuentes\/\" target=\"_blank\" rel=\"noopener noreferrer\">p\u00e1gina de preguntas frecuentes<\/a>, donde encontrar\u00e1 toda la informaci\u00f3n que necesite.<\/p>\n<p><strong>Si se hospeda por m\u00e1s de 2 noches, consulte nuestras casas de vacaciones en<\/strong> <a href=\"http:\/\/www.kenmarerentals.com\/?utm_source=odon&utm_medium=url\" target=\"_blank\" rel=\"noopener noreferrer\">Kenmare Rentals<\/a> .<\/p>\n<p>Para consultas generales, rellene el siguiente formulario y nos pondremos en contacto con usted lo antes posible.<\/p>\n<\/div>\n<\/div>\n\t\t\t\t\t\t\t\t<\/div>\n\t\t\t\t<\/div>\n\t\t\t\t\t<\/div>\n\t\t<\/div>\n\t\t\t\t\t<\/div>\n\t\t<\/section>\n\t\t\t\t<section class=\"elementor-section elementor-top-section elementor-element elementor-element-ac720d8 elementor-section-stretched elementor-section-boxed elementor-section-height-default elementor-section-height-default\" data-id=\"ac720d8\" data-element_type=\"section\" data-e-type=\"section\" data-settings=\"{&quot;stretch_section&quot;:&quot;section-stretched&quot;}\">\n\t\t\t\t\t\t<div class=\"elementor-container elementor-column-gap-default\">\n\t\t\t\t\t<div class=\"elementor-column elementor-col-50 elementor-top-column elementor-element elementor-element-ce9070e\" data-id=\"ce9070e\" data-element_type=\"column\" data-e-type=\"column\">\n\t\t\t<div class=\"elementor-widget-wrap elementor-element-populated\">\n\t\t\t\t\t\t<div class=\"elementor-element elementor-element-837f7c4 elementor-widget elementor-widget-shortcode\" data-id=\"837f7c4\" data-element_type=\"widget\" data-e-type=\"widget\" data-widget_type=\"shortcode.default\">\n\t\t\t\t<div class=\"elementor-widget-container\">\n\t\t\t\t\t\t\t<div class=\"elementor-shortcode\"><script type=\"text\/javascript\" src=\"https:\/\/form.jotform.com\/jsform\/220535791619057\"><\/script><\/div>\n\t\t\t\t\t\t<\/div>\n\t\t\t\t<\/div>\n\t\t\t\t\t<\/div>\n\t\t<\/div>\n\t\t\t\t<div class=\"elementor-column elementor-col-50 elementor-top-column elementor-element elementor-element-f2f9f1c\" data-id=\"f2f9f1c\" data-element_type=\"column\" data-e-type=\"column\">\n\t\t\t<div class=\"elementor-widget-wrap elementor-element-populated\">\n\t\t\t\t\t\t<div class=\"elementor-element elementor-element-262265b elementor-widget elementor-widget-text-editor\" data-id=\"262265b\" data-element_type=\"widget\" data-e-type=\"widget\" data-widget_type=\"text-editor.default\">\n\t\t\t\t<div class=\"elementor-widget-container\">\n\t\t\t\t\t\t\t\t\t<h2>Datos de contacto<\/h2>\n<p>O\u2019Donnabhain Kenmare. Henry Street, Kenmare, Co.Kerry, Irlanda.<\/p>\n<p><strong>Tel\u00e9fono (Irl): <\/strong> 064 66 42106<br \/><strong>Tel\u00e9fono (Int):<\/strong> 00 353 64 66 42106<\/p>\n<h2>Encu\u00e9ntranos<\/h2>\n<p><iframe src=\"https:\/\/www.google.com\/maps\/embed?pb=!1m14!1m8!1m3!1d4925.99206150606!2d-9.583641!3d51.879285!3m2!1i1024!2i768!4f13.1!3m3!1m2!1s0x0%3A0xad28a4f3a6385003!2sO+Donnabhains+Bar+%26+Guesthouse!5e0!3m2!1sen!2sie!4v1396883471457\" width=\"100%\" height=\"350\" frameborder=\"0\" data-mce-fragment=\"1\"><\/iframe><\/p>\n\t\t\t\t\t\t\t\t<\/div>\n\t\t\t\t<\/div>\n\t\t\t\t\t<\/div>\n\t\t<\/div>\n\t\t\t\t\t<\/div>\n\t\t<\/section>\n\t\t\t\t<\/div>\n\t\t","protected":false},"excerpt":{"rendered":"<p>Consulte Si desea hacer una reserva, haga clic AQU\u00cd para ir a nuestro sistema de reservas, donde podr\u00e1 Reservar Directo y Ahorrar y obtener una confirmaci\u00f3n instant\u00e1nea. Elija sus fechas de llegada y salida, y ver\u00e1 lo que hay disponible, y podr\u00e1 hacer su reserva. Si tiene alguna pregunta antes de reservar, consulte nuestra p\u00e1gina [&hellip;]<\/p>\n","protected":false},"author":1,"featured_media":0,"parent":0,"menu_order":0,"comment_status":"closed","ping_status":"closed","template":"","meta":{"_acf_changed":false,"_monsterinsights_skip_tracking":false,"_monsterinsights_sitenote_active":false,"_monsterinsights_sitenote_note":"","_monsterinsights_sitenote_category":0,"_uf_show_specific_survey":0,"_uf_disable_surveys":false,"footnotes":""},"class_list":["post-6339","page","type-page","status-publish","hentry"],"acf":[],"aioseo_notices":[],"_links":{"self":[{"href":"https:\/\/odonnabhain-kenmare.com\/es\/wp-json\/wp\/v2\/pages\/6339","targetHints":{"allow":["GET"]}}],"collection":[{"href":"https:\/\/odonnabhain-kenmare.com\/es\/wp-json\/wp\/v2\/pages"}],"about":[{"href":"https:\/\/odonnabhain-kenmare.com\/es\/wp-json\/wp\/v2\/types\/page"}],"author":[{"embeddable":true,"href":"https:\/\/odonnabhain-kenmare.com\/es\/wp-json\/wp\/v2\/users\/1"}],"replies":[{"embeddable":true,"href":"https:\/\/odonnabhain-kenmare.com\/es\/wp-json\/wp\/v2\/comments?post=6339"}],"version-history":[{"count":1,"href":"https:\/\/odonnabhain-kenmare.com\/es\/wp-json\/wp\/v2\/pages\/6339\/revisions"}],"predecessor-version":[{"id":6340,"href":"https:\/\/odonnabhain-kenmare.com\/es\/wp-json\/wp\/v2\/pages\/6339\/revisions\/6340"}],"wp:attachment":[{"href":"https:\/\/odonnabhain-kenmare.com\/es\/wp-json\/wp\/v2\/media?parent=6339"}],"curies":[{"name":"wp","href":"https:\/\/api.w.org\/{rel}","templated":true}]}}