{"id":5562,"date":"2023-03-30T07:33:05","date_gmt":"2023-03-30T07:33:05","guid":{"rendered":"https:\/\/odonnabhain-kenmare.com\/kenmare-para-llevar\/"},"modified":"2023-04-24T09:42:02","modified_gmt":"2023-04-24T09:42:02","slug":"kenmare-para-llevar","status":"publish","type":"page","link":"https:\/\/odonnabhain-kenmare.com\/es\/kenmare-para-llevar\/","title":{"rendered":"Kenmare Take Away"},"content":{"rendered":"\t\t<div data-elementor-type=\"wp-page\" data-elementor-id=\"5562\" class=\"elementor elementor-5562 elementor-2997\" data-elementor-post-type=\"page\">\n\t\t\t\t\t\t<section class=\"elementor-section elementor-top-section elementor-element elementor-element-4a83b816 elementor-section-full_width elementor-section-stretched elementor-section-height-default elementor-section-height-default elementor-invisible\" data-id=\"4a83b816\" data-element_type=\"section\" data-e-type=\"section\" data-settings=\"{&quot;stretch_section&quot;:&quot;section-stretched&quot;,&quot;background_background&quot;:&quot;classic&quot;,&quot;animation&quot;:&quot;fadeIn&quot;}\">\n\t\t\t\t\t\t\t<div class=\"elementor-background-overlay\"><\/div>\n\t\t\t\t\t\t\t<div class=\"elementor-container elementor-column-gap-default\">\n\t\t\t\t\t<div class=\"elementor-column elementor-col-100 elementor-top-column elementor-element elementor-element-7b86fdf6 elementor-invisible\" data-id=\"7b86fdf6\" data-element_type=\"column\" data-e-type=\"column\" data-settings=\"{&quot;animation&quot;:&quot;fadeIn&quot;}\">\n\t\t\t<div class=\"elementor-widget-wrap elementor-element-populated\">\n\t\t\t\t\t\t<div class=\"elementor-element elementor-element-3d044f00 elementor-widget elementor-widget-heading\" data-id=\"3d044f00\" data-element_type=\"widget\" data-e-type=\"widget\" data-widget_type=\"heading.default\">\n\t\t\t\t<div class=\"elementor-widget-container\">\n\t\t\t\t\t<h2 class=\"elementor-heading-title elementor-size-default\">PEDIR PARA LLEVAR  <\/h2>\t\t\t\t<\/div>\n\t\t\t\t<\/div>\n\t\t\t\t\t<\/div>\n\t\t<\/div>\n\t\t\t\t\t<\/div>\n\t\t<\/section>\n\t\t\t\t<section class=\"elementor-section elementor-inner-section elementor-element elementor-element-2130b5e0 elementor-section-full_width elementor-section-height-default elementor-section-height-default\" data-id=\"2130b5e0\" data-element_type=\"section\" data-e-type=\"section\">\n\t\t\t\t\t\t<div class=\"elementor-container elementor-column-gap-no\">\n\t\t\t\t\t<div class=\"elementor-column elementor-col-100 elementor-inner-column elementor-element elementor-element-6b0643f3\" data-id=\"6b0643f3\" data-element_type=\"column\" data-e-type=\"column\">\n\t\t\t<div class=\"elementor-widget-wrap elementor-element-populated\">\n\t\t\t\t\t\t<div class=\"elementor-element elementor-element-12813032 elementor-widget elementor-widget-text-editor\" data-id=\"12813032\" data-element_type=\"widget\" data-e-type=\"widget\" data-widget_type=\"text-editor.default\">\n\t\t\t\t<div class=\"elementor-widget-container\">\n\t\t\t\t\t\t\t\t\t<h2 style=\"text-align: left;\">PEDIR ALIMENTOS PARA LA RECOGIDA<\/h2>\n<p style=\"text-align: left;\">Pida sus platos favoritos a O&#8217;Donnabhains para comer en casa, hacer un picnic en el muelle o en cualquier lugar con vistas a la bah\u00eda de Kenmare o en los alrededores de Kenmare Town.<\/p>\n<p style=\"text-align: left;\">S\u00f3lo tiene que hacer su pedido en l\u00ednea a continuaci\u00f3n, seleccionar la hora a la que desea su comida y podr\u00e1 recogerla en el mostrador o se la llevaremos a su coche a su llegada.<\/p>\n\t\t\t\t\t\t\t\t<\/div>\n\t\t\t\t<\/div>\n\t\t\t\t\t<\/div>\n\t\t<\/div>\n\t\t\t\t\t<\/div>\n\t\t<\/section>\n\t\t\t\t<section class=\"elementor-section elementor-top-section elementor-element elementor-element-530afc9 elementor-section-boxed elementor-section-height-default elementor-section-height-default\" data-id=\"530afc9\" data-element_type=\"section\" data-e-type=\"section\">\n\t\t\t\t\t\t<div class=\"elementor-container elementor-column-gap-default\">\n\t\t\t\t\t<div class=\"elementor-column elementor-col-100 elementor-top-column elementor-element elementor-element-a754d02\" data-id=\"a754d02\" data-element_type=\"column\" data-e-type=\"column\">\n\t\t\t<div class=\"elementor-widget-wrap elementor-element-populated\">\n\t\t\t\t\t\t<div class=\"elementor-element elementor-element-9f6ba2e elementor-widget elementor-widget-shortcode\" data-id=\"9f6ba2e\" data-element_type=\"widget\" data-e-type=\"widget\" data-widget_type=\"shortcode.default\">\n\t\t\t\t<div class=\"elementor-widget-container\">\n\t\t\t\t\t\t\t<div class=\"elementor-shortcode\">\n<!-- iframe plugin v.6.0 wordpress.org\/plugins\/iframe\/ -->\n<iframe src=\"https:\/\/www.foodbooking.com\/ordering\/restaurant\/menu?restaurant_uid=5dae3a17-a253-494a-b99f-ca483621ee5c\" width=\"100%\" height=\"1200\" scrolling=\"yes\" class=\"iframe-class\" frameborder=\"0\"><\/iframe>\n<\/div>\n\t\t\t\t\t\t<\/div>\n\t\t\t\t<\/div>\n\t\t\t\t\t<\/div>\n\t\t<\/div>\n\t\t\t\t\t<\/div>\n\t\t<\/section>\n\t\t\t\t<section class=\"elementor-section elementor-inner-section elementor-element elementor-element-93eb071 elementor-section-full_width elementor-section-height-default elementor-section-height-default\" data-id=\"93eb071\" data-element_type=\"section\" data-e-type=\"section\">\n\t\t\t\t\t\t<div class=\"elementor-container elementor-column-gap-no\">\n\t\t\t\t\t<div class=\"elementor-column elementor-col-100 elementor-inner-column elementor-element elementor-element-422e74c5\" data-id=\"422e74c5\" data-element_type=\"column\" data-e-type=\"column\">\n\t\t\t<div class=\"elementor-widget-wrap elementor-element-populated\">\n\t\t\t\t\t\t<div class=\"elementor-element elementor-element-4b44000 elementor-widget elementor-widget-text-editor\" data-id=\"4b44000\" data-element_type=\"widget\" data-e-type=\"widget\" data-widget_type=\"text-editor.default\">\n\t\t\t\t<div class=\"elementor-widget-container\">\n\t\t\t\t\t\t\t\t\t<h2 style=\"text-align: left;\">MANTENER LIMPIO KENMARE<\/h2>\n<p style=\"text-align: left;\">Tenemos muy en cuenta el medio ambiente. Hemos elegido, en la medida de lo posible, envases de cart\u00f3n totalmente reciclables y herm\u00e9ticos, y bolsas de papel marr\u00f3n para nuestros alimentos. Si decide cenar al aire libre, le rogamos que se deshaga de sus residuos adecuadamente o que nos los traiga para que los eliminemos por usted.<\/p>\n\t\t\t\t\t\t\t\t<\/div>\n\t\t\t\t<\/div>\n\t\t\t\t\t<\/div>\n\t\t<\/div>\n\t\t\t\t\t<\/div>\n\t\t<\/section>\n\t\t\t\t<\/div>\n\t\t","protected":false},"excerpt":{"rendered":"<p>PEDIR PARA LLEVAR PEDIR ALIMENTOS PARA LA RECOGIDA Pida sus platos favoritos a O&#8217;Donnabhains para comer en casa, hacer un picnic en el muelle o en cualquier lugar con vistas a la bah\u00eda de Kenmare o en los alrededores de Kenmare Town. S\u00f3lo tiene que hacer su pedido en l\u00ednea a continuaci\u00f3n, seleccionar la hora [&hellip;]<\/p>\n","protected":false},"author":1,"featured_media":0,"parent":0,"menu_order":0,"comment_status":"closed","ping_status":"closed","template":"elementor_header_footer","meta":{"_acf_changed":false,"_monsterinsights_skip_tracking":false,"_monsterinsights_sitenote_active":false,"_monsterinsights_sitenote_note":"","_monsterinsights_sitenote_category":0,"_uf_show_specific_survey":0,"_uf_disable_surveys":false,"footnotes":""},"class_list":["post-5562","page","type-page","status-publish","hentry"],"acf":[],"aioseo_notices":[],"_links":{"self":[{"href":"https:\/\/odonnabhain-kenmare.com\/es\/wp-json\/wp\/v2\/pages\/5562","targetHints":{"allow":["GET"]}}],"collection":[{"href":"https:\/\/odonnabhain-kenmare.com\/es\/wp-json\/wp\/v2\/pages"}],"about":[{"href":"https:\/\/odonnabhain-kenmare.com\/es\/wp-json\/wp\/v2\/types\/page"}],"author":[{"embeddable":true,"href":"https:\/\/odonnabhain-kenmare.com\/es\/wp-json\/wp\/v2\/users\/1"}],"replies":[{"embeddable":true,"href":"https:\/\/odonnabhain-kenmare.com\/es\/wp-json\/wp\/v2\/comments?post=5562"}],"version-history":[{"count":2,"href":"https:\/\/odonnabhain-kenmare.com\/es\/wp-json\/wp\/v2\/pages\/5562\/revisions"}],"predecessor-version":[{"id":6212,"href":"https:\/\/odonnabhain-kenmare.com\/es\/wp-json\/wp\/v2\/pages\/5562\/revisions\/6212"}],"wp:attachment":[{"href":"https:\/\/odonnabhain-kenmare.com\/es\/wp-json\/wp\/v2\/media?parent=5562"}],"curies":[{"name":"wp","href":"https:\/\/api.w.org\/{rel}","templated":true}]}}