{"id":5547,"date":"2023-03-30T07:33:02","date_gmt":"2023-03-30T07:33:02","guid":{"rendered":"https:\/\/odonnabhain-kenmare.com\/our-rooms\/"},"modified":"2023-03-30T07:33:07","modified_gmt":"2023-03-30T07:33:07","slug":"our-rooms","status":"publish","type":"page","link":"https:\/\/odonnabhain-kenmare.com\/es\/our-rooms\/","title":{"rendered":"Our Rooms"},"content":{"rendered":"\t\t<div data-elementor-type=\"wp-page\" data-elementor-id=\"5547\" class=\"elementor elementor-5547\" data-elementor-post-type=\"page\">\n\t\t\t\t\t\t<section class=\"elementor-section elementor-top-section elementor-element elementor-element-b3fb879 elementor-section-stretched elementor-section-boxed elementor-section-height-default elementor-section-height-default\" data-id=\"b3fb879\" data-element_type=\"section\" data-e-type=\"section\" data-settings=\"{&quot;stretch_section&quot;:&quot;section-stretched&quot;}\">\n\t\t\t\t\t\t<div class=\"elementor-container elementor-column-gap-default\">\n\t\t\t\t\t<div class=\"elementor-column elementor-col-100 elementor-top-column elementor-element elementor-element-4d54782\" data-id=\"4d54782\" data-element_type=\"column\" data-e-type=\"column\">\n\t\t\t<div class=\"elementor-widget-wrap elementor-element-populated\">\n\t\t\t\t\t\t<div class=\"elementor-element elementor-element-6405233 elementor-widget elementor-widget-text-editor\" data-id=\"6405233\" data-element_type=\"widget\" data-e-type=\"widget\" data-widget_type=\"text-editor.default\">\n\t\t\t\t<div class=\"elementor-widget-container\">\n\t\t\t\t\t\t\t\t\t<p>Ordene sus platos favoritos de O Donnabhains para comer en casa, haga un picnic en el muelle, Reengross o en cualquier lugar con vista a la bah\u00eda de Kenmare alrededor de Kenmare Town<br \/>Presentamos nuestra experiencia completamente sin contacto en O Donnabhains. Simplemente ordene en l\u00ednea a continuaci\u00f3n, seleccione la hora a la que desea su comida y puede recogerla en el mostrador o la llevaremos a su autom\u00f3vil a su llegada.<br \/>Si lo desea, puede llamarnos aqu\u00ed en Henry Street, hacer su pedido en el mostrador y recogerlo m\u00e1s tarde.<br \/>Somos extremadamente conscientes del medio ambiente que hemos elegido, siempre que sea posible, contenedores de cart\u00f3n y bolsas de papel marr\u00f3n totalmente reciclables a prueba de fugas para nuestros alimentos. Si decide cenar al aire libre, desh\u00e1gase de sus desechos de manera apropiada o tr\u00e1iganoslo y nosotros lo desecharemos por usted.<\/p>\n\t\t\t\t\t\t\t\t<\/div>\n\t\t\t\t<\/div>\n\t\t\t\t\t<\/div>\n\t\t<\/div>\n\t\t\t\t\t<\/div>\n\t\t<\/section>\n\t\t\t\t<section class=\"elementor-section elementor-top-section elementor-element elementor-element-530afc9 elementor-section-boxed elementor-section-height-default elementor-section-height-default\" data-id=\"530afc9\" data-element_type=\"section\" data-e-type=\"section\">\n\t\t\t\t\t\t<div class=\"elementor-container elementor-column-gap-default\">\n\t\t\t\t\t<div class=\"elementor-column elementor-col-100 elementor-top-column elementor-element elementor-element-a754d02\" data-id=\"a754d02\" data-element_type=\"column\" data-e-type=\"column\">\n\t\t\t<div class=\"elementor-widget-wrap elementor-element-populated\">\n\t\t\t\t\t\t<div class=\"elementor-element elementor-element-9f6ba2e elementor-widget elementor-widget-shortcode\" data-id=\"9f6ba2e\" data-element_type=\"widget\" data-e-type=\"widget\" data-widget_type=\"shortcode.default\">\n\t\t\t\t<div class=\"elementor-widget-container\">\n\t\t\t\t\t\t\t<div class=\"elementor-shortcode\">\n<!-- iframe plugin v.6.0 wordpress.org\/plugins\/iframe\/ -->\n<iframe src=\"https:\/\/www.foodbooking.com\/ordering\/restaurant\/menu?restaurant_uid=5dae3a17-a253-494a-b99f-ca483621ee5c\" width=\"100%\" height=\"800\" scrolling=\"yes\" class=\"iframe-class\" frameborder=\"0\"><\/iframe>\n<\/div>\n\t\t\t\t\t\t<\/div>\n\t\t\t\t<\/div>\n\t\t\t\t\t<\/div>\n\t\t<\/div>\n\t\t\t\t\t<\/div>\n\t\t<\/section>\n\t\t\t\t<\/div>\n\t\t","protected":false},"excerpt":{"rendered":"<p>Ordene sus platos favoritos de O Donnabhains para comer en casa, haga un picnic en el muelle, Reengross o en cualquier lugar con vista a la bah\u00eda de Kenmare alrededor de Kenmare TownPresentamos nuestra experiencia completamente sin contacto en O Donnabhains. Simplemente ordene en l\u00ednea a continuaci\u00f3n, seleccione la hora a la que desea su [&hellip;]<\/p>\n","protected":false},"author":1,"featured_media":0,"parent":0,"menu_order":0,"comment_status":"closed","ping_status":"closed","template":"","meta":{"_acf_changed":false,"_monsterinsights_skip_tracking":false,"_monsterinsights_sitenote_active":false,"_monsterinsights_sitenote_note":"","_monsterinsights_sitenote_category":0,"_uf_show_specific_survey":0,"_uf_disable_surveys":false,"footnotes":""},"class_list":["post-5547","page","type-page","status-publish","hentry"],"acf":[],"aioseo_notices":[],"_links":{"self":[{"href":"https:\/\/odonnabhain-kenmare.com\/es\/wp-json\/wp\/v2\/pages\/5547","targetHints":{"allow":["GET"]}}],"collection":[{"href":"https:\/\/odonnabhain-kenmare.com\/es\/wp-json\/wp\/v2\/pages"}],"about":[{"href":"https:\/\/odonnabhain-kenmare.com\/es\/wp-json\/wp\/v2\/types\/page"}],"author":[{"embeddable":true,"href":"https:\/\/odonnabhain-kenmare.com\/es\/wp-json\/wp\/v2\/users\/1"}],"replies":[{"embeddable":true,"href":"https:\/\/odonnabhain-kenmare.com\/es\/wp-json\/wp\/v2\/comments?post=5547"}],"version-history":[{"count":0,"href":"https:\/\/odonnabhain-kenmare.com\/es\/wp-json\/wp\/v2\/pages\/5547\/revisions"}],"wp:attachment":[{"href":"https:\/\/odonnabhain-kenmare.com\/es\/wp-json\/wp\/v2\/media?parent=5547"}],"curies":[{"name":"wp","href":"https:\/\/api.w.org\/{rel}","templated":true}]}}