{"id":6732,"date":"2023-11-13T14:44:04","date_gmt":"2023-11-13T14:44:04","guid":{"rendered":"https:\/\/odonnabhain-kenmare.com\/chefkoch-job\/"},"modified":"2023-11-25T14:51:32","modified_gmt":"2023-11-25T14:51:32","slug":"chefkoch-job","status":"publish","type":"page","link":"https:\/\/odonnabhain-kenmare.com\/de\/chefkoch-job\/","title":{"rendered":"Chefkoch-Job"},"content":{"rendered":"\t\t<div data-elementor-type=\"wp-page\" data-elementor-id=\"6732\" class=\"elementor elementor-6732 elementor-6725\" data-elementor-post-type=\"page\">\n\t\t\t\t\t\t<section class=\"elementor-section elementor-top-section elementor-element elementor-element-7039f35 elementor-section-boxed elementor-section-height-default elementor-section-height-default\" data-id=\"7039f35\" data-element_type=\"section\" data-e-type=\"section\">\n\t\t\t\t\t\t<div class=\"elementor-container elementor-column-gap-default\">\n\t\t\t\t\t<div class=\"elementor-column elementor-col-100 elementor-top-column elementor-element elementor-element-0649f1e\" data-id=\"0649f1e\" data-element_type=\"column\" data-e-type=\"column\">\n\t\t\t<div class=\"elementor-widget-wrap elementor-element-populated\">\n\t\t\t\t\t\t<div class=\"elementor-element elementor-element-30baa60 elementor-widget elementor-widget-text-editor\" data-id=\"30baa60\" data-element_type=\"widget\" data-e-type=\"widget\" data-widget_type=\"text-editor.default\">\n\t\t\t\t<div class=\"elementor-widget-container\">\n\t\t\t\t\t\t\t\t\t<div class=\"jd-section-employer\">\n<div class=\"jd-description-text\">\n<h1 style=\"text-align: center;\"><strong>Werden Sie Mitglied unseres K\u00fcchenteams<\/strong><\/h1>\n<p>O Donnabhains Bar & Guesthouse Ltd \/ Registrierungsnummer 6370867N sucht einen Souschef, 2 Chef de partie und 2 Commis K\u00f6che f\u00fcr unser Haus O Donnabhains Bar & Guesthouse, 10 Henry Street , Kenmare , Co Kerry www.odonnabhain-kenmare.com<\/p>\n<p>Der stellvertretende K\u00fcchenchef: Er arbeitet und \u00fcberwacht die Zubereitung der Speisen in beiden Abteilungen (warm und kalt) und stellt sicher, dass die Speisen rechtzeitig geliefert werden, nach dem Rezept zubereitet werden und den Geschmack und die Pr\u00e4sentation gem\u00e4\u00df den festgelegten Standards haben.<\/p>\n<p>Der Chef de partie muss entweder in der kalten Abteilung (kalte Vorspeisen\/H\u00e4ppchen) oder in einer beliebigen Station der warmen Abteilung (warme Vorspeisen, Beilagen, Grill, Fritteuse, Pfanne oder Sauce) arbeiten und die Zubereitung der Mise en place in seiner Abteilung \u00fcberwachen Der demis chef muss die Mise en place vorbereiten und bei der Zubereitung des Men\u00fcs assistieren Das j\u00e4hrliche Mindestbruttogehalt wird angeboten: 39 k f\u00fcr Sous-Chef, 33 k f\u00fcr Chef de partie und 30 k f\u00fcr Commis-Chef; je nach Erfahrung die Geh\u00e4lter; Arbeitsprogramm von 39 Stunden\/Woche.<\/p>\n<p>Erforderliche Erfahrung: Souschef mindestens 5 Jahre Erfahrung; Chef de partie mindestens 3 Jahre Erfahrung entweder in der kalten oder warmen Abteilung; Commis Chef muss mindestens 2 Jahre Erfahrung haben; Um sich zu bewerben, senden Sie bitte Ihren Lebenslauf per E-Mail info@odonnabhain-kenmare.com; f\u00fcr weitere Informationen k\u00f6nnen Sie uns telefonisch kontaktieren<\/p>\n<\/div>\n<\/div>\n<div class=\"jd-section-job-type\">\n<p class=\"jd-description-text\">Job-Typen: Vollzeit, Festanstellung<\/p>\n<\/div>\n<div class=\"jd-section-job-salary\">\n<p class=\"jd-description-text\">Gehalt: \u20ac14,95-\u20ac19,00 pro Stunde<\/p>\n<\/div>\n\t\t\t\t\t\t\t\t<\/div>\n\t\t\t\t<\/div>\n\t\t\t\t\t<\/div>\n\t\t<\/div>\n\t\t\t\t\t<\/div>\n\t\t<\/section>\n\t\t\t\t<section class=\"elementor-section elementor-top-section elementor-element elementor-element-4770788 elementor-section-boxed elementor-section-height-default elementor-section-height-default\" data-id=\"4770788\" data-element_type=\"section\" data-e-type=\"section\">\n\t\t\t\t\t\t<div class=\"elementor-container elementor-column-gap-default\">\n\t\t\t\t\t<div class=\"elementor-column elementor-col-100 elementor-top-column elementor-element elementor-element-190a024\" data-id=\"190a024\" data-element_type=\"column\" data-e-type=\"column\">\n\t\t\t<div class=\"elementor-widget-wrap elementor-element-populated\">\n\t\t\t\t\t\t<div class=\"elementor-element elementor-element-6687858 elementor-widget elementor-widget-text-editor\" data-id=\"6687858\" data-element_type=\"widget\" data-e-type=\"widget\" data-widget_type=\"text-editor.default\">\n\t\t\t\t<div class=\"elementor-widget-container\">\n\t\t\t\t\t\t\t\t\t<p style=\"text-align: center;\"><b>Nachstehend sehen Sie, welche Stellen wir derzeit zu besetzen haben. Klicken Sie auf die Stelle \/ den Job, f\u00fcr den Sie sich interessieren. Wenn Sie die Stellenbeschreibung gelesen haben und sich bewerben m\u00f6chten, geben Sie Ihre Daten ein, bewerben Sie sich, und wir werden uns bei Ihnen melden.<\/b><\/p>\n\t\t\t\t\t\t\t\t<\/div>\n\t\t\t\t<\/div>\n\t\t\t\t\t<\/div>\n\t\t<\/div>\n\t\t\t\t\t<\/div>\n\t\t<\/section>\n\t\t\t\t<section class=\"elementor-section elementor-top-section elementor-element elementor-element-482389d elementor-section-boxed elementor-section-height-default elementor-section-height-default\" data-id=\"482389d\" data-element_type=\"section\" data-e-type=\"section\">\n\t\t\t\t\t\t<div class=\"elementor-container elementor-column-gap-default\">\n\t\t\t\t\t<div class=\"elementor-column elementor-col-100 elementor-top-column elementor-element elementor-element-7143ca4\" data-id=\"7143ca4\" data-element_type=\"column\" data-e-type=\"column\">\n\t\t\t<div class=\"elementor-widget-wrap elementor-element-populated\">\n\t\t\t\t\t\t<div class=\"elementor-element elementor-element-33a271c elementor-widget elementor-widget-text-editor\" data-id=\"33a271c\" data-element_type=\"widget\" data-e-type=\"widget\" data-widget_type=\"text-editor.default\">\n\t\t\t\t<div class=\"elementor-widget-container\">\n\t\t\t\t\t\t\t\t\t<p><script type=\"text\/javascript\" src=\"https:\/\/login.hirelocker.com\/o-donnabhain-kenmare\/getlocationwidget\"><\/script><script type=\"text\/javascript\" charset=\"utf-8\">function getParam(name){name=name.replace(\/[\\[]\/,\"\\\\\\[\").replace(\/[\\]]\/,\"\\\\\\]\");var regexS=\"[\\\\?&]\"+name+\"=([^&#]*)\";var regex=new RegExp(regexS);var results=regex.exec(window.location.href);if(results==null)return\"\";else return results[1];}function updateIFrame(height){height = height*1;height = height + 30;var iframe=document.getElementById('jobs_iframe');iframe.setAttribute('height',height);}var height=getParam('height');if(height==\"\"){var hirelocker_options={};hirelocker_options.display=\"iframe\";hirelocker_options.company=\"o-donnabhain-kenmare\";hirelocker_options.placement=\"left\";hirelocker_options.type=\"widget\";hirelocker_options.color=\"#222\";hirelocker_options.style=\"idea\";hirelocker_options.url=document.URL;var hirelocker_widget=new HIRELOCKER.jobs_widget(hirelocker_options);}else{window.top.updateIFrame(height);}<\/script><\/p>\n\t\t\t\t\t\t\t\t<\/div>\n\t\t\t\t<\/div>\n\t\t\t\t<section class=\"elementor-section elementor-inner-section elementor-element elementor-element-15c4eb8 elementor-section-boxed elementor-section-height-default elementor-section-height-default\" data-id=\"15c4eb8\" data-element_type=\"section\" data-e-type=\"section\">\n\t\t\t\t\t\t<div class=\"elementor-container elementor-column-gap-default\">\n\t\t\t\t\t<div class=\"elementor-column elementor-col-50 elementor-inner-column elementor-element elementor-element-92a2394\" data-id=\"92a2394\" data-element_type=\"column\" data-e-type=\"column\">\n\t\t\t<div class=\"elementor-widget-wrap\">\n\t\t\t\t\t\t\t<\/div>\n\t\t<\/div>\n\t\t\t\t<div class=\"elementor-column elementor-col-50 elementor-inner-column elementor-element elementor-element-785ec10\" data-id=\"785ec10\" data-element_type=\"column\" data-e-type=\"column\">\n\t\t\t<div class=\"elementor-widget-wrap\">\n\t\t\t\t\t\t\t<\/div>\n\t\t<\/div>\n\t\t\t\t\t<\/div>\n\t\t<\/section>\n\t\t\t\t\t<\/div>\n\t\t<\/div>\n\t\t\t\t\t<\/div>\n\t\t<\/section>\n\t\t\t\t<\/div>\n\t\t","protected":false},"excerpt":{"rendered":"<p>Werden Sie Mitglied unseres K\u00fcchenteams O Donnabhains Bar &#038; Guesthouse Ltd \/ Registrierungsnummer 6370867N sucht einen Souschef, 2 Chef de partie und 2 Commis K\u00f6che f\u00fcr unser Haus O Donnabhains Bar &#038; Guesthouse, 10 Henry Street , Kenmare , Co Kerry www.odonnabhain-kenmare.com Der stellvertretende K\u00fcchenchef: Er arbeitet und \u00fcberwacht die Zubereitung der Speisen in beiden [&hellip;]<\/p>\n","protected":false},"author":1,"featured_media":0,"parent":0,"menu_order":0,"comment_status":"closed","ping_status":"closed","template":"","meta":{"_acf_changed":false,"_monsterinsights_skip_tracking":false,"_monsterinsights_sitenote_active":false,"_monsterinsights_sitenote_note":"","_monsterinsights_sitenote_category":0,"_uf_show_specific_survey":0,"_uf_disable_surveys":false,"footnotes":""},"class_list":["post-6732","page","type-page","status-publish","hentry"],"acf":[],"aioseo_notices":[],"_links":{"self":[{"href":"https:\/\/odonnabhain-kenmare.com\/de\/wp-json\/wp\/v2\/pages\/6732","targetHints":{"allow":["GET"]}}],"collection":[{"href":"https:\/\/odonnabhain-kenmare.com\/de\/wp-json\/wp\/v2\/pages"}],"about":[{"href":"https:\/\/odonnabhain-kenmare.com\/de\/wp-json\/wp\/v2\/types\/page"}],"author":[{"embeddable":true,"href":"https:\/\/odonnabhain-kenmare.com\/de\/wp-json\/wp\/v2\/users\/1"}],"replies":[{"embeddable":true,"href":"https:\/\/odonnabhain-kenmare.com\/de\/wp-json\/wp\/v2\/comments?post=6732"}],"version-history":[{"count":7,"href":"https:\/\/odonnabhain-kenmare.com\/de\/wp-json\/wp\/v2\/pages\/6732\/revisions"}],"predecessor-version":[{"id":6783,"href":"https:\/\/odonnabhain-kenmare.com\/de\/wp-json\/wp\/v2\/pages\/6732\/revisions\/6783"}],"wp:attachment":[{"href":"https:\/\/odonnabhain-kenmare.com\/de\/wp-json\/wp\/v2\/media?parent=6732"}],"curies":[{"name":"wp","href":"https:\/\/api.w.org\/{rel}","templated":true}]}}