{"id":6320,"date":"2023-05-08T10:20:05","date_gmt":"2023-05-08T10:20:05","guid":{"rendered":"https:\/\/odonnabhain-kenmare.com\/allgemeine-anfragen\/"},"modified":"2023-05-08T10:20:07","modified_gmt":"2023-05-08T10:20:07","slug":"allgemeine-anfragen","status":"publish","type":"page","link":"https:\/\/odonnabhain-kenmare.com\/de\/allgemeine-anfragen\/","title":{"rendered":"Allgemeine Anfragen"},"content":{"rendered":"\t\t<div data-elementor-type=\"wp-page\" data-elementor-id=\"6320\" class=\"elementor elementor-6320 elementor-1971\" data-elementor-post-type=\"page\">\n\t\t\t\t\t\t<section class=\"elementor-section elementor-top-section elementor-element elementor-element-0adeac2 elementor-section-stretched elementor-section-boxed elementor-section-height-default elementor-section-height-default\" data-id=\"0adeac2\" data-element_type=\"section\" data-e-type=\"section\" data-settings=\"{&quot;stretch_section&quot;:&quot;section-stretched&quot;}\">\n\t\t\t\t\t\t<div class=\"elementor-container elementor-column-gap-default\">\n\t\t\t\t\t<div class=\"elementor-column elementor-col-100 elementor-top-column elementor-element elementor-element-d8851d1\" data-id=\"d8851d1\" data-element_type=\"column\" data-e-type=\"column\">\n\t\t\t<div class=\"elementor-widget-wrap elementor-element-populated\">\n\t\t\t\t\t\t<div class=\"elementor-element elementor-element-5a57a2a elementor-widget elementor-widget-spacer\" data-id=\"5a57a2a\" data-element_type=\"widget\" data-e-type=\"widget\" data-widget_type=\"spacer.default\">\n\t\t\t\t<div class=\"elementor-widget-container\">\n\t\t\t\t\t\t\t<div class=\"elementor-spacer\">\n\t\t\t<div class=\"elementor-spacer-inner\"><\/div>\n\t\t<\/div>\n\t\t\t\t\t\t<\/div>\n\t\t\t\t<\/div>\n\t\t\t\t<div class=\"elementor-element elementor-element-6373196 elementor-widget elementor-widget-heading\" data-id=\"6373196\" data-element_type=\"widget\" data-e-type=\"widget\" data-widget_type=\"heading.default\">\n\t\t\t\t<div class=\"elementor-widget-container\">\n\t\t\t\t\t<h2 class=\"elementor-heading-title elementor-size-default\">Erkundigen Sie sich unter<\/h2>\t\t\t\t<\/div>\n\t\t\t\t<\/div>\n\t\t\t\t\t<\/div>\n\t\t<\/div>\n\t\t\t\t\t<\/div>\n\t\t<\/section>\n\t\t\t\t<section class=\"elementor-section elementor-top-section elementor-element elementor-element-cbd1b54 elementor-section-stretched elementor-section-boxed elementor-section-height-default elementor-section-height-default\" data-id=\"cbd1b54\" data-element_type=\"section\" data-e-type=\"section\" data-settings=\"{&quot;stretch_section&quot;:&quot;section-stretched&quot;}\">\n\t\t\t\t\t\t<div class=\"elementor-container elementor-column-gap-default\">\n\t\t\t\t\t<div class=\"elementor-column elementor-col-100 elementor-top-column elementor-element elementor-element-ae6b61c\" data-id=\"ae6b61c\" data-element_type=\"column\" data-e-type=\"column\">\n\t\t\t<div class=\"elementor-widget-wrap elementor-element-populated\">\n\t\t\t\t\t\t<div class=\"elementor-element elementor-element-785e983 elementor-widget elementor-widget-text-editor\" data-id=\"785e983\" data-element_type=\"widget\" data-e-type=\"widget\" data-widget_type=\"text-editor.default\">\n\t\t\t\t<div class=\"elementor-widget-container\">\n\t\t\t\t\t\t\t\t\t<div class=\"breadcrumb breadcrumbs woo-breadcrumbs\">\n<div class=\"breadcrumb-trail\"> <\/div>\n<\/div>\n<div class=\"post-21 page type-page status-publish hentry\">\n<div class=\"entry\">\n<p><strong>Wenn Sie eine Reservierung vornehmen m\u00f6chten, klicken Sie<\/strong> <a href=\"https:\/\/app.thebookingbutton.com\/properties\/odonnabbainsdirect\" target=\"_blank\" rel=\"noopener noreferrer\">HIER<\/a>, um zu unserem Reservierungssystem zu gelangen, wo Sie <strong>direkt buchen und sparen<\/strong> k\u00f6nnen und eine sofortige Best\u00e4tigung erhalten. W\u00e4hlen Sie Ihr Ankunfts- und Abreisedatum, und Sie werden sehen, was verf\u00fcgbar ist, und Sie k\u00f6nnen Ihre Reservierung vornehmen.<\/p>\n<p><strong>Wenn Sie Fragen haben<\/strong>, bevor Sie reservieren m\u00f6chten, werfen Sie bitte einen Blick auf unsere <a title=\"FAQ's\" href=\"https:\/\/odonnabhain-kenmare.com\/de\/faqs\/\" target=\"_blank\" rel=\"noopener noreferrer\">FAQ-Seite<\/a>, die alle Details enth\u00e4lt, die Sie vielleicht wissen m\u00f6chten.<\/p>\n<p><strong>Wenn Sie l\u00e4nger als 2 N\u00e4chte bleiben, sehen Sie sich bitte unsere Holiday Homes at<\/strong> <a href=\"http:\/\/www.kenmarerentals.com\/?utm_source=odon&utm_medium=url\" target=\"_blank\" rel=\"noopener noreferrer\">Kenmare Rentals<\/a> an.<\/p>\n<p>F\u00fcr allgemeine Anfragen f\u00fcllen Sie bitte das untenstehende Formular aus und wir werden uns so schnell wie m\u00f6glich mit Ihnen in Verbindung setzen.<\/p>\n<\/div>\n<\/div>\n\t\t\t\t\t\t\t\t<\/div>\n\t\t\t\t<\/div>\n\t\t\t\t\t<\/div>\n\t\t<\/div>\n\t\t\t\t\t<\/div>\n\t\t<\/section>\n\t\t\t\t<section class=\"elementor-section elementor-top-section elementor-element elementor-element-ac720d8 elementor-section-stretched elementor-section-boxed elementor-section-height-default elementor-section-height-default\" data-id=\"ac720d8\" data-element_type=\"section\" data-e-type=\"section\" data-settings=\"{&quot;stretch_section&quot;:&quot;section-stretched&quot;}\">\n\t\t\t\t\t\t<div class=\"elementor-container elementor-column-gap-default\">\n\t\t\t\t\t<div class=\"elementor-column elementor-col-50 elementor-top-column elementor-element elementor-element-ce9070e\" data-id=\"ce9070e\" data-element_type=\"column\" data-e-type=\"column\">\n\t\t\t<div class=\"elementor-widget-wrap elementor-element-populated\">\n\t\t\t\t\t\t<div class=\"elementor-element elementor-element-837f7c4 elementor-widget elementor-widget-shortcode\" data-id=\"837f7c4\" data-element_type=\"widget\" data-e-type=\"widget\" data-widget_type=\"shortcode.default\">\n\t\t\t\t<div class=\"elementor-widget-container\">\n\t\t\t\t\t\t\t<div class=\"elementor-shortcode\"><script type=\"text\/javascript\" src=\"https:\/\/form.jotform.com\/jsform\/220535791619057\"><\/script><\/div>\n\t\t\t\t\t\t<\/div>\n\t\t\t\t<\/div>\n\t\t\t\t\t<\/div>\n\t\t<\/div>\n\t\t\t\t<div class=\"elementor-column elementor-col-50 elementor-top-column elementor-element elementor-element-f2f9f1c\" data-id=\"f2f9f1c\" data-element_type=\"column\" data-e-type=\"column\">\n\t\t\t<div class=\"elementor-widget-wrap elementor-element-populated\">\n\t\t\t\t\t\t<div class=\"elementor-element elementor-element-262265b elementor-widget elementor-widget-text-editor\" data-id=\"262265b\" data-element_type=\"widget\" data-e-type=\"widget\" data-widget_type=\"text-editor.default\">\n\t\t\t\t<div class=\"elementor-widget-container\">\n\t\t\t\t\t\t\t\t\t<h2>Kontaktangaben<\/h2>\n<p>O\u2019Donnabhain Kenmare. Henry Street, Kenmare, Co. Kerry, Irland.<\/p>\n<p><strong>Telefon (Irl): <\/strong> 064 66 42106<br \/><strong>Telefon (Int):<\/strong> 00 353 64 66 42106<\/p>\n<h2>Finden Sie uns<\/h2>\n<p><iframe src=\"https:\/\/www.google.com\/maps\/embed?pb=!1m14!1m8!1m3!1d4925.99206150606!2d-9.583641!3d51.879285!3m2!1i1024!2i768!4f13.1!3m3!1m2!1s0x0%3A0xad28a4f3a6385003!2sO+Donnabhains+Bar+%26+Guesthouse!5e0!3m2!1sen!2sie!4v1396883471457\" width=\"100%\" height=\"350\" frameborder=\"0\" data-mce-fragment=\"1\"><\/iframe><\/p>\n\t\t\t\t\t\t\t\t<\/div>\n\t\t\t\t<\/div>\n\t\t\t\t\t<\/div>\n\t\t<\/div>\n\t\t\t\t\t<\/div>\n\t\t<\/section>\n\t\t\t\t<\/div>\n\t\t","protected":false},"excerpt":{"rendered":"<p>Erkundigen Sie sich unter Wenn Sie eine Reservierung vornehmen m\u00f6chten, klicken Sie HIER, um zu unserem Reservierungssystem zu gelangen, wo Sie direkt buchen und sparen k\u00f6nnen und eine sofortige Best\u00e4tigung erhalten. W\u00e4hlen Sie Ihr Ankunfts- und Abreisedatum, und Sie werden sehen, was verf\u00fcgbar ist, und Sie k\u00f6nnen Ihre Reservierung vornehmen. Wenn Sie Fragen haben, bevor [&hellip;]<\/p>\n","protected":false},"author":1,"featured_media":0,"parent":0,"menu_order":0,"comment_status":"closed","ping_status":"closed","template":"","meta":{"_acf_changed":false,"_monsterinsights_skip_tracking":false,"_monsterinsights_sitenote_active":false,"_monsterinsights_sitenote_note":"","_monsterinsights_sitenote_category":0,"_uf_show_specific_survey":0,"_uf_disable_surveys":false,"footnotes":""},"class_list":["post-6320","page","type-page","status-publish","hentry"],"acf":[],"aioseo_notices":[],"_links":{"self":[{"href":"https:\/\/odonnabhain-kenmare.com\/de\/wp-json\/wp\/v2\/pages\/6320","targetHints":{"allow":["GET"]}}],"collection":[{"href":"https:\/\/odonnabhain-kenmare.com\/de\/wp-json\/wp\/v2\/pages"}],"about":[{"href":"https:\/\/odonnabhain-kenmare.com\/de\/wp-json\/wp\/v2\/types\/page"}],"author":[{"embeddable":true,"href":"https:\/\/odonnabhain-kenmare.com\/de\/wp-json\/wp\/v2\/users\/1"}],"replies":[{"embeddable":true,"href":"https:\/\/odonnabhain-kenmare.com\/de\/wp-json\/wp\/v2\/comments?post=6320"}],"version-history":[{"count":1,"href":"https:\/\/odonnabhain-kenmare.com\/de\/wp-json\/wp\/v2\/pages\/6320\/revisions"}],"predecessor-version":[{"id":6321,"href":"https:\/\/odonnabhain-kenmare.com\/de\/wp-json\/wp\/v2\/pages\/6320\/revisions\/6321"}],"wp:attachment":[{"href":"https:\/\/odonnabhain-kenmare.com\/de\/wp-json\/wp\/v2\/media?parent=6320"}],"curies":[{"name":"wp","href":"https:\/\/api.w.org\/{rel}","templated":true}]}}