{"id":5652,"date":"2023-04-20T07:00:24","date_gmt":"2023-04-20T07:00:24","guid":{"rendered":"https:\/\/odonnabhain-kenmare.com\/ort\/"},"modified":"2023-04-24T09:42:02","modified_gmt":"2023-04-24T09:42:02","slug":"ort","status":"publish","type":"page","link":"https:\/\/odonnabhain-kenmare.com\/de\/ort\/","title":{"rendered":"Standort"},"content":{"rendered":"\t\t<div data-elementor-type=\"wp-page\" data-elementor-id=\"5652\" class=\"elementor elementor-5652 elementor-2216\" data-elementor-post-type=\"page\">\n\t\t\t\t\t\t<section class=\"elementor-section elementor-top-section elementor-element elementor-element-2d316ba0 elementor-section-full_width elementor-section-stretched elementor-section-height-default elementor-section-height-default elementor-invisible\" data-id=\"2d316ba0\" data-element_type=\"section\" data-e-type=\"section\" data-settings=\"{&quot;stretch_section&quot;:&quot;section-stretched&quot;,&quot;background_background&quot;:&quot;classic&quot;,&quot;animation&quot;:&quot;fadeIn&quot;}\">\n\t\t\t\t\t\t\t<div class=\"elementor-background-overlay\"><\/div>\n\t\t\t\t\t\t\t<div class=\"elementor-container elementor-column-gap-default\">\n\t\t\t\t\t<div class=\"elementor-column elementor-col-100 elementor-top-column elementor-element elementor-element-275ae849 elementor-invisible\" data-id=\"275ae849\" data-element_type=\"column\" data-e-type=\"column\" data-settings=\"{&quot;animation&quot;:&quot;fadeIn&quot;}\">\n\t\t\t<div class=\"elementor-widget-wrap elementor-element-populated\">\n\t\t\t\t\t\t<div class=\"elementor-element elementor-element-5e3d9f52 elementor-widget elementor-widget-heading\" data-id=\"5e3d9f52\" data-element_type=\"widget\" data-e-type=\"widget\" data-widget_type=\"heading.default\">\n\t\t\t\t<div class=\"elementor-widget-container\">\n\t\t\t\t\t<h2 class=\"elementor-heading-title elementor-size-default\">UNSER STANDORT<\/h2>\t\t\t\t<\/div>\n\t\t\t\t<\/div>\n\t\t\t\t\t<\/div>\n\t\t<\/div>\n\t\t\t\t\t<\/div>\n\t\t<\/section>\n\t\t\t\t<section class=\"elementor-section elementor-top-section elementor-element elementor-element-324cd2d4 elementor-section-full_width elementor-section-stretched elementor-section-height-default elementor-section-height-default elementor-invisible\" data-id=\"324cd2d4\" data-element_type=\"section\" data-e-type=\"section\" data-settings=\"{&quot;stretch_section&quot;:&quot;section-stretched&quot;,&quot;animation&quot;:&quot;fadeIn&quot;,&quot;background_background&quot;:&quot;classic&quot;}\">\n\t\t\t\t\t\t<div class=\"elementor-container elementor-column-gap-no\">\n\t\t\t\t\t<div class=\"elementor-column elementor-col-100 elementor-top-column elementor-element elementor-element-56e6c845\" data-id=\"56e6c845\" data-element_type=\"column\" data-e-type=\"column\">\n\t\t\t<div class=\"elementor-widget-wrap elementor-element-populated\">\n\t\t\t\t\t\t<section class=\"elementor-section elementor-inner-section elementor-element elementor-element-7d746f4f elementor-section-full_width elementor-section-height-default elementor-section-height-default elementor-invisible\" data-id=\"7d746f4f\" data-element_type=\"section\" data-e-type=\"section\" data-settings=\"{&quot;animation&quot;:&quot;fadeIn&quot;}\">\n\t\t\t\t\t\t<div class=\"elementor-container elementor-column-gap-no\">\n\t\t\t\t\t<div class=\"elementor-column elementor-col-50 elementor-inner-column elementor-element elementor-element-164d1d60\" data-id=\"164d1d60\" data-element_type=\"column\" data-e-type=\"column\">\n\t\t\t<div class=\"elementor-widget-wrap elementor-element-populated\">\n\t\t\t\t\t\t<div class=\"elementor-element elementor-element-7d0ba940 elementor-widget elementor-widget-text-editor\" data-id=\"7d0ba940\" data-element_type=\"widget\" data-e-type=\"widget\" data-widget_type=\"text-editor.default\">\n\t\t\t\t<div class=\"elementor-widget-container\">\n\t\t\t\t\t\t\t\t\t<h2 style=\"text-align: left;\"><strong>TOLLES ESSEN, TOLLER AUFENTHALT, TOLLE ERINNERUNGEN IM O\u2019DONNABHAIN\u2019S!<\/strong><\/h2>\n<p>O\u2019Donnabhain\u2019s befindet sich im Herzen des historischen Kenmare. Genie\u00dfen Sie einen Aufenthalt in unserer Townhouse-Unterkunft oder ein entspanntes Essen in unserer Gastro-Bar. Kommen Sie vorbei, h\u00f6ren Sie Musik und probieren Sie unsere lokalen handwerklichen Biere, feinen Whiskeys oder genie\u00dfen Sie einfach ein traditionelles Bier!<\/p>\n<p>Der Kenmare Pier, der Reenagross National Park, der Steinkreis und andere <a href=\"https:\/\/odonnabhain-kenmare.com\/de\/aktivitaeten\/\">Sehensw\u00fcrdigkeiten von Kenmare<\/a> sind nur wenige Minuten von unserer Haust\u00fcr entfernt.<\/p>\n<p>Banken, Geldautomaten, das Kenmare Medical Centre, eine Apotheke und ein Postamt sind weniger als 2 Minuten entfernt.<\/p>\n\t\t\t\t\t\t\t\t<\/div>\n\t\t\t\t<\/div>\n\t\t\t\t\t<\/div>\n\t\t<\/div>\n\t\t\t\t<div class=\"elementor-column elementor-col-50 elementor-inner-column elementor-element elementor-element-5fd324bf\" data-id=\"5fd324bf\" data-element_type=\"column\" data-e-type=\"column\" data-settings=\"{&quot;background_background&quot;:&quot;classic&quot;}\">\n\t\t\t<div class=\"elementor-widget-wrap elementor-element-populated\">\n\t\t\t\t\t\t<div class=\"elementor-element elementor-element-7eac56d8 elementor-widget elementor-widget-spacer\" data-id=\"7eac56d8\" data-element_type=\"widget\" data-e-type=\"widget\" data-widget_type=\"spacer.default\">\n\t\t\t\t<div class=\"elementor-widget-container\">\n\t\t\t\t\t\t\t<div class=\"elementor-spacer\">\n\t\t\t<div class=\"elementor-spacer-inner\"><\/div>\n\t\t<\/div>\n\t\t\t\t\t\t<\/div>\n\t\t\t\t<\/div>\n\t\t\t\t\t<\/div>\n\t\t<\/div>\n\t\t\t\t\t<\/div>\n\t\t<\/section>\n\t\t\t\t<section class=\"elementor-section elementor-inner-section elementor-element elementor-element-0645f16 elementor-section-full_width elementor-section-height-default elementor-section-height-default elementor-invisible\" data-id=\"0645f16\" data-element_type=\"section\" data-e-type=\"section\" data-settings=\"{&quot;animation&quot;:&quot;fadeIn&quot;}\">\n\t\t\t\t\t\t<div class=\"elementor-container elementor-column-gap-no\">\n\t\t\t\t\t<div class=\"elementor-column elementor-col-50 elementor-inner-column elementor-element elementor-element-3dcc358\" data-id=\"3dcc358\" data-element_type=\"column\" data-e-type=\"column\" data-settings=\"{&quot;background_background&quot;:&quot;classic&quot;}\">\n\t\t\t<div class=\"elementor-widget-wrap elementor-element-populated\">\n\t\t\t\t\t\t<div class=\"elementor-element elementor-element-305f98a elementor-widget elementor-widget-spacer\" data-id=\"305f98a\" data-element_type=\"widget\" data-e-type=\"widget\" data-widget_type=\"spacer.default\">\n\t\t\t\t<div class=\"elementor-widget-container\">\n\t\t\t\t\t\t\t<div class=\"elementor-spacer\">\n\t\t\t<div class=\"elementor-spacer-inner\"><\/div>\n\t\t<\/div>\n\t\t\t\t\t\t<\/div>\n\t\t\t\t<\/div>\n\t\t\t\t\t<\/div>\n\t\t<\/div>\n\t\t\t\t<div class=\"elementor-column elementor-col-50 elementor-inner-column elementor-element elementor-element-a2fced8\" data-id=\"a2fced8\" data-element_type=\"column\" data-e-type=\"column\" data-settings=\"{&quot;background_background&quot;:&quot;classic&quot;}\">\n\t\t\t<div class=\"elementor-widget-wrap elementor-element-populated\">\n\t\t\t\t\t\t<div class=\"elementor-element elementor-element-5bc72df elementor-widget elementor-widget-text-editor\" data-id=\"5bc72df\" data-element_type=\"widget\" data-e-type=\"widget\" data-widget_type=\"text-editor.default\">\n\t\t\t\t<div class=\"elementor-widget-container\">\n\t\t\t\t\t\t\t\t\t<h2 style=\"text-align: left;\"><strong>ERKUNDEN SIE KERRY UND DEN BEARA-WEG<\/strong><\/h2>\n<p>Die \u00f6rtliche r\u00f6misch-katholische und die anglikanische Kirche sind ebenfalls nur 2 Minuten entfernt.<\/p>\n<p>Die Bibliothek von Kenmare und die Bushaltestelle der Stadt sind etwas weiter entfernt \u2013 3 Minuten entfernt!<\/p>\n<p>F\u00fcr unsere G\u00e4ste, die das K\u00f6nigreich erkunden wollen, beginnen der Kerry Way und der Beara Way weniger als 500 Meter von <a href=\"https:\/\/odonnabhain-kenmare.com\/de\/\">O\u2018 Donnabhain\u2019s Townhouse Accommodation and Gastro Bar<\/a> entfernt.<\/p>\n\t\t\t\t\t\t\t\t<\/div>\n\t\t\t\t<\/div>\n\t\t\t\t\t<\/div>\n\t\t<\/div>\n\t\t\t\t\t<\/div>\n\t\t<\/section>\n\t\t\t\t\t<\/div>\n\t\t<\/div>\n\t\t\t\t\t<\/div>\n\t\t<\/section>\n\t\t\t\t<section class=\"elementor-section elementor-top-section elementor-element elementor-element-1c34a63 elementor-section-stretched elementor-section-boxed elementor-section-height-default elementor-section-height-default elementor-invisible\" data-id=\"1c34a63\" data-element_type=\"section\" data-e-type=\"section\" data-settings=\"{&quot;stretch_section&quot;:&quot;section-stretched&quot;,&quot;background_background&quot;:&quot;classic&quot;,&quot;animation&quot;:&quot;fadeIn&quot;}\">\n\t\t\t\t\t\t<div class=\"elementor-container elementor-column-gap-default\">\n\t\t\t\t\t<div class=\"elementor-column elementor-col-100 elementor-top-column elementor-element elementor-element-200cedf\" data-id=\"200cedf\" data-element_type=\"column\" data-e-type=\"column\">\n\t\t\t<div class=\"elementor-widget-wrap elementor-element-populated\">\n\t\t\t\t\t\t<div class=\"elementor-element elementor-element-92eec8b elementor-widget elementor-widget-heading\" data-id=\"92eec8b\" data-element_type=\"widget\" data-e-type=\"widget\" data-widget_type=\"heading.default\">\n\t\t\t\t<div class=\"elementor-widget-container\">\n\t\t\t\t\t<h2 class=\"elementor-heading-title elementor-size-default\">STANDORT & WEGBESCHREIBUNG<\/h2>\t\t\t\t<\/div>\n\t\t\t\t<\/div>\n\t\t\t\t<div class=\"elementor-element elementor-element-b4834db elementor-widget elementor-widget-text-editor\" data-id=\"b4834db\" data-element_type=\"widget\" data-e-type=\"widget\" data-widget_type=\"text-editor.default\">\n\t\t\t\t<div class=\"elementor-widget-container\">\n\t\t\t\t\t\t\t\t\t<p>O\u2019Donnabhains, 10 Henry Street, Kenmare, V93 X254 Kerry, <a href=\"tel:+353646642106\">+353 (0) 64 66 42106<\/a><\/p>\n<p><strong>\u00d6ffnungszeiten:<\/strong> 12:00 \u2013 21:00 Uhr<\/p>\n\t\t\t\t\t\t\t\t<\/div>\n\t\t\t\t<\/div>\n\t\t\t\t<div class=\"elementor-element elementor-element-002f617 elementor-align-center elementor-widget elementor-widget-button\" data-id=\"002f617\" data-element_type=\"widget\" data-e-type=\"widget\" data-widget_type=\"button.default\">\n\t\t\t\t<div class=\"elementor-widget-container\">\n\t\t\t\t\t\t\t\t\t<div class=\"elementor-button-wrapper\">\n\t\t\t\t\t<a class=\"elementor-button elementor-button-link elementor-size-lg\" href=\"https:\/\/www.google.com\/maps\/dir\/\/O+Donnabhain&#039;s,+10a+Henry+St,+Kenmare,+Co.+Kerry\/@51.8796651,-9.5841343,17.49z\/data=!4m8!4m7!1m0!1m5!1m1!1s0x48456cac1a8919af:0x2fccbafc47530388!2m2!1d-9.5835782!2d51.8795946\" target=\"_blank\" rel=\"nofollow\">\n\t\t\t\t\t\t<span class=\"elementor-button-content-wrapper\">\n\t\t\t\t\t\t\t\t\t<span class=\"elementor-button-text\">HIER FINDEN SIE EINE WEGBESCHREIBUNG<\/span>\n\t\t\t\t\t<\/span>\n\t\t\t\t\t<\/a>\n\t\t\t\t<\/div>\n\t\t\t\t\t\t\t\t<\/div>\n\t\t\t\t<\/div>\n\t\t\t\t<div class=\"elementor-element elementor-element-fafd92b elementor-widget elementor-widget-shortcode\" data-id=\"fafd92b\" data-element_type=\"widget\" data-e-type=\"widget\" data-widget_type=\"shortcode.default\">\n\t\t\t\t<div class=\"elementor-widget-container\">\n\t\t\t\t\t\t\t<div class=\"elementor-shortcode\"><iframe src=\"https:\/\/www.google.com\/maps\/embed?pb=!1m19!1m8!1m3!1d1749.4319230298627!2d-9.584134348745676!3d51.879665095235964!3m2!1i1024!2i768!4f13.1!4m8!3e6!4m0!4m5!1s0x48456cac1a8919af%3A0x2fccbafc47530388!2sO%20Donnabhain's%2C%2010a%20Henry%20St%2C%20Kenmare%2C%20Co.%20Kerry!3m2!1d51.8795946!2d-9.5835782!5e0!3m2!1sen!2sie!4v1677857743894!5m2!1sen!2sie\" width=\"100%\" height=\"550\" style=\"border:0;\" allowfullscreen=\"\" loading=\"lazy\" referrerpolicy=\"no-referrer-when-downgrade\"><\/iframe><\/div>\n\t\t\t\t\t\t<\/div>\n\t\t\t\t<\/div>\n\t\t\t\t\t<\/div>\n\t\t<\/div>\n\t\t\t\t\t<\/div>\n\t\t<\/section>\n\t\t\t\t<\/div>\n\t\t","protected":false},"excerpt":{"rendered":"<p>UNSER STANDORT TOLLES ESSEN, TOLLER AUFENTHALT, TOLLE ERINNERUNGEN IM O\u2019DONNABHAIN\u2019S! O\u2019Donnabhain\u2019s befindet sich im Herzen des historischen Kenmare. Genie\u00dfen Sie einen Aufenthalt in unserer Townhouse-Unterkunft oder ein entspanntes Essen in unserer Gastro-Bar. Kommen Sie vorbei, h\u00f6ren Sie Musik und probieren Sie unsere lokalen handwerklichen Biere, feinen Whiskeys oder genie\u00dfen Sie einfach ein traditionelles Bier! Der [&hellip;]<\/p>\n","protected":false},"author":1,"featured_media":0,"parent":0,"menu_order":0,"comment_status":"closed","ping_status":"closed","template":"elementor_header_footer","meta":{"_acf_changed":false,"_monsterinsights_skip_tracking":false,"_monsterinsights_sitenote_active":false,"_monsterinsights_sitenote_note":"","_monsterinsights_sitenote_category":0,"_uf_show_specific_survey":0,"_uf_disable_surveys":false,"footnotes":""},"class_list":["post-5652","page","type-page","status-publish","hentry"],"acf":[],"aioseo_notices":[],"_links":{"self":[{"href":"https:\/\/odonnabhain-kenmare.com\/de\/wp-json\/wp\/v2\/pages\/5652","targetHints":{"allow":["GET"]}}],"collection":[{"href":"https:\/\/odonnabhain-kenmare.com\/de\/wp-json\/wp\/v2\/pages"}],"about":[{"href":"https:\/\/odonnabhain-kenmare.com\/de\/wp-json\/wp\/v2\/types\/page"}],"author":[{"embeddable":true,"href":"https:\/\/odonnabhain-kenmare.com\/de\/wp-json\/wp\/v2\/users\/1"}],"replies":[{"embeddable":true,"href":"https:\/\/odonnabhain-kenmare.com\/de\/wp-json\/wp\/v2\/comments?post=5652"}],"version-history":[{"count":4,"href":"https:\/\/odonnabhain-kenmare.com\/de\/wp-json\/wp\/v2\/pages\/5652\/revisions"}],"predecessor-version":[{"id":6213,"href":"https:\/\/odonnabhain-kenmare.com\/de\/wp-json\/wp\/v2\/pages\/5652\/revisions\/6213"}],"wp:attachment":[{"href":"https:\/\/odonnabhain-kenmare.com\/de\/wp-json\/wp\/v2\/media?parent=5652"}],"curies":[{"name":"wp","href":"https:\/\/api.w.org\/{rel}","templated":true}]}}