{"id":5626,"date":"2023-04-20T06:39:29","date_gmt":"2023-04-20T06:39:29","guid":{"rendered":"https:\/\/odonnabhain-kenmare.com\/geschenkgutschein\/"},"modified":"2023-04-24T09:42:01","modified_gmt":"2023-04-24T09:42:01","slug":"geschenkgutschein","status":"publish","type":"page","link":"https:\/\/odonnabhain-kenmare.com\/de\/geschenkgutschein\/","title":{"rendered":"Geschenkgutschein"},"content":{"rendered":"\t\t<div data-elementor-type=\"wp-page\" data-elementor-id=\"5626\" class=\"elementor elementor-5626 elementor-3131\" data-elementor-post-type=\"page\">\n\t\t\t\t\t\t<section class=\"elementor-section elementor-top-section elementor-element elementor-element-2be144cf elementor-section-full_width elementor-section-stretched elementor-section-height-default elementor-section-height-default elementor-invisible\" data-id=\"2be144cf\" data-element_type=\"section\" data-e-type=\"section\" data-settings=\"{&quot;stretch_section&quot;:&quot;section-stretched&quot;,&quot;background_background&quot;:&quot;classic&quot;,&quot;animation&quot;:&quot;fadeIn&quot;}\">\n\t\t\t\t\t\t\t<div class=\"elementor-background-overlay\"><\/div>\n\t\t\t\t\t\t\t<div class=\"elementor-container elementor-column-gap-default\">\n\t\t\t\t\t<div class=\"elementor-column elementor-col-100 elementor-top-column elementor-element elementor-element-115ea632 elementor-invisible\" data-id=\"115ea632\" data-element_type=\"column\" data-e-type=\"column\" data-settings=\"{&quot;animation&quot;:&quot;fadeIn&quot;}\">\n\t\t\t<div class=\"elementor-widget-wrap elementor-element-populated\">\n\t\t\t\t\t\t<div class=\"elementor-element elementor-element-361c582e elementor-widget elementor-widget-heading\" data-id=\"361c582e\" data-element_type=\"widget\" data-e-type=\"widget\" data-widget_type=\"heading.default\">\n\t\t\t\t<div class=\"elementor-widget-container\">\n\t\t\t\t\t<h2 class=\"elementor-heading-title elementor-size-default\">GESCHENKGUBSCHEINE<\/h2>\t\t\t\t<\/div>\n\t\t\t\t<\/div>\n\t\t\t\t\t<\/div>\n\t\t<\/div>\n\t\t\t\t\t<\/div>\n\t\t<\/section>\n\t\t\t\t<section class=\"elementor-section elementor-top-section elementor-element elementor-element-7f447dc elementor-section-full_width elementor-section-stretched elementor-section-height-default elementor-section-height-default elementor-invisible\" data-id=\"7f447dc\" data-element_type=\"section\" data-e-type=\"section\" data-settings=\"{&quot;stretch_section&quot;:&quot;section-stretched&quot;,&quot;background_background&quot;:&quot;classic&quot;,&quot;animation&quot;:&quot;fadeIn&quot;}\">\n\t\t\t\t\t\t<div class=\"elementor-container elementor-column-gap-default\">\n\t\t\t\t\t<div class=\"elementor-column elementor-col-100 elementor-top-column elementor-element elementor-element-f4b8971\" data-id=\"f4b8971\" data-element_type=\"column\" data-e-type=\"column\">\n\t\t\t<div class=\"elementor-widget-wrap elementor-element-populated\">\n\t\t\t\t\t\t<section class=\"elementor-section elementor-inner-section elementor-element elementor-element-9479cad elementor-section-boxed elementor-section-height-default elementor-section-height-default\" data-id=\"9479cad\" data-element_type=\"section\" data-e-type=\"section\">\n\t\t\t\t\t\t<div class=\"elementor-container elementor-column-gap-default\">\n\t\t\t\t\t<div class=\"elementor-column elementor-col-100 elementor-inner-column elementor-element elementor-element-f65b223\" data-id=\"f65b223\" data-element_type=\"column\" data-e-type=\"column\">\n\t\t\t<div class=\"elementor-widget-wrap elementor-element-populated\">\n\t\t\t\t\t\t<div class=\"elementor-element elementor-element-53796a8 elementor-widget elementor-widget-text-editor\" data-id=\"53796a8\" data-element_type=\"widget\" data-e-type=\"widget\" data-widget_type=\"text-editor.default\">\n\t\t\t\t<div class=\"elementor-widget-container\">\n\t\t\t\t\t\t\t\t\t<p>Zeigen Sie jemandem, dass Ihnen etwas an ihm liegt, indem Sie ihm ein wenig Ruhe und Entspannung vom hektischen Alltag schenken!<\/p>\n<p>Wir alle brauchen von Zeit zu Zeit eine Pause. Unsere Geschenkgutscheine k\u00f6nnen in unserem <a href=\"https:\/\/odonnabhain-kenmare.com\/kenmare-restaurant\/\">Restaurant<\/a> oder f\u00fcr einen Aufenthalt in unserer <a href=\"https:\/\/odonnabhain-kenmare.com\/our-rooms-2\/\">Townhouse-Unterkunft<\/a> eingel\u00f6st werden. Ob zu Weihnachten, zum Jahrestag, zum Geburtstag oder zur Hochzeit, die Geschenkgutscheine von O\u2019Donnabhain sind das perfekte Geschenk.<\/p>\n\t\t\t\t\t\t\t\t<\/div>\n\t\t\t\t<\/div>\n\t\t\t\t\t<\/div>\n\t\t<\/div>\n\t\t\t\t\t<\/div>\n\t\t<\/section>\n\t\t\t\t\t<\/div>\n\t\t<\/div>\n\t\t\t\t\t<\/div>\n\t\t<\/section>\n\t\t\t\t<section class=\"elementor-section elementor-top-section elementor-element elementor-element-0058b3e elementor-section-boxed elementor-section-height-default elementor-section-height-default elementor-invisible\" data-id=\"0058b3e\" data-element_type=\"section\" data-e-type=\"section\" data-settings=\"{&quot;animation&quot;:&quot;fadeIn&quot;}\">\n\t\t\t\t\t\t<div class=\"elementor-container elementor-column-gap-default\">\n\t\t\t\t\t<div class=\"elementor-column elementor-col-100 elementor-top-column elementor-element elementor-element-11e8b5b\" data-id=\"11e8b5b\" data-element_type=\"column\" data-e-type=\"column\">\n\t\t\t<div class=\"elementor-widget-wrap elementor-element-populated\">\n\t\t\t\t\t\t<section class=\"elementor-section elementor-inner-section elementor-element elementor-element-417a5a1 elementor-section-boxed elementor-section-height-default elementor-section-height-default\" data-id=\"417a5a1\" data-element_type=\"section\" data-e-type=\"section\">\n\t\t\t\t\t\t<div class=\"elementor-container elementor-column-gap-default\">\n\t\t\t\t\t<div class=\"elementor-column elementor-col-50 elementor-inner-column elementor-element elementor-element-dfeb43d\" data-id=\"dfeb43d\" data-element_type=\"column\" data-e-type=\"column\">\n\t\t\t<div class=\"elementor-widget-wrap elementor-element-populated\">\n\t\t\t\t\t\t<div class=\"elementor-element elementor-element-a890382 elementor-widget elementor-widget-text-editor\" data-id=\"a890382\" data-element_type=\"widget\" data-e-type=\"widget\" data-widget_type=\"text-editor.default\">\n\t\t\t\t<div class=\"elementor-widget-container\">\n\t\t\t\t\t\t\t\t\t<p>Kaufen Sie Geschenkgutscheine im Wert von 50 \u20ac, 100 \u20ac oder einem Betrag Ihrer Wahl und zahlen Sie sicher mit Ihrer Kredit-\/Debitkarte, Apple Pay oder Google Pay. Sie erhalten von uns per E-Mail eine Quittung f\u00fcr Ihren Einkauf und eine Kopie Ihres Gutscheins.<\/p>\n<p>Sie k\u00f6nnen Ihren Geschenkgutschein sofort ansehen, ausdrucken und herunterladen. Der Gutschein kann auch direkt per E-Mail an den Empf\u00e4nger gesendet werden.<\/p>\n<p>Wer sagt denn, dass es schwierig ist, das perfekte Geschenk zu finden!<\/p>\n\t\t\t\t\t\t\t\t<\/div>\n\t\t\t\t<\/div>\n\t\t\t\t\t<\/div>\n\t\t<\/div>\n\t\t\t\t<div class=\"elementor-column elementor-col-50 elementor-inner-column elementor-element elementor-element-dfae1d8\" data-id=\"dfae1d8\" data-element_type=\"column\" data-e-type=\"column\">\n\t\t\t<div class=\"elementor-widget-wrap elementor-element-populated\">\n\t\t\t\t\t\t<div class=\"elementor-element elementor-element-cf5b072 elementor-widget elementor-widget-shortcode\" data-id=\"cf5b072\" data-element_type=\"widget\" data-e-type=\"widget\" data-widget_type=\"shortcode.default\">\n\t\t\t\t<div class=\"elementor-widget-container\">\n\t\t\t\t\t\t\t<div class=\"elementor-shortcode\"><div class=\"gift-up-target\" \r\n            data-site-id=\"99701fe9-a9a9-4f9b-8d1d-9fe7319964f7\" \r\n            data-domain=\"\"\r\n            data-product-id=\"\"\r\n            data-group-id=\"\"\r\n            data-payment-methods=\"\"\r\n            data-language=\"\"\r\n            data-purchaser-name=\"\"\r\n            data-purchaser-email=\"\"\r\n            data-recipient-name=\"\"\r\n            data-recipient-email=\"\"\r\n            data-step=\"\"\r\n            data-who-for=\"\"\r\n            data-promo-code=\"\"\r\n            data-hide-artwork=\"\"\r\n            data-hide-groups=\"\"\r\n            data-hide-ungrouped-items=\"\"\r\n            data-hide-custom-value=\"\"\r\n            data-custom-value-amount=\"\"\r\n            data-referrer=\"\"\r\n            data-platform=\"Wordpress\"\r\n        ><\/div>\r\n        <script type=\"text\/javascript\">\r\n        (function (g, i, f, t, u, p, s) {\r\n            g[u] = g[u] || function() { (g[u].q = g[u].q || []).push(arguments) };\r\n            p = i.createElement(f);\r\n            p.async = 1;\r\n            p.src = t;\r\n            s = i.getElementsByTagName(f)[0];\r\n            s.parentNode.insertBefore(p, s);\r\n        })(window, document, 'script', 'https:\/\/cdn.giftup.app\/dist\/gift-up.js', 'giftup');\r\n        <\/script><\/div>\n\t\t\t\t\t\t<\/div>\n\t\t\t\t<\/div>\n\t\t\t\t\t<\/div>\n\t\t<\/div>\n\t\t\t\t\t<\/div>\n\t\t<\/section>\n\t\t\t\t\t<\/div>\n\t\t<\/div>\n\t\t\t\t\t<\/div>\n\t\t<\/section>\n\t\t\t\t<\/div>\n\t\t","protected":false},"excerpt":{"rendered":"<p>GESCHENKGUBSCHEINE Zeigen Sie jemandem, dass Ihnen etwas an ihm liegt, indem Sie ihm ein wenig Ruhe und Entspannung vom hektischen Alltag schenken! Wir alle brauchen von Zeit zu Zeit eine Pause. Unsere Geschenkgutscheine k\u00f6nnen in unserem Restaurant oder f\u00fcr einen Aufenthalt in unserer Townhouse-Unterkunft eingel\u00f6st werden. Ob zu Weihnachten, zum Jahrestag, zum Geburtstag oder zur [&hellip;]<\/p>\n","protected":false},"author":1,"featured_media":0,"parent":0,"menu_order":0,"comment_status":"closed","ping_status":"closed","template":"elementor_header_footer","meta":{"_acf_changed":false,"_monsterinsights_skip_tracking":false,"_monsterinsights_sitenote_active":false,"_monsterinsights_sitenote_note":"","_monsterinsights_sitenote_category":0,"_uf_show_specific_survey":0,"_uf_disable_surveys":false,"footnotes":""},"class_list":["post-5626","page","type-page","status-publish","hentry"],"acf":[],"aioseo_notices":[],"_links":{"self":[{"href":"https:\/\/odonnabhain-kenmare.com\/de\/wp-json\/wp\/v2\/pages\/5626","targetHints":{"allow":["GET"]}}],"collection":[{"href":"https:\/\/odonnabhain-kenmare.com\/de\/wp-json\/wp\/v2\/pages"}],"about":[{"href":"https:\/\/odonnabhain-kenmare.com\/de\/wp-json\/wp\/v2\/types\/page"}],"author":[{"embeddable":true,"href":"https:\/\/odonnabhain-kenmare.com\/de\/wp-json\/wp\/v2\/users\/1"}],"replies":[{"embeddable":true,"href":"https:\/\/odonnabhain-kenmare.com\/de\/wp-json\/wp\/v2\/comments?post=5626"}],"version-history":[{"count":3,"href":"https:\/\/odonnabhain-kenmare.com\/de\/wp-json\/wp\/v2\/pages\/5626\/revisions"}],"predecessor-version":[{"id":6186,"href":"https:\/\/odonnabhain-kenmare.com\/de\/wp-json\/wp\/v2\/pages\/5626\/revisions\/6186"}],"wp:attachment":[{"href":"https:\/\/odonnabhain-kenmare.com\/de\/wp-json\/wp\/v2\/media?parent=5626"}],"curies":[{"name":"wp","href":"https:\/\/api.w.org\/{rel}","templated":true}]}}