{"id":5557,"date":"2023-03-30T07:33:04","date_gmt":"2023-03-30T07:33:04","guid":{"rendered":"https:\/\/odonnabhain-kenmare.com\/kenmare-zum-mitnehmen\/"},"modified":"2023-04-24T09:42:01","modified_gmt":"2023-04-24T09:42:01","slug":"kenmare-zum-mitnehmen","status":"publish","type":"page","link":"https:\/\/odonnabhain-kenmare.com\/de\/kenmare-zum-mitnehmen\/","title":{"rendered":"Kenmare zum Mitnehmen"},"content":{"rendered":"\t\t<div data-elementor-type=\"wp-page\" data-elementor-id=\"5557\" class=\"elementor elementor-5557 elementor-2997\" data-elementor-post-type=\"page\">\n\t\t\t\t\t\t<section class=\"elementor-section elementor-top-section elementor-element elementor-element-4a83b816 elementor-section-full_width elementor-section-stretched elementor-section-height-default elementor-section-height-default elementor-invisible\" data-id=\"4a83b816\" data-element_type=\"section\" data-e-type=\"section\" data-settings=\"{&quot;stretch_section&quot;:&quot;section-stretched&quot;,&quot;background_background&quot;:&quot;classic&quot;,&quot;animation&quot;:&quot;fadeIn&quot;}\">\n\t\t\t\t\t\t\t<div class=\"elementor-background-overlay\"><\/div>\n\t\t\t\t\t\t\t<div class=\"elementor-container elementor-column-gap-default\">\n\t\t\t\t\t<div class=\"elementor-column elementor-col-100 elementor-top-column elementor-element elementor-element-7b86fdf6 elementor-invisible\" data-id=\"7b86fdf6\" data-element_type=\"column\" data-e-type=\"column\" data-settings=\"{&quot;animation&quot;:&quot;fadeIn&quot;}\">\n\t\t\t<div class=\"elementor-widget-wrap elementor-element-populated\">\n\t\t\t\t\t\t<div class=\"elementor-element elementor-element-3d044f00 elementor-widget elementor-widget-heading\" data-id=\"3d044f00\" data-element_type=\"widget\" data-e-type=\"widget\" data-widget_type=\"heading.default\">\n\t\t\t\t<div class=\"elementor-widget-container\">\n\t\t\t\t\t<h2 class=\"elementor-heading-title elementor-size-default\">BESTELLUNG ZUM MITNEHMEN  <\/h2>\t\t\t\t<\/div>\n\t\t\t\t<\/div>\n\t\t\t\t\t<\/div>\n\t\t<\/div>\n\t\t\t\t\t<\/div>\n\t\t<\/section>\n\t\t\t\t<section class=\"elementor-section elementor-inner-section elementor-element elementor-element-2130b5e0 elementor-section-full_width elementor-section-height-default elementor-section-height-default\" data-id=\"2130b5e0\" data-element_type=\"section\" data-e-type=\"section\">\n\t\t\t\t\t\t<div class=\"elementor-container elementor-column-gap-no\">\n\t\t\t\t\t<div class=\"elementor-column elementor-col-100 elementor-inner-column elementor-element elementor-element-6b0643f3\" data-id=\"6b0643f3\" data-element_type=\"column\" data-e-type=\"column\">\n\t\t\t<div class=\"elementor-widget-wrap elementor-element-populated\">\n\t\t\t\t\t\t<div class=\"elementor-element elementor-element-12813032 elementor-widget elementor-widget-text-editor\" data-id=\"12813032\" data-element_type=\"widget\" data-e-type=\"widget\" data-widget_type=\"text-editor.default\">\n\t\t\t\t<div class=\"elementor-widget-container\">\n\t\t\t\t\t\t\t\t\t<h2 style=\"text-align: left;\">LEBENSMITTEL ZUR ABHOLUNG BESTELLEN<\/h2>\n<p style=\"text-align: left;\">Bestellen Sie Ihre Lieblingsgerichte bei O\u2019Donnabhains, um sie zu Hause, beim Picknick am Pier oder an einem anderen Ort mit Blick auf die Kenmare Bay oder in der Umgebung von Kenmare Town zu essen.<\/p>\n<p style=\"text-align: left;\">Bestellen Sie einfach online, w\u00e4hlen Sie den Zeitpunkt, zu dem Sie Ihr Essen w\u00fcnschen, und Sie k\u00f6nnen es am Schalter abholen oder wir bringen es Ihnen bei Ihrer Ankunft ins Auto.<\/p>\n\t\t\t\t\t\t\t\t<\/div>\n\t\t\t\t<\/div>\n\t\t\t\t\t<\/div>\n\t\t<\/div>\n\t\t\t\t\t<\/div>\n\t\t<\/section>\n\t\t\t\t<section class=\"elementor-section elementor-top-section elementor-element elementor-element-530afc9 elementor-section-boxed elementor-section-height-default elementor-section-height-default\" data-id=\"530afc9\" data-element_type=\"section\" data-e-type=\"section\">\n\t\t\t\t\t\t<div class=\"elementor-container elementor-column-gap-default\">\n\t\t\t\t\t<div class=\"elementor-column elementor-col-100 elementor-top-column elementor-element elementor-element-a754d02\" data-id=\"a754d02\" data-element_type=\"column\" data-e-type=\"column\">\n\t\t\t<div class=\"elementor-widget-wrap elementor-element-populated\">\n\t\t\t\t\t\t<div class=\"elementor-element elementor-element-9f6ba2e elementor-widget elementor-widget-shortcode\" data-id=\"9f6ba2e\" data-element_type=\"widget\" data-e-type=\"widget\" data-widget_type=\"shortcode.default\">\n\t\t\t\t<div class=\"elementor-widget-container\">\n\t\t\t\t\t\t\t<div class=\"elementor-shortcode\">\n<!-- iframe plugin v.6.0 wordpress.org\/plugins\/iframe\/ -->\n<iframe src=\"https:\/\/www.foodbooking.com\/ordering\/restaurant\/menu?restaurant_uid=5dae3a17-a253-494a-b99f-ca483621ee5c\" width=\"100%\" height=\"1200\" scrolling=\"yes\" class=\"iframe-class\" frameborder=\"0\"><\/iframe>\n<\/div>\n\t\t\t\t\t\t<\/div>\n\t\t\t\t<\/div>\n\t\t\t\t\t<\/div>\n\t\t<\/div>\n\t\t\t\t\t<\/div>\n\t\t<\/section>\n\t\t\t\t<section class=\"elementor-section elementor-inner-section elementor-element elementor-element-93eb071 elementor-section-full_width elementor-section-height-default elementor-section-height-default\" data-id=\"93eb071\" data-element_type=\"section\" data-e-type=\"section\">\n\t\t\t\t\t\t<div class=\"elementor-container elementor-column-gap-no\">\n\t\t\t\t\t<div class=\"elementor-column elementor-col-100 elementor-inner-column elementor-element elementor-element-422e74c5\" data-id=\"422e74c5\" data-element_type=\"column\" data-e-type=\"column\">\n\t\t\t<div class=\"elementor-widget-wrap elementor-element-populated\">\n\t\t\t\t\t\t<div class=\"elementor-element elementor-element-4b44000 elementor-widget elementor-widget-text-editor\" data-id=\"4b44000\" data-element_type=\"widget\" data-e-type=\"widget\" data-widget_type=\"text-editor.default\">\n\t\t\t\t<div class=\"elementor-widget-container\">\n\t\t\t\t\t\t\t\t\t<h2 style=\"text-align: left;\">KENMARE SAUBER HALTEN<\/h2>\n<p style=\"text-align: left;\">Wir sind \u00e4u\u00dferst umweltbewusst. Wir haben, soweit m\u00f6glich, vollst\u00e4ndig recycelbare, auslaufsichere Pappbeh\u00e4lter und braune Papiert\u00fcten f\u00fcr unsere Lebensmittel gew\u00e4hlt. Wenn Sie im Freien essen, entsorgen Sie Ihren Abfall bitte ordnungsgem\u00e4\u00df oder bringen Sie ihn zu uns zur\u00fcck, damit wir ihn f\u00fcr Sie entsorgen k\u00f6nnen.<\/p>\n\t\t\t\t\t\t\t\t<\/div>\n\t\t\t\t<\/div>\n\t\t\t\t\t<\/div>\n\t\t<\/div>\n\t\t\t\t\t<\/div>\n\t\t<\/section>\n\t\t\t\t<\/div>\n\t\t","protected":false},"excerpt":{"rendered":"<p>BESTELLUNG ZUM MITNEHMEN LEBENSMITTEL ZUR ABHOLUNG BESTELLEN Bestellen Sie Ihre Lieblingsgerichte bei O\u2019Donnabhains, um sie zu Hause, beim Picknick am Pier oder an einem anderen Ort mit Blick auf die Kenmare Bay oder in der Umgebung von Kenmare Town zu essen. Bestellen Sie einfach online, w\u00e4hlen Sie den Zeitpunkt, zu dem Sie Ihr Essen w\u00fcnschen, [&hellip;]<\/p>\n","protected":false},"author":1,"featured_media":0,"parent":0,"menu_order":0,"comment_status":"closed","ping_status":"closed","template":"elementor_header_footer","meta":{"_acf_changed":false,"_monsterinsights_skip_tracking":false,"_monsterinsights_sitenote_active":false,"_monsterinsights_sitenote_note":"","_monsterinsights_sitenote_category":0,"_uf_show_specific_survey":0,"_uf_disable_surveys":false,"footnotes":""},"class_list":["post-5557","page","type-page","status-publish","hentry"],"acf":[],"aioseo_notices":[],"_links":{"self":[{"href":"https:\/\/odonnabhain-kenmare.com\/de\/wp-json\/wp\/v2\/pages\/5557","targetHints":{"allow":["GET"]}}],"collection":[{"href":"https:\/\/odonnabhain-kenmare.com\/de\/wp-json\/wp\/v2\/pages"}],"about":[{"href":"https:\/\/odonnabhain-kenmare.com\/de\/wp-json\/wp\/v2\/types\/page"}],"author":[{"embeddable":true,"href":"https:\/\/odonnabhain-kenmare.com\/de\/wp-json\/wp\/v2\/users\/1"}],"replies":[{"embeddable":true,"href":"https:\/\/odonnabhain-kenmare.com\/de\/wp-json\/wp\/v2\/comments?post=5557"}],"version-history":[{"count":2,"href":"https:\/\/odonnabhain-kenmare.com\/de\/wp-json\/wp\/v2\/pages\/5557\/revisions"}],"predecessor-version":[{"id":6199,"href":"https:\/\/odonnabhain-kenmare.com\/de\/wp-json\/wp\/v2\/pages\/5557\/revisions\/6199"}],"wp:attachment":[{"href":"https:\/\/odonnabhain-kenmare.com\/de\/wp-json\/wp\/v2\/media?parent=5557"}],"curies":[{"name":"wp","href":"https:\/\/api.w.org\/{rel}","templated":true}]}}